{"id":2004,"date":"2019-12-03T14:49:59","date_gmt":"2019-12-03T14:49:59","guid":{"rendered":"http:\/\/www.anresis.ch\/about-us\/history\/"},"modified":"2023-10-25T13:22:28","modified_gmt":"2023-10-25T13:22:28","slug":"storia","status":"publish","type":"page","link":"https:\/\/www.anresis.ch\/it\/chi-siamo\/storia\/","title":{"rendered":"Storia"},"content":{"rendered":"\t<div class=\"section clip-top-1\">\r\n        <div class=\"wrapper\">\r\n            <div class=\"intro\">\r\n                <div class=\"intro-txt\">\r\n                \t<h2><span class=\"bold\">ANRESIS<\/span> \u00e8 stato sviluppato tra il 2000 e il 2004 nell&#8217;ambito del Programma nazionale di ricerca 49 &#8220;Resistenza agli antibiotici&#8221; del Fondo nazionale svizzero per la ricerca scientifica. Dal 2004 \u00e8 stata integrata la banca dati sul consumo di antibiotici. A partire dal 2012 sono stati inoltre integrati dati sulla resistenza veterinaria e in pi\u00f9, dal 2016, dati sulle infezioni umane da clostridium difficile. L&#8217;applicazione infect.info &#8211; App 2018 ha notevolmente semplificato l&#8217;accessibilit\u00e0 ai dati ANRESIS da dispositivi mobili (ora <a href=\"https:\/\/guide.anresis.ch\/\">ANRESIS-guide<\/a>).<\/h2>\n<p>&nbsp;<\/p>\n<h2>ANRESIS ha ricevuto il sostegno del Fondo nazionale svizzero fino alla fine del 2007 e, successivamente, dell&#8217;Ufficio federale della sanit\u00e0 pubblica, della Conferenza dei direttori della sanit\u00e0 e dell&#8217;Universit\u00e0 di Berna.\u00a0Dal 2016 ANRESIS \u00e8 patrocinato dall&#8217;UFSP, in collaborazione con l&#8217;Istituto per le malattie infettive (IFIK) dell&#8217;Universit\u00e0 di Berna, che gestisce ANRESIS per conto dell&#8217;UFSP.<\/h2>\n<p>&nbsp;<\/p>\n                <\/div>\r\n            <\/div>\r\n        <\/div>\r\n    <\/div>\r\n\n\n\t<div class=\"section dark-grey\">\r\n\t    <div class=\"wrapper\">\r\n\t        <div class=\"teaser\">\r\n\t        \t\t        \t\t<div class=\"teaser-img\">\r\n\t\t\t\t\t\t<img decoding=\"async\" src=\"https:\/\/www.anresis.ch\/wp-content\/uploads\/2023\/10\/anresis_guide_logo_cmyk_weiss.svg\" alt=\"\" \/>\r\n\t        \t\t<\/div>\r\n\t        \t\t        \t\t        \t\t<div class=\"teaser-text\">\r\n\t        \t\t\t\t        \t\t\t\t<h2 class=\"headline\">ANRESIS-guide<\/h2>\r\n\t        \t\t\t\t\t                \t\t                \t<p class=\"teaser\">ANRESIS-guide offre ai professionisti un accesso intuitivo ai dati attuali sulla resistenza e alle direttive di trattamento.<\/p>\r\n\t\t                \t\t                \t\t\t\t\t\t\t\t\t\t\t\t\t\t\t\t\t<a class=\"button reverse-btn\" href=\"https:\/\/guide.anresis.ch\/\" target=\"_blank\">Visit ANRESIS-guide<\/a>\r\n\t\t\t\t\t\t\t\t\t\t\t\t\t\t\t\t            <\/div>\r\n\t        \t\t        <\/div>\r\n\t    <\/div>\r\n\t<\/div>\r\n\n\n\t<div class=\"section light-blue org\">\r\n\t\t<div class=\"wrapper\">\r\n\t\t\t\t\t\t\t\t\t<h3 class=\"text-align-center\">ANRESIS riceve il sostegno delle seguenti organizzazioni<\/h3>\r\n\t\t\t\t\t\t\t\t\t\t\t<div class=\"logo-wrapper\">\r\n\t\t\t\t\t\t\t\t\t\t\t\t\t\t\t\t\t\t<div class=\"logo\">\r\n\t\t\t\t\t\t\t\t<a target=\"_blank\" href=\"http:\/\/www.bag.admin.ch\/\" ><img loading=\"lazy\" decoding=\"async\" width=\"250\" height=\"100\" src=\"https:\/\/www.anresis.ch\/wp-content\/uploads\/2019\/12\/b-BAG.jpg\" class=\"attachment-medium size-medium\" alt=\"\" \/><\/a>\r\n\t\t\t\t\t\t\t<\/div>\r\n\t\t\t\t\t\t\t\t\t\t\t\t\t\t\t\t\t\t\t\t\t\t\t\t<div class=\"logo\">\r\n\t\t\t\t\t\t\t\t<a target=\"_blank\" href=\"http:\/\/www.bvet.admin.ch\/\" ><img loading=\"lazy\" decoding=\"async\" width=\"250\" height=\"100\" src=\"https:\/\/www.anresis.ch\/wp-content\/uploads\/2019\/12\/b-BAG-v.jpg\" class=\"attachment-medium size-medium\" alt=\"\" \/><\/a>\r\n\t\t\t\t\t\t\t<\/div>\r\n\t\t\t\t\t\t\t\t\t\t\t\t\t\t\t\t\t\t\t\t\t\t\t\t<div class=\"logo\">\r\n\t\t\t\t\t\t\t\t<a target=\"_blank\" href=\"https:\/\/www.gsasa.ch\/de\/home\/?oid=55&#038;lang=de\" ><img loading=\"lazy\" decoding=\"async\" width=\"250\" height=\"100\" src=\"https:\/\/www.anresis.ch\/wp-content\/uploads\/2019\/12\/b-GSASA.jpg\" class=\"attachment-medium size-medium\" alt=\"\" \/><\/a>\r\n\t\t\t\t\t\t\t<\/div>\r\n\t\t\t\t\t\t\t\t\t\t\t\t\t\t\t\t\t\t\t\t\t\t\t\t<div class=\"logo\">\r\n\t\t\t\t\t\t\t\t<a target=\"_blank\" href=\"https:\/\/www.nara-antibiotic-resistance.ch\/\" ><img loading=\"lazy\" decoding=\"async\" width=\"250\" height=\"100\" src=\"https:\/\/www.anresis.ch\/wp-content\/uploads\/2019\/12\/b-nara.jpg\" class=\"attachment-medium size-medium\" alt=\"\" \/><\/a>\r\n\t\t\t\t\t\t\t<\/div>\r\n\t\t\t\t\t\t\t\t\t\t\t\t\t\t\t\t\t\t\t\t\t\t\t\t<div class=\"logo\">\r\n\t\t\t\t\t\t\t\t<a target=\"_blank\" href=\"http:\/\/www.pharmasuisse.org\/\" ><img loading=\"lazy\" decoding=\"async\" width=\"250\" height=\"100\" src=\"https:\/\/www.anresis.ch\/wp-content\/uploads\/2019\/12\/b-pharmaS.jpg\" class=\"attachment-medium size-medium\" alt=\"\" \/><\/a>\r\n\t\t\t\t\t\t\t<\/div>\r\n\t\t\t\t\t\t\t\t\t\t\t\t\t\t\t\t\t\t\t\t\t\t\t\t<div class=\"logo\">\r\n\t\t\t\t\t\t\t\t<a target=\"_blank\" href=\"http:\/\/www.swissmicrobiology.ch\/\" ><img loading=\"lazy\" decoding=\"async\" width=\"250\" height=\"100\" src=\"https:\/\/www.anresis.ch\/wp-content\/uploads\/2019\/12\/b-sgm.jpg\" class=\"attachment-medium size-medium\" alt=\"\" \/><\/a>\r\n\t\t\t\t\t\t\t<\/div>\r\n\t\t\t\t\t\t\t\t\t\t\t\t\t\t\t\t\t\t\t\t\t\t\t\t<div class=\"logo\">\r\n\t\t\t\t\t\t\t\t<a target=\"_blank\" href=\"http:\/\/www.sginf.ch\/\" ><img loading=\"lazy\" decoding=\"async\" width=\"250\" height=\"100\" src=\"https:\/\/www.anresis.ch\/wp-content\/uploads\/2019\/12\/b-sgi.jpg\" class=\"attachment-medium size-medium\" alt=\"\" \/><\/a>\r\n\t\t\t\t\t\t\t<\/div>\r\n\t\t\t\t\t\t\t\t\t\t\t\t\t\t\t\t\t\t\t\t\t\t\t\t<div class=\"logo\">\r\n\t\t\t\t\t\t\t\t<a target=\"_blank\" href=\"https:\/\/www.sgsh.ch\/startseite.html\" ><img loading=\"lazy\" decoding=\"async\" width=\"250\" height=\"100\" src=\"https:\/\/www.anresis.ch\/wp-content\/uploads\/2019\/12\/b-SGS.jpg\" class=\"attachment-medium size-medium\" alt=\"\" \/><\/a>\r\n\t\t\t\t\t\t\t<\/div>\r\n\t\t\t\t\t\t\t\t\t\t\t\t\t\t\t\t\t\t\t\t\t\t\t\t<div class=\"logo\">\r\n\t\t\t\t\t\t\t\t<a target=\"_blank\" href=\"http:\/\/www.swissnoso.ch\/\" ><img loading=\"lazy\" decoding=\"async\" width=\"250\" height=\"100\" src=\"https:\/\/www.anresis.ch\/wp-content\/uploads\/2019\/12\/b-snoso.jpg\" class=\"attachment-medium size-medium\" alt=\"\" \/><\/a>\r\n\t\t\t\t\t\t\t<\/div>\r\n\t\t\t\t\t\t\t\t\t\t\t\t\t\t\t\t\t\t\t\t\t\t\t\t<div class=\"logo\">\r\n\t\t\t\t\t\t\t\t<a target=\"_blank\" href=\"https:\/\/www.blv.admin.ch\/blv\/de\/home\/tiere\/tierarzneimittel\/antibiotika\/nationale-strategie-antibiotikaresistenzen--star--.html\" ><img loading=\"lazy\" decoding=\"async\" width=\"250\" height=\"100\" src=\"https:\/\/www.anresis.ch\/wp-content\/uploads\/2019\/12\/b-star.jpg\" class=\"attachment-medium size-medium\" alt=\"\" \/><\/a>\r\n\t\t\t\t\t\t\t<\/div>\r\n\t\t\t\t\t\t\t\t\t\t\t\t\t\t\t\t\t\t\t\t\t\t\t\t<div class=\"logo\">\r\n\t\t\t\t\t\t\t\t<a target=\"_blank\" href=\"http:\/\/www.unibe.ch\/\" ><img loading=\"lazy\" decoding=\"async\" width=\"250\" height=\"100\" src=\"https:\/\/www.anresis.ch\/wp-content\/uploads\/2019\/12\/b-uni-bern.jpg\" class=\"attachment-medium size-medium\" alt=\"\" \/><\/a>\r\n\t\t\t\t\t\t\t<\/div>\r\n\t\t\t\t\t\t\t\t\t\t\t\t\t\t\t<\/div>\r\n\t\t\t\t\t<\/div>\r\n\t<\/div>\r\n","protected":false},"excerpt":{"rendered":"","protected":false},"author":11,"featured_media":1521,"parent":1979,"menu_order":5,"comment_status":"closed","ping_status":"closed","template":"","meta":{"_acf_changed":false,"inline_featured_image":false,"footnotes":""},"class_list":["post-2004","page","type-page","status-publish","has-post-thumbnail","hentry"],"acf":[],"yoast_head":"<!-- This site is optimized with the Yoast SEO plugin v26.7 - https:\/\/yoast.com\/wordpress\/plugins\/seo\/ -->\n<title>Storia - ANRESIS<\/title>\n<meta name=\"robots\" content=\"index, follow, max-snippet:-1, max-image-preview:large, max-video-preview:-1\" \/>\n<link rel=\"canonical\" href=\"https:\/\/www.anresis.ch\/it\/chi-siamo\/storia\/\" \/>\n<meta property=\"og:locale\" content=\"it_IT\" \/>\n<meta property=\"og:type\" content=\"article\" \/>\n<meta property=\"og:title\" content=\"Storia - ANRESIS\" \/>\n<meta property=\"og:url\" content=\"https:\/\/www.anresis.ch\/it\/chi-siamo\/storia\/\" \/>\n<meta property=\"og:site_name\" content=\"ANRESIS\" \/>\n<meta property=\"article:modified_time\" content=\"2023-10-25T13:22:28+00:00\" \/>\n<meta name=\"twitter:card\" content=\"summary_large_image\" \/>\n<script type=\"application\/ld+json\" class=\"yoast-schema-graph\">{\"@context\":\"https:\/\/schema.org\",\"@graph\":[{\"@type\":\"WebPage\",\"@id\":\"https:\/\/www.anresis.ch\/it\/chi-siamo\/storia\/\",\"url\":\"https:\/\/www.anresis.ch\/it\/chi-siamo\/storia\/\",\"name\":\"Storia - ANRESIS\",\"isPartOf\":{\"@id\":\"https:\/\/www.anresis.ch\/#website\"},\"primaryImageOfPage\":{\"@id\":\"https:\/\/www.anresis.ch\/it\/chi-siamo\/storia\/#primaryimage\"},\"image\":{\"@id\":\"https:\/\/www.anresis.ch\/it\/chi-siamo\/storia\/#primaryimage\"},\"thumbnailUrl\":\"https:\/\/www.anresis.ch\/wp-content\/uploads\/2019\/12\/3-2.svg\",\"datePublished\":\"2019-12-03T14:49:59+00:00\",\"dateModified\":\"2023-10-25T13:22:28+00:00\",\"breadcrumb\":{\"@id\":\"https:\/\/www.anresis.ch\/it\/chi-siamo\/storia\/#breadcrumb\"},\"inLanguage\":\"it-IT\",\"potentialAction\":[{\"@type\":\"ReadAction\",\"target\":[\"https:\/\/www.anresis.ch\/it\/chi-siamo\/storia\/\"]}]},{\"@type\":\"ImageObject\",\"inLanguage\":\"it-IT\",\"@id\":\"https:\/\/www.anresis.ch\/it\/chi-siamo\/storia\/#primaryimage\",\"url\":\"https:\/\/www.anresis.ch\/wp-content\/uploads\/2019\/12\/3-2.svg\",\"contentUrl\":\"https:\/\/www.anresis.ch\/wp-content\/uploads\/2019\/12\/3-2.svg\"},{\"@type\":\"BreadcrumbList\",\"@id\":\"https:\/\/www.anresis.ch\/it\/chi-siamo\/storia\/#breadcrumb\",\"itemListElement\":[{\"@type\":\"ListItem\",\"position\":1,\"name\":\"Home\",\"item\":\"https:\/\/www.anresis.ch\/it\/\"},{\"@type\":\"ListItem\",\"position\":2,\"name\":\"Chi siamo\",\"item\":\"https:\/\/www.anresis.ch\/it\/chi-siamo\/\"},{\"@type\":\"ListItem\",\"position\":3,\"name\":\"Storia\"}]},{\"@type\":\"WebSite\",\"@id\":\"https:\/\/www.anresis.ch\/#website\",\"url\":\"https:\/\/www.anresis.ch\/\",\"name\":\"ANRESIS\",\"description\":\"Swiss Centre for Antibiotic Resistance\",\"publisher\":{\"@id\":\"https:\/\/www.anresis.ch\/#organization\"},\"potentialAction\":[{\"@type\":\"SearchAction\",\"target\":{\"@type\":\"EntryPoint\",\"urlTemplate\":\"https:\/\/www.anresis.ch\/?s={search_term_string}\"},\"query-input\":{\"@type\":\"PropertyValueSpecification\",\"valueRequired\":true,\"valueName\":\"search_term_string\"}}],\"inLanguage\":\"it-IT\"},{\"@type\":\"Organization\",\"@id\":\"https:\/\/www.anresis.ch\/#organization\",\"name\":\"ANRESIS\",\"url\":\"https:\/\/www.anresis.ch\/\",\"logo\":{\"@type\":\"ImageObject\",\"inLanguage\":\"it-IT\",\"@id\":\"https:\/\/www.anresis.ch\/#\/schema\/logo\/image\/\",\"url\":\"https:\/\/www.anresis.ch\/wp-content\/uploads\/2019\/12\/anresis_logo.svg\",\"contentUrl\":\"https:\/\/www.anresis.ch\/wp-content\/uploads\/2019\/12\/anresis_logo.svg\",\"caption\":\"ANRESIS\"},\"image\":{\"@id\":\"https:\/\/www.anresis.ch\/#\/schema\/logo\/image\/\"}}]}<\/script>\n<!-- \/ Yoast SEO plugin. -->","yoast_head_json":{"title":"Storia - ANRESIS","robots":{"index":"index","follow":"follow","max-snippet":"max-snippet:-1","max-image-preview":"max-image-preview:large","max-video-preview":"max-video-preview:-1"},"canonical":"https:\/\/www.anresis.ch\/it\/chi-siamo\/storia\/","og_locale":"it_IT","og_type":"article","og_title":"Storia - ANRESIS","og_url":"https:\/\/www.anresis.ch\/it\/chi-siamo\/storia\/","og_site_name":"ANRESIS","article_modified_time":"2023-10-25T13:22:28+00:00","twitter_card":"summary_large_image","schema":{"@context":"https:\/\/schema.org","@graph":[{"@type":"WebPage","@id":"https:\/\/www.anresis.ch\/it\/chi-siamo\/storia\/","url":"https:\/\/www.anresis.ch\/it\/chi-siamo\/storia\/","name":"Storia - ANRESIS","isPartOf":{"@id":"https:\/\/www.anresis.ch\/#website"},"primaryImageOfPage":{"@id":"https:\/\/www.anresis.ch\/it\/chi-siamo\/storia\/#primaryimage"},"image":{"@id":"https:\/\/www.anresis.ch\/it\/chi-siamo\/storia\/#primaryimage"},"thumbnailUrl":"https:\/\/www.anresis.ch\/wp-content\/uploads\/2019\/12\/3-2.svg","datePublished":"2019-12-03T14:49:59+00:00","dateModified":"2023-10-25T13:22:28+00:00","breadcrumb":{"@id":"https:\/\/www.anresis.ch\/it\/chi-siamo\/storia\/#breadcrumb"},"inLanguage":"it-IT","potentialAction":[{"@type":"ReadAction","target":["https:\/\/www.anresis.ch\/it\/chi-siamo\/storia\/"]}]},{"@type":"ImageObject","inLanguage":"it-IT","@id":"https:\/\/www.anresis.ch\/it\/chi-siamo\/storia\/#primaryimage","url":"https:\/\/www.anresis.ch\/wp-content\/uploads\/2019\/12\/3-2.svg","contentUrl":"https:\/\/www.anresis.ch\/wp-content\/uploads\/2019\/12\/3-2.svg"},{"@type":"BreadcrumbList","@id":"https:\/\/www.anresis.ch\/it\/chi-siamo\/storia\/#breadcrumb","itemListElement":[{"@type":"ListItem","position":1,"name":"Home","item":"https:\/\/www.anresis.ch\/it\/"},{"@type":"ListItem","position":2,"name":"Chi siamo","item":"https:\/\/www.anresis.ch\/it\/chi-siamo\/"},{"@type":"ListItem","position":3,"name":"Storia"}]},{"@type":"WebSite","@id":"https:\/\/www.anresis.ch\/#website","url":"https:\/\/www.anresis.ch\/","name":"ANRESIS","description":"Swiss Centre for Antibiotic Resistance","publisher":{"@id":"https:\/\/www.anresis.ch\/#organization"},"potentialAction":[{"@type":"SearchAction","target":{"@type":"EntryPoint","urlTemplate":"https:\/\/www.anresis.ch\/?s={search_term_string}"},"query-input":{"@type":"PropertyValueSpecification","valueRequired":true,"valueName":"search_term_string"}}],"inLanguage":"it-IT"},{"@type":"Organization","@id":"https:\/\/www.anresis.ch\/#organization","name":"ANRESIS","url":"https:\/\/www.anresis.ch\/","logo":{"@type":"ImageObject","inLanguage":"it-IT","@id":"https:\/\/www.anresis.ch\/#\/schema\/logo\/image\/","url":"https:\/\/www.anresis.ch\/wp-content\/uploads\/2019\/12\/anresis_logo.svg","contentUrl":"https:\/\/www.anresis.ch\/wp-content\/uploads\/2019\/12\/anresis_logo.svg","caption":"ANRESIS"},"image":{"@id":"https:\/\/www.anresis.ch\/#\/schema\/logo\/image\/"}}]}},"_links":{"self":[{"href":"https:\/\/www.anresis.ch\/it\/wp-json\/wp\/v2\/pages\/2004","targetHints":{"allow":["GET"]}}],"collection":[{"href":"https:\/\/www.anresis.ch\/it\/wp-json\/wp\/v2\/pages"}],"about":[{"href":"https:\/\/www.anresis.ch\/it\/wp-json\/wp\/v2\/types\/page"}],"author":[{"embeddable":true,"href":"https:\/\/www.anresis.ch\/it\/wp-json\/wp\/v2\/users\/11"}],"replies":[{"embeddable":true,"href":"https:\/\/www.anresis.ch\/it\/wp-json\/wp\/v2\/comments?post=2004"}],"version-history":[{"count":23,"href":"https:\/\/www.anresis.ch\/it\/wp-json\/wp\/v2\/pages\/2004\/revisions"}],"predecessor-version":[{"id":10031,"href":"https:\/\/www.anresis.ch\/it\/wp-json\/wp\/v2\/pages\/2004\/revisions\/10031"}],"up":[{"embeddable":true,"href":"https:\/\/www.anresis.ch\/it\/wp-json\/wp\/v2\/pages\/1979"}],"wp:featuredmedia":[{"embeddable":true,"href":"https:\/\/www.anresis.ch\/it\/wp-json\/wp\/v2\/media\/1521"}],"wp:attachment":[{"href":"https:\/\/www.anresis.ch\/it\/wp-json\/wp\/v2\/media?parent=2004"}],"curies":[{"name":"wp","href":"https:\/\/api.w.org\/{rel}","templated":true}]}}