{"id":1827,"date":"2019-12-03T14:47:42","date_gmt":"2019-12-03T14:47:42","guid":{"rendered":"http:\/\/www.anresis.ch\/antibiotic-consumption\/links\/"},"modified":"2026-03-10T15:56:57","modified_gmt":"2026-03-10T15:56:57","slug":"links","status":"publish","type":"page","link":"https:\/\/www.anresis.ch\/fr\/consommation-des-antibiotiques\/links\/","title":{"rendered":"Liens"},"content":{"rendered":"\t<div class=\"section\">\r\n        <div class=\"wrapper\">\r\n            <div class=\"link-col-wrapper\">\r\n\t\t\t\t\t\t\t\t\t\t\t\t\t\t\t<div class=\"link-col\">\r\n\t\t\t\t\t\t\t\t\t\t\t\t\t\t\t\t<h2 class=\"headline\">National<\/h2>\r\n\t\t\t\t\t\t\t\t\t\t\t\t\t\t\t\t\t\t\t\t\t\t\t\t\t\t\t\t\t\t\t\t\t<div class=\"link-list nolabel\">\r\n\t\t\t\t\t\t\t\t\t\t\t\r\n\t\t\t\t\t\t\t\t\t\t\t\t\t\t\t\t\t\t\t\t\t\t\t\t\t<a href=\"https:\/\/swissnoso.ch\/fileadmin\/swissnoso\/Dokumente\/5_Forschung_und_Entwicklung\/3_Umsetzung_StAR\/StAR_3\/Handbook_Franzoesisch\/ASP_Handbook_F.pdf\" target=\"_blank\">\r\n\t\t\t\t\t\t\t\t\t\t\t\t\t\t<div class=\"lst-link\">\r\n\t\t\t\t\t                                        <span class=\"details\">Handbook antimicrobial stewardship (StAR-3- initaive)<\/span>\r\n\t\t\t\t\t                                    <\/div>\r\n\t\t\t\t\t\t\t\t\t\t\t\t\t<\/a>\r\n\t\t\t\t\t\t\t\t\t\t\t\t \t\t\t                                \t\t\t\t\t\t\t\t\t\t\t\r\n\t\t\t\t\t\t\t\t\t\t\t\t\t\t\t\t\t\t\t\t\t\t\t\t\t<a href=\"https:\/\/khm-cmpr.ch\/asap_fr\/\" target=\"_blank\">\r\n\t\t\t\t\t\t\t\t\t\t\t\t\t\t<div class=\"lst-link\">\r\n\t\t\t\t\t                                        <span class=\"details\">Antibiotic stewardship in ambulatory care platform (ASAP)<\/span>\r\n\t\t\t\t\t                                    <\/div>\r\n\t\t\t\t\t\t\t\t\t\t\t\t\t<\/a>\r\n\t\t\t\t\t\t\t\t\t\t\t\t \t\t\t                                \t\t\t\t\t\t\t\t\t\t\t\r\n\t\t\t\t\t\t\t\t\t\t\t\t\t\t\t\t\t\t\t\t\t\t\t\t\t<a href=\"https:\/\/www.antibiotika-richtig-einsetzen.ch\/fr\/home\" target=\"_blank\">\r\n\t\t\t\t\t\t\t\t\t\t\t\t\t\t<div class=\"lst-link\">\r\n\t\t\t\t\t                                        <span class=\"details\">Campagne d&#039;information de l&#039;Office f\u00e9d\u00e9ral de Sant\u00e9 publique &quot;Bien utiliser les antibiotiques&quot;<\/span>\r\n\t\t\t\t\t                                    <\/div>\r\n\t\t\t\t\t\t\t\t\t\t\t\t\t<\/a>\r\n\t\t\t\t\t\t\t\t\t\t\t\t \t\t\t                                \t\t\t\t\t\t\t\t\t\t\t\r\n\t\t\t\t\t\t\t\t\t\t\t\t\t\t\t\t\t\t\t\t\t\t\t\t\t<a href=\"https:\/\/www.star.admin.ch\/fr\" target=\"_blank\">\r\n\t\t\t\t\t\t\t\t\t\t\t\t\t\t<div class=\"lst-link\">\r\n\t\t\t\t\t                                        <span class=\"details\">Strat\u00e9gie Antibior\u00e9sistance (StAR)<\/span>\r\n\t\t\t\t\t                                    <\/div>\r\n\t\t\t\t\t\t\t\t\t\t\t\t\t<\/a>\r\n\t\t\t\t\t\t\t\t\t\t\t\t \t\t\t                                \t\t\t\t\t\t\t\t\t\t\t\r\n\t\t\t\t\t\t\t\t\t\t\t\t\t\t\t\t\t\t\t\t\t\t\t\t\t<a href=\"https:\/\/www.gsasa.ch\/fr\/accueil\/?oid=55&#038;lang=fr\" target=\"_blank\">\r\n\t\t\t\t\t\t\t\t\t\t\t\t\t\t<div class=\"lst-link\">\r\n\t\t\t\t\t                                        <span class=\"details\">Association suisse des pharmaciens de l\u2019administration et des h\u00f4pitaux (GSASA)<\/span>\r\n\t\t\t\t\t                                    <\/div>\r\n\t\t\t\t\t\t\t\t\t\t\t\t\t<\/a>\r\n\t\t\t\t\t\t\t\t\t\t\t\t \t\t\t                                \t\t\t\t\t\t\t\t\t\t\t\r\n\t\t\t\t\t\t\t\t\t\t\t\t\t\t\t\t\t\t\t\t\t\t\t\t\t<a href=\"https:\/\/www.hpci.ch\/fileadmin\/user_upload\/References\/Guide_Prevention-Traitement-des-Infections_EMS_HPCi_v2024.pdf\" target=\"_self\">\r\n\t\t\t\t\t\t\t\t\t\t\t\t\t\t<div class=\"lst-link\">\r\n\t\t\t\t\t                                        <span class=\"details\">Guide des infections en EMS<\/span>\r\n\t\t\t\t\t                                    <\/div>\r\n\t\t\t\t\t\t\t\t\t\t\t\t\t<\/a>\r\n\t\t\t\t\t\t\t\t\t\t\t\t \t\t\t                                \t\t\t\t\t\t\t\t\t\t\t\t\t\t\t\t\t\t\t<\/div>\r\n\t\t\t\t\t\t\t\t\t\t\t\t\t\t\t\t\t\t\t\t\t\t\t\t<h2 class=\"headline\">International<\/h2>\r\n\t\t\t\t\t\t\t\t\t\t\t\t\t\t\t\t\t\t\t\t\t\t\t\t\t\t\t\t\t\t\t\t\t<div class=\"link-list nolabel\">\r\n\t\t\t\t\t\t\t\t\t\t\t\r\n\t\t\t\t\t\t\t\t\t\t\t\t\t\t\t\t\t\t\t\t\t\t\t\t\t<a href=\"https:\/\/aware.essentialmeds.org\/list\" target=\"_self\">\r\n\t\t\t\t\t\t\t\t\t\t\t\t\t\t<div class=\"lst-link\">\r\n\t\t\t\t\t                                        <span class=\"details\">Classification AWaRe<\/span>\r\n\t\t\t\t\t                                    <\/div>\r\n\t\t\t\t\t\t\t\t\t\t\t\t\t<\/a>\r\n\t\t\t\t\t\t\t\t\t\t\t\t \t\t\t                                \t\t\t\t\t\t\t\t\t\t\t\r\n\t\t\t\t\t\t\t\t\t\t\t\t\t\t\t\t\t\t\t\t\t\t\t\t\t<a href=\"https:\/\/worldhealthorg.shinyapps.io\/glass-dashboard\/_w_426072a3776a46b498a099990b05bb0d\/#!\/amu\" target=\"_self\">\r\n\t\t\t\t\t\t\t\t\t\t\t\t\t\t<div class=\"lst-link\">\r\n\t\t\t\t\t                                        <span class=\"details\">Tableau de bord des donn\u00e9es mondiales d\u2019AMU de l\u2019OMS<\/span>\r\n\t\t\t\t\t                                    <\/div>\r\n\t\t\t\t\t\t\t\t\t\t\t\t\t<\/a>\r\n\t\t\t\t\t\t\t\t\t\t\t\t \t\t\t                                \t\t\t\t\t\t\t\t\t\t\t\r\n\t\t\t\t\t\t\t\t\t\t\t\t\t\t\t\t\t\t\t\t\t\t\t\t\t<a href=\"https:\/\/www.who.int\/europe\/publications\/i\/item\/9789289061872\" target=\"_self\">\r\n\t\t\t\t\t\t\t\t\t\t\t\t\t\t<div class=\"lst-link\">\r\n\t\t\t\t\t                                        <span class=\"details\">WHO Europe: Antimicrobial Medicines Consumption network (AMC)<\/span>\r\n\t\t\t\t\t                                    <\/div>\r\n\t\t\t\t\t\t\t\t\t\t\t\t\t<\/a>\r\n\t\t\t\t\t\t\t\t\t\t\t\t \t\t\t                                \t\t\t\t\t\t\t\t\t\t\t\r\n\t\t\t\t\t\t\t\t\t\t\t\t\t\t\t\t\t\t\t\t\t\t\t\t\t<a href=\"https:\/\/www.ecdc.europa.eu\/en\/antimicrobial-consumption\/surveillance-and-disease-data\/database\" target=\"_self\">\r\n\t\t\t\t\t\t\t\t\t\t\t\t\t\t<div class=\"lst-link\">\r\n\t\t\t\t\t                                        <span class=\"details\">ECDC-Antimicrobial consumption database (ESAC-Net) <\/span>\r\n\t\t\t\t\t                                    <\/div>\r\n\t\t\t\t\t\t\t\t\t\t\t\t\t<\/a>\r\n\t\t\t\t\t\t\t\t\t\t\t\t \t\t\t                                \t\t\t\t\t\t\t\t\t\t\t\r\n\t\t\t\t\t\t\t\t\t\t\t\t\t\t\t\t\t\t\t\t\t\t\t\t\t<a href=\"https:\/\/www.who.int\/campaigns\/world-amr-awareness-week\" target=\"_self\">\r\n\t\t\t\t\t\t\t\t\t\t\t\t\t\t<div class=\"lst-link\">\r\n\t\t\t\t\t                                        <span class=\"details\">Campagne de sensibilisation au bon usage des antibiotiques de l&#039;OMS<\/span>\r\n\t\t\t\t\t                                    <\/div>\r\n\t\t\t\t\t\t\t\t\t\t\t\t\t<\/a>\r\n\t\t\t\t\t\t\t\t\t\t\t\t \t\t\t                                \t\t\t\t\t\t\t\t\t\t\t\t\t\t\t\t\t\t\t<\/div>\r\n\t\t\t\t\t\t\t\t\t\t\t\t\t\t\t\t\t\t\t\t\t<\/div>\r\n\t\t\t\t\t\t\t\t\t\t        <\/div>\r\n\t\t<\/div>\r\n    <\/div>\r\n","protected":false},"excerpt":{"rendered":"","protected":false},"author":11,"featured_media":1502,"parent":5644,"menu_order":5,"comment_status":"closed","ping_status":"closed","template":"","meta":{"_acf_changed":false,"inline_featured_image":false,"footnotes":""},"class_list":["post-1827","page","type-page","status-publish","has-post-thumbnail","hentry"],"acf":[],"yoast_head":"<!-- This site is optimized with the Yoast SEO plugin v27.3 - https:\/\/yoast.com\/product\/yoast-seo-wordpress\/ -->\n<title>Liens - ANRESIS<\/title>\n<meta name=\"robots\" content=\"index, follow, max-snippet:-1, max-image-preview:large, max-video-preview:-1\" \/>\n<link rel=\"canonical\" href=\"https:\/\/www.anresis.ch\/fr\/consommation-des-antibiotiques\/links\/\" \/>\n<meta property=\"og:locale\" content=\"fr_FR\" \/>\n<meta property=\"og:type\" content=\"article\" \/>\n<meta property=\"og:title\" content=\"Liens - ANRESIS\" \/>\n<meta property=\"og:url\" content=\"https:\/\/www.anresis.ch\/fr\/consommation-des-antibiotiques\/links\/\" \/>\n<meta property=\"og:site_name\" content=\"ANRESIS\" \/>\n<meta property=\"article:modified_time\" content=\"2026-03-10T15:56:57+00:00\" \/>\n<meta name=\"twitter:card\" content=\"summary_large_image\" \/>\n<meta name=\"twitter:label1\" content=\"Dur\u00e9e de lecture estim\u00e9e\" \/>\n\t<meta name=\"twitter:data1\" content=\"1 minute\" \/>\n<script type=\"application\/ld+json\" class=\"yoast-schema-graph\">{\"@context\":\"https:\\\/\\\/schema.org\",\"@graph\":[{\"@type\":\"WebPage\",\"@id\":\"https:\\\/\\\/www.anresis.ch\\\/fr\\\/consommation-des-antibiotiques\\\/links\\\/\",\"url\":\"https:\\\/\\\/www.anresis.ch\\\/fr\\\/consommation-des-antibiotiques\\\/links\\\/\",\"name\":\"Liens - ANRESIS\",\"isPartOf\":{\"@id\":\"https:\\\/\\\/www.anresis.ch\\\/#website\"},\"primaryImageOfPage\":{\"@id\":\"https:\\\/\\\/www.anresis.ch\\\/fr\\\/consommation-des-antibiotiques\\\/links\\\/#primaryimage\"},\"image\":{\"@id\":\"https:\\\/\\\/www.anresis.ch\\\/fr\\\/consommation-des-antibiotiques\\\/links\\\/#primaryimage\"},\"thumbnailUrl\":\"https:\\\/\\\/www.anresis.ch\\\/wp-content\\\/uploads\\\/2019\\\/12\\\/5.svg\",\"datePublished\":\"2019-12-03T14:47:42+00:00\",\"dateModified\":\"2026-03-10T15:56:57+00:00\",\"breadcrumb\":{\"@id\":\"https:\\\/\\\/www.anresis.ch\\\/fr\\\/consommation-des-antibiotiques\\\/links\\\/#breadcrumb\"},\"inLanguage\":\"fr-FR\",\"potentialAction\":[{\"@type\":\"ReadAction\",\"target\":[\"https:\\\/\\\/www.anresis.ch\\\/fr\\\/consommation-des-antibiotiques\\\/links\\\/\"]}]},{\"@type\":\"ImageObject\",\"inLanguage\":\"fr-FR\",\"@id\":\"https:\\\/\\\/www.anresis.ch\\\/fr\\\/consommation-des-antibiotiques\\\/links\\\/#primaryimage\",\"url\":\"https:\\\/\\\/www.anresis.ch\\\/wp-content\\\/uploads\\\/2019\\\/12\\\/5.svg\",\"contentUrl\":\"https:\\\/\\\/www.anresis.ch\\\/wp-content\\\/uploads\\\/2019\\\/12\\\/5.svg\"},{\"@type\":\"BreadcrumbList\",\"@id\":\"https:\\\/\\\/www.anresis.ch\\\/fr\\\/consommation-des-antibiotiques\\\/links\\\/#breadcrumb\",\"itemListElement\":[{\"@type\":\"ListItem\",\"position\":1,\"name\":\"Home\",\"item\":\"https:\\\/\\\/www.anresis.ch\\\/fr\\\/\"},{\"@type\":\"ListItem\",\"position\":2,\"name\":\"Consommation des antibiotiques\",\"item\":\"https:\\\/\\\/www.anresis.ch\\\/fr\\\/consommation-des-antibiotiques\\\/\"},{\"@type\":\"ListItem\",\"position\":3,\"name\":\"Liens\"}]},{\"@type\":\"WebSite\",\"@id\":\"https:\\\/\\\/www.anresis.ch\\\/#website\",\"url\":\"https:\\\/\\\/www.anresis.ch\\\/\",\"name\":\"ANRESIS\",\"description\":\"Swiss Centre for Antibiotic Resistance\",\"publisher\":{\"@id\":\"https:\\\/\\\/www.anresis.ch\\\/#organization\"},\"potentialAction\":[{\"@type\":\"SearchAction\",\"target\":{\"@type\":\"EntryPoint\",\"urlTemplate\":\"https:\\\/\\\/www.anresis.ch\\\/?s={search_term_string}\"},\"query-input\":{\"@type\":\"PropertyValueSpecification\",\"valueRequired\":true,\"valueName\":\"search_term_string\"}}],\"inLanguage\":\"fr-FR\"},{\"@type\":\"Organization\",\"@id\":\"https:\\\/\\\/www.anresis.ch\\\/#organization\",\"name\":\"ANRESIS\",\"url\":\"https:\\\/\\\/www.anresis.ch\\\/\",\"logo\":{\"@type\":\"ImageObject\",\"inLanguage\":\"fr-FR\",\"@id\":\"https:\\\/\\\/www.anresis.ch\\\/#\\\/schema\\\/logo\\\/image\\\/\",\"url\":\"https:\\\/\\\/www.anresis.ch\\\/wp-content\\\/uploads\\\/2019\\\/12\\\/anresis_logo.svg\",\"contentUrl\":\"https:\\\/\\\/www.anresis.ch\\\/wp-content\\\/uploads\\\/2019\\\/12\\\/anresis_logo.svg\",\"caption\":\"ANRESIS\"},\"image\":{\"@id\":\"https:\\\/\\\/www.anresis.ch\\\/#\\\/schema\\\/logo\\\/image\\\/\"}}]}<\/script>\n<!-- \/ Yoast SEO plugin. -->","yoast_head_json":{"title":"Liens - ANRESIS","robots":{"index":"index","follow":"follow","max-snippet":"max-snippet:-1","max-image-preview":"max-image-preview:large","max-video-preview":"max-video-preview:-1"},"canonical":"https:\/\/www.anresis.ch\/fr\/consommation-des-antibiotiques\/links\/","og_locale":"fr_FR","og_type":"article","og_title":"Liens - ANRESIS","og_url":"https:\/\/www.anresis.ch\/fr\/consommation-des-antibiotiques\/links\/","og_site_name":"ANRESIS","article_modified_time":"2026-03-10T15:56:57+00:00","twitter_card":"summary_large_image","twitter_misc":{"Dur\u00e9e de lecture estim\u00e9e":"1 minute"},"schema":{"@context":"https:\/\/schema.org","@graph":[{"@type":"WebPage","@id":"https:\/\/www.anresis.ch\/fr\/consommation-des-antibiotiques\/links\/","url":"https:\/\/www.anresis.ch\/fr\/consommation-des-antibiotiques\/links\/","name":"Liens - ANRESIS","isPartOf":{"@id":"https:\/\/www.anresis.ch\/#website"},"primaryImageOfPage":{"@id":"https:\/\/www.anresis.ch\/fr\/consommation-des-antibiotiques\/links\/#primaryimage"},"image":{"@id":"https:\/\/www.anresis.ch\/fr\/consommation-des-antibiotiques\/links\/#primaryimage"},"thumbnailUrl":"https:\/\/www.anresis.ch\/wp-content\/uploads\/2019\/12\/5.svg","datePublished":"2019-12-03T14:47:42+00:00","dateModified":"2026-03-10T15:56:57+00:00","breadcrumb":{"@id":"https:\/\/www.anresis.ch\/fr\/consommation-des-antibiotiques\/links\/#breadcrumb"},"inLanguage":"fr-FR","potentialAction":[{"@type":"ReadAction","target":["https:\/\/www.anresis.ch\/fr\/consommation-des-antibiotiques\/links\/"]}]},{"@type":"ImageObject","inLanguage":"fr-FR","@id":"https:\/\/www.anresis.ch\/fr\/consommation-des-antibiotiques\/links\/#primaryimage","url":"https:\/\/www.anresis.ch\/wp-content\/uploads\/2019\/12\/5.svg","contentUrl":"https:\/\/www.anresis.ch\/wp-content\/uploads\/2019\/12\/5.svg"},{"@type":"BreadcrumbList","@id":"https:\/\/www.anresis.ch\/fr\/consommation-des-antibiotiques\/links\/#breadcrumb","itemListElement":[{"@type":"ListItem","position":1,"name":"Home","item":"https:\/\/www.anresis.ch\/fr\/"},{"@type":"ListItem","position":2,"name":"Consommation des antibiotiques","item":"https:\/\/www.anresis.ch\/fr\/consommation-des-antibiotiques\/"},{"@type":"ListItem","position":3,"name":"Liens"}]},{"@type":"WebSite","@id":"https:\/\/www.anresis.ch\/#website","url":"https:\/\/www.anresis.ch\/","name":"ANRESIS","description":"Swiss Centre for Antibiotic Resistance","publisher":{"@id":"https:\/\/www.anresis.ch\/#organization"},"potentialAction":[{"@type":"SearchAction","target":{"@type":"EntryPoint","urlTemplate":"https:\/\/www.anresis.ch\/?s={search_term_string}"},"query-input":{"@type":"PropertyValueSpecification","valueRequired":true,"valueName":"search_term_string"}}],"inLanguage":"fr-FR"},{"@type":"Organization","@id":"https:\/\/www.anresis.ch\/#organization","name":"ANRESIS","url":"https:\/\/www.anresis.ch\/","logo":{"@type":"ImageObject","inLanguage":"fr-FR","@id":"https:\/\/www.anresis.ch\/#\/schema\/logo\/image\/","url":"https:\/\/www.anresis.ch\/wp-content\/uploads\/2019\/12\/anresis_logo.svg","contentUrl":"https:\/\/www.anresis.ch\/wp-content\/uploads\/2019\/12\/anresis_logo.svg","caption":"ANRESIS"},"image":{"@id":"https:\/\/www.anresis.ch\/#\/schema\/logo\/image\/"}}]}},"_links":{"self":[{"href":"https:\/\/www.anresis.ch\/fr\/wp-json\/wp\/v2\/pages\/1827","targetHints":{"allow":["GET"]}}],"collection":[{"href":"https:\/\/www.anresis.ch\/fr\/wp-json\/wp\/v2\/pages"}],"about":[{"href":"https:\/\/www.anresis.ch\/fr\/wp-json\/wp\/v2\/types\/page"}],"author":[{"embeddable":true,"href":"https:\/\/www.anresis.ch\/fr\/wp-json\/wp\/v2\/users\/11"}],"replies":[{"embeddable":true,"href":"https:\/\/www.anresis.ch\/fr\/wp-json\/wp\/v2\/comments?post=1827"}],"version-history":[{"count":15,"href":"https:\/\/www.anresis.ch\/fr\/wp-json\/wp\/v2\/pages\/1827\/revisions"}],"predecessor-version":[{"id":12606,"href":"https:\/\/www.anresis.ch\/fr\/wp-json\/wp\/v2\/pages\/1827\/revisions\/12606"}],"up":[{"embeddable":true,"href":"https:\/\/www.anresis.ch\/fr\/wp-json\/wp\/v2\/pages\/5644"}],"wp:featuredmedia":[{"embeddable":true,"href":"https:\/\/www.anresis.ch\/fr\/wp-json\/wp\/v2\/media\/1502"}],"wp:attachment":[{"href":"https:\/\/www.anresis.ch\/fr\/wp-json\/wp\/v2\/media?parent=1827"}],"curies":[{"name":"wp","href":"https:\/\/api.w.org\/{rel}","templated":true}]}}