{"id":1783,"date":"2019-12-03T14:49:59","date_gmt":"2019-12-03T14:49:59","guid":{"rendered":"http:\/\/www.anresis.ch\/about-us\/history\/"},"modified":"2023-10-25T13:21:58","modified_gmt":"2023-10-25T13:21:58","slug":"historique","status":"publish","type":"page","link":"https:\/\/www.anresis.ch\/fr\/a-propos\/historique\/","title":{"rendered":"Historique"},"content":{"rendered":"\t<div class=\"section clip-top-1\">\r\n        <div class=\"wrapper\">\r\n            <div class=\"intro\">\r\n                <div class=\"intro-txt\">\r\n                \t<h2><span class=\"bold\">ANRESIS<\/span> \u00a0a \u00e9t\u00e9 d\u00e9velopp\u00e9 de 2000 \u00e0 2004 dans le cadre du programme de recherche national 49 \u00ab\u00a0R\u00e9sistance aux antibiotiques\u00a0\u00bb du Fonds national suisse. \u00c1 partir de 2004, la base de donn\u00e9es de consommation d&rsquo;antibiotiques a \u00e9t\u00e9 int\u00e9gr\u00e9e. A partir de 2012, des donn\u00e9es de r\u00e9sistance issues de la m\u00e9decine v\u00e9t\u00e9rinaire ont \u00e9t\u00e9 int\u00e9gr\u00e9es et depuis 2016, les donn\u00e9es de la m\u00e9decine humaine sur les infections \u00e0 C. diff. Avec l&rsquo;application infect (maintenant <a href=\"https:\/\/guide.anresis.ch\/human-bacteria\">ANRESIS-guide<\/a>), l&rsquo;acc\u00e8s aux donn\u00e9es ANRESIS possible depuis les appareils mobiles.<\/h2>\n<p>&nbsp;<\/p>\n<h2>Jusqu&rsquo;\u00e0 fin 2007, ANRESIS a \u00e9t\u00e9 soutenu par le Fonds national suisse et ensuite conjointement avec l&rsquo;Office f\u00e9d\u00e9ral de la Sant\u00e9 publique, la conf\u00e9rence des directeurs cantonaux de la sant\u00e9 et l&rsquo;Universit\u00e9 de Berne.\u00a0Depuis 2016, ANRESIS est soutenu par l&rsquo;Office f\u00e9d\u00e9ral de la Sant\u00e9 publique et l&rsquo;Institut de Maladies infectieuses (IFIK) de l&rsquo;Universit\u00e9 de Berne qui g\u00e8re ANRESIS sur mandat de l&rsquo;OFSP.<\/h2>\n<p>&nbsp;<\/p>\n                <\/div>\r\n            <\/div>\r\n        <\/div>\r\n    <\/div>\r\n\n\n\t<div class=\"section dark-grey\">\r\n\t    <div class=\"wrapper\">\r\n\t        <div class=\"teaser\">\r\n\t        \t\t        \t\t<div class=\"teaser-img\">\r\n\t\t\t\t\t\t<img decoding=\"async\" src=\"https:\/\/www.anresis.ch\/wp-content\/uploads\/2023\/10\/anresis_guide_logo_cmyk_weiss.svg\" alt=\"\" \/>\r\n\t        \t\t<\/div>\r\n\t        \t\t        \t\t        \t\t<div class=\"teaser-text\">\r\n\t        \t\t\t\t        \t\t\t\t<h2 class=\"headline\">ANRESIS-guide<\/h2>\r\n\t        \t\t\t\t\t                \t\t                \t<p class=\"teaser\">ANRESIS-guide permet aux professionnels de la sant\u00e9 d&rsquo;avoir un acc\u00e8s intuitif aux donn\u00e9es actuelles de r\u00e9sistances et aux recommandations de traitement.  <\/p>\r\n\t\t                \t\t                \t\t\t\t\t\t\t\t\t\t\t\t\t\t\t\t\t<a class=\"button reverse-btn\" href=\"https:\/\/guide.anresis.ch\/human-bacteria\" target=\"_blank\">Visit guide.anresis.ch<\/a>\r\n\t\t\t\t\t\t\t\t\t\t\t\t\t\t\t\t            <\/div>\r\n\t        \t\t        <\/div>\r\n\t    <\/div>\r\n\t<\/div>\r\n\n\n\t<div class=\"section light-blue org\">\r\n\t\t<div class=\"wrapper\">\r\n\t\t\t\t\t\t\t\t\t<h3 class=\"text-align-center\">ANRESIS est soutenu par les organisations suivantes <\/h3>\r\n\t\t\t\t\t\t\t\t\t\t\t<div class=\"logo-wrapper\">\r\n\t\t\t\t\t\t\t\t\t\t\t\t\t\t\t\t\t\t<div class=\"logo\">\r\n\t\t\t\t\t\t\t\t<a target=\"_blank\" href=\"http:\/\/www.bag.admin.ch\/\" ><img loading=\"lazy\" decoding=\"async\" width=\"250\" height=\"100\" src=\"https:\/\/www.anresis.ch\/wp-content\/uploads\/2019\/12\/b-BAG.jpg\" class=\"attachment-medium size-medium\" alt=\"\" \/><\/a>\r\n\t\t\t\t\t\t\t<\/div>\r\n\t\t\t\t\t\t\t\t\t\t\t\t\t\t\t\t\t\t\t\t\t\t\t\t<div class=\"logo\">\r\n\t\t\t\t\t\t\t\t<a target=\"_blank\" href=\"http:\/\/www.bvet.admin.ch\/\" ><img loading=\"lazy\" decoding=\"async\" width=\"250\" height=\"100\" src=\"https:\/\/www.anresis.ch\/wp-content\/uploads\/2019\/12\/b-BAG-v.jpg\" class=\"attachment-medium size-medium\" alt=\"\" \/><\/a>\r\n\t\t\t\t\t\t\t<\/div>\r\n\t\t\t\t\t\t\t\t\t\t\t\t\t\t\t\t\t\t\t\t\t\t\t\t<div class=\"logo\">\r\n\t\t\t\t\t\t\t\t<a target=\"_blank\" href=\"https:\/\/www.gsasa.ch\/de\/home\/?oid=55&#038;lang=de\" ><img loading=\"lazy\" decoding=\"async\" width=\"250\" height=\"100\" src=\"https:\/\/www.anresis.ch\/wp-content\/uploads\/2019\/12\/b-GSASA.jpg\" class=\"attachment-medium size-medium\" alt=\"\" \/><\/a>\r\n\t\t\t\t\t\t\t<\/div>\r\n\t\t\t\t\t\t\t\t\t\t\t\t\t\t\t\t\t\t\t\t\t\t\t\t<div class=\"logo\">\r\n\t\t\t\t\t\t\t\t<a target=\"_blank\" href=\"https:\/\/www.nara-antibiotic-resistance.ch\/\" ><img loading=\"lazy\" decoding=\"async\" width=\"250\" height=\"100\" src=\"https:\/\/www.anresis.ch\/wp-content\/uploads\/2019\/12\/b-nara.jpg\" class=\"attachment-medium size-medium\" alt=\"\" \/><\/a>\r\n\t\t\t\t\t\t\t<\/div>\r\n\t\t\t\t\t\t\t\t\t\t\t\t\t\t\t\t\t\t\t\t\t\t\t\t<div class=\"logo\">\r\n\t\t\t\t\t\t\t\t<a target=\"_blank\" href=\"http:\/\/www.pharmasuisse.org\/\" ><img loading=\"lazy\" decoding=\"async\" width=\"250\" height=\"100\" src=\"https:\/\/www.anresis.ch\/wp-content\/uploads\/2019\/12\/b-pharmaS.jpg\" class=\"attachment-medium size-medium\" alt=\"\" \/><\/a>\r\n\t\t\t\t\t\t\t<\/div>\r\n\t\t\t\t\t\t\t\t\t\t\t\t\t\t\t\t\t\t\t\t\t\t\t\t<div class=\"logo\">\r\n\t\t\t\t\t\t\t\t<a target=\"_blank\" href=\"http:\/\/www.swissmicrobiology.ch\/\" ><img loading=\"lazy\" decoding=\"async\" width=\"250\" height=\"100\" src=\"https:\/\/www.anresis.ch\/wp-content\/uploads\/2019\/12\/b-sgm.jpg\" class=\"attachment-medium size-medium\" alt=\"\" \/><\/a>\r\n\t\t\t\t\t\t\t<\/div>\r\n\t\t\t\t\t\t\t\t\t\t\t\t\t\t\t\t\t\t\t\t\t\t\t\t<div class=\"logo\">\r\n\t\t\t\t\t\t\t\t<a target=\"_blank\" href=\"http:\/\/www.sginf.ch\/\" ><img loading=\"lazy\" decoding=\"async\" width=\"250\" height=\"100\" src=\"https:\/\/www.anresis.ch\/wp-content\/uploads\/2019\/12\/b-sgi.jpg\" class=\"attachment-medium size-medium\" alt=\"\" \/><\/a>\r\n\t\t\t\t\t\t\t<\/div>\r\n\t\t\t\t\t\t\t\t\t\t\t\t\t\t\t\t\t\t\t\t\t\t\t\t<div class=\"logo\">\r\n\t\t\t\t\t\t\t\t<a target=\"_blank\" href=\"https:\/\/www.sgsh.ch\/startseite.html\" ><img loading=\"lazy\" decoding=\"async\" width=\"250\" height=\"100\" src=\"https:\/\/www.anresis.ch\/wp-content\/uploads\/2019\/12\/b-SGS.jpg\" class=\"attachment-medium size-medium\" alt=\"\" \/><\/a>\r\n\t\t\t\t\t\t\t<\/div>\r\n\t\t\t\t\t\t\t\t\t\t\t\t\t\t\t\t\t\t\t\t\t\t\t\t<div class=\"logo\">\r\n\t\t\t\t\t\t\t\t<a target=\"_blank\" href=\"http:\/\/www.swissnoso.ch\/\" ><img loading=\"lazy\" decoding=\"async\" width=\"250\" height=\"100\" src=\"https:\/\/www.anresis.ch\/wp-content\/uploads\/2019\/12\/b-snoso.jpg\" class=\"attachment-medium size-medium\" alt=\"\" \/><\/a>\r\n\t\t\t\t\t\t\t<\/div>\r\n\t\t\t\t\t\t\t\t\t\t\t\t\t\t\t\t\t\t\t\t\t\t\t\t<div class=\"logo\">\r\n\t\t\t\t\t\t\t\t<a target=\"_blank\" href=\"https:\/\/www.blv.admin.ch\/blv\/de\/home\/tiere\/tierarzneimittel\/antibiotika\/nationale-strategie-antibiotikaresistenzen--star--.html\" ><img loading=\"lazy\" decoding=\"async\" width=\"250\" height=\"100\" src=\"https:\/\/www.anresis.ch\/wp-content\/uploads\/2019\/12\/b-star.jpg\" class=\"attachment-medium size-medium\" alt=\"\" \/><\/a>\r\n\t\t\t\t\t\t\t<\/div>\r\n\t\t\t\t\t\t\t\t\t\t\t\t\t\t\t\t\t\t\t\t\t\t\t\t<div class=\"logo\">\r\n\t\t\t\t\t\t\t\t<a target=\"_blank\" href=\"http:\/\/www.unibe.ch\/\" ><img loading=\"lazy\" decoding=\"async\" width=\"250\" height=\"100\" src=\"https:\/\/www.anresis.ch\/wp-content\/uploads\/2019\/12\/b-uni-bern.jpg\" class=\"attachment-medium size-medium\" alt=\"\" \/><\/a>\r\n\t\t\t\t\t\t\t<\/div>\r\n\t\t\t\t\t\t\t\t\t\t\t\t\t\t\t<\/div>\r\n\t\t\t\t\t<\/div>\r\n\t<\/div>\r\n","protected":false},"excerpt":{"rendered":"","protected":false},"author":11,"featured_media":1520,"parent":1751,"menu_order":5,"comment_status":"closed","ping_status":"closed","template":"","meta":{"_acf_changed":false,"inline_featured_image":false,"footnotes":""},"class_list":["post-1783","page","type-page","status-publish","has-post-thumbnail","hentry"],"acf":[],"yoast_head":"<!-- This site is optimized with the Yoast SEO plugin v26.7 - https:\/\/yoast.com\/wordpress\/plugins\/seo\/ -->\n<title>Historique - ANRESIS<\/title>\n<meta name=\"robots\" content=\"index, follow, max-snippet:-1, max-image-preview:large, max-video-preview:-1\" \/>\n<link rel=\"canonical\" href=\"https:\/\/www.anresis.ch\/fr\/a-propos\/historique\/\" \/>\n<meta property=\"og:locale\" content=\"fr_FR\" \/>\n<meta property=\"og:type\" content=\"article\" \/>\n<meta property=\"og:title\" content=\"Historique - ANRESIS\" \/>\n<meta property=\"og:url\" content=\"https:\/\/www.anresis.ch\/fr\/a-propos\/historique\/\" \/>\n<meta property=\"og:site_name\" content=\"ANRESIS\" \/>\n<meta property=\"article:modified_time\" content=\"2023-10-25T13:21:58+00:00\" \/>\n<meta name=\"twitter:card\" content=\"summary_large_image\" \/>\n<script type=\"application\/ld+json\" class=\"yoast-schema-graph\">{\"@context\":\"https:\/\/schema.org\",\"@graph\":[{\"@type\":\"WebPage\",\"@id\":\"https:\/\/www.anresis.ch\/fr\/a-propos\/historique\/\",\"url\":\"https:\/\/www.anresis.ch\/fr\/a-propos\/historique\/\",\"name\":\"Historique - ANRESIS\",\"isPartOf\":{\"@id\":\"https:\/\/www.anresis.ch\/#website\"},\"primaryImageOfPage\":{\"@id\":\"https:\/\/www.anresis.ch\/fr\/a-propos\/historique\/#primaryimage\"},\"image\":{\"@id\":\"https:\/\/www.anresis.ch\/fr\/a-propos\/historique\/#primaryimage\"},\"thumbnailUrl\":\"https:\/\/www.anresis.ch\/wp-content\/uploads\/2019\/12\/3-2.svg\",\"datePublished\":\"2019-12-03T14:49:59+00:00\",\"dateModified\":\"2023-10-25T13:21:58+00:00\",\"breadcrumb\":{\"@id\":\"https:\/\/www.anresis.ch\/fr\/a-propos\/historique\/#breadcrumb\"},\"inLanguage\":\"fr-FR\",\"potentialAction\":[{\"@type\":\"ReadAction\",\"target\":[\"https:\/\/www.anresis.ch\/fr\/a-propos\/historique\/\"]}]},{\"@type\":\"ImageObject\",\"inLanguage\":\"fr-FR\",\"@id\":\"https:\/\/www.anresis.ch\/fr\/a-propos\/historique\/#primaryimage\",\"url\":\"https:\/\/www.anresis.ch\/wp-content\/uploads\/2019\/12\/3-2.svg\",\"contentUrl\":\"https:\/\/www.anresis.ch\/wp-content\/uploads\/2019\/12\/3-2.svg\"},{\"@type\":\"BreadcrumbList\",\"@id\":\"https:\/\/www.anresis.ch\/fr\/a-propos\/historique\/#breadcrumb\",\"itemListElement\":[{\"@type\":\"ListItem\",\"position\":1,\"name\":\"Home\",\"item\":\"https:\/\/www.anresis.ch\/fr\/\"},{\"@type\":\"ListItem\",\"position\":2,\"name\":\"A propos\",\"item\":\"https:\/\/www.anresis.ch\/fr\/a-propos\/\"},{\"@type\":\"ListItem\",\"position\":3,\"name\":\"Historique\"}]},{\"@type\":\"WebSite\",\"@id\":\"https:\/\/www.anresis.ch\/#website\",\"url\":\"https:\/\/www.anresis.ch\/\",\"name\":\"ANRESIS\",\"description\":\"Swiss Centre for Antibiotic Resistance\",\"publisher\":{\"@id\":\"https:\/\/www.anresis.ch\/#organization\"},\"potentialAction\":[{\"@type\":\"SearchAction\",\"target\":{\"@type\":\"EntryPoint\",\"urlTemplate\":\"https:\/\/www.anresis.ch\/?s={search_term_string}\"},\"query-input\":{\"@type\":\"PropertyValueSpecification\",\"valueRequired\":true,\"valueName\":\"search_term_string\"}}],\"inLanguage\":\"fr-FR\"},{\"@type\":\"Organization\",\"@id\":\"https:\/\/www.anresis.ch\/#organization\",\"name\":\"ANRESIS\",\"url\":\"https:\/\/www.anresis.ch\/\",\"logo\":{\"@type\":\"ImageObject\",\"inLanguage\":\"fr-FR\",\"@id\":\"https:\/\/www.anresis.ch\/#\/schema\/logo\/image\/\",\"url\":\"https:\/\/www.anresis.ch\/wp-content\/uploads\/2019\/12\/anresis_logo.svg\",\"contentUrl\":\"https:\/\/www.anresis.ch\/wp-content\/uploads\/2019\/12\/anresis_logo.svg\",\"caption\":\"ANRESIS\"},\"image\":{\"@id\":\"https:\/\/www.anresis.ch\/#\/schema\/logo\/image\/\"}}]}<\/script>\n<!-- \/ Yoast SEO plugin. -->","yoast_head_json":{"title":"Historique - ANRESIS","robots":{"index":"index","follow":"follow","max-snippet":"max-snippet:-1","max-image-preview":"max-image-preview:large","max-video-preview":"max-video-preview:-1"},"canonical":"https:\/\/www.anresis.ch\/fr\/a-propos\/historique\/","og_locale":"fr_FR","og_type":"article","og_title":"Historique - ANRESIS","og_url":"https:\/\/www.anresis.ch\/fr\/a-propos\/historique\/","og_site_name":"ANRESIS","article_modified_time":"2023-10-25T13:21:58+00:00","twitter_card":"summary_large_image","schema":{"@context":"https:\/\/schema.org","@graph":[{"@type":"WebPage","@id":"https:\/\/www.anresis.ch\/fr\/a-propos\/historique\/","url":"https:\/\/www.anresis.ch\/fr\/a-propos\/historique\/","name":"Historique - ANRESIS","isPartOf":{"@id":"https:\/\/www.anresis.ch\/#website"},"primaryImageOfPage":{"@id":"https:\/\/www.anresis.ch\/fr\/a-propos\/historique\/#primaryimage"},"image":{"@id":"https:\/\/www.anresis.ch\/fr\/a-propos\/historique\/#primaryimage"},"thumbnailUrl":"https:\/\/www.anresis.ch\/wp-content\/uploads\/2019\/12\/3-2.svg","datePublished":"2019-12-03T14:49:59+00:00","dateModified":"2023-10-25T13:21:58+00:00","breadcrumb":{"@id":"https:\/\/www.anresis.ch\/fr\/a-propos\/historique\/#breadcrumb"},"inLanguage":"fr-FR","potentialAction":[{"@type":"ReadAction","target":["https:\/\/www.anresis.ch\/fr\/a-propos\/historique\/"]}]},{"@type":"ImageObject","inLanguage":"fr-FR","@id":"https:\/\/www.anresis.ch\/fr\/a-propos\/historique\/#primaryimage","url":"https:\/\/www.anresis.ch\/wp-content\/uploads\/2019\/12\/3-2.svg","contentUrl":"https:\/\/www.anresis.ch\/wp-content\/uploads\/2019\/12\/3-2.svg"},{"@type":"BreadcrumbList","@id":"https:\/\/www.anresis.ch\/fr\/a-propos\/historique\/#breadcrumb","itemListElement":[{"@type":"ListItem","position":1,"name":"Home","item":"https:\/\/www.anresis.ch\/fr\/"},{"@type":"ListItem","position":2,"name":"A propos","item":"https:\/\/www.anresis.ch\/fr\/a-propos\/"},{"@type":"ListItem","position":3,"name":"Historique"}]},{"@type":"WebSite","@id":"https:\/\/www.anresis.ch\/#website","url":"https:\/\/www.anresis.ch\/","name":"ANRESIS","description":"Swiss Centre for Antibiotic Resistance","publisher":{"@id":"https:\/\/www.anresis.ch\/#organization"},"potentialAction":[{"@type":"SearchAction","target":{"@type":"EntryPoint","urlTemplate":"https:\/\/www.anresis.ch\/?s={search_term_string}"},"query-input":{"@type":"PropertyValueSpecification","valueRequired":true,"valueName":"search_term_string"}}],"inLanguage":"fr-FR"},{"@type":"Organization","@id":"https:\/\/www.anresis.ch\/#organization","name":"ANRESIS","url":"https:\/\/www.anresis.ch\/","logo":{"@type":"ImageObject","inLanguage":"fr-FR","@id":"https:\/\/www.anresis.ch\/#\/schema\/logo\/image\/","url":"https:\/\/www.anresis.ch\/wp-content\/uploads\/2019\/12\/anresis_logo.svg","contentUrl":"https:\/\/www.anresis.ch\/wp-content\/uploads\/2019\/12\/anresis_logo.svg","caption":"ANRESIS"},"image":{"@id":"https:\/\/www.anresis.ch\/#\/schema\/logo\/image\/"}}]}},"_links":{"self":[{"href":"https:\/\/www.anresis.ch\/fr\/wp-json\/wp\/v2\/pages\/1783","targetHints":{"allow":["GET"]}}],"collection":[{"href":"https:\/\/www.anresis.ch\/fr\/wp-json\/wp\/v2\/pages"}],"about":[{"href":"https:\/\/www.anresis.ch\/fr\/wp-json\/wp\/v2\/types\/page"}],"author":[{"embeddable":true,"href":"https:\/\/www.anresis.ch\/fr\/wp-json\/wp\/v2\/users\/11"}],"replies":[{"embeddable":true,"href":"https:\/\/www.anresis.ch\/fr\/wp-json\/wp\/v2\/comments?post=1783"}],"version-history":[{"count":23,"href":"https:\/\/www.anresis.ch\/fr\/wp-json\/wp\/v2\/pages\/1783\/revisions"}],"predecessor-version":[{"id":10029,"href":"https:\/\/www.anresis.ch\/fr\/wp-json\/wp\/v2\/pages\/1783\/revisions\/10029"}],"up":[{"embeddable":true,"href":"https:\/\/www.anresis.ch\/fr\/wp-json\/wp\/v2\/pages\/1751"}],"wp:featuredmedia":[{"embeddable":true,"href":"https:\/\/www.anresis.ch\/fr\/wp-json\/wp\/v2\/media\/1520"}],"wp:attachment":[{"href":"https:\/\/www.anresis.ch\/fr\/wp-json\/wp\/v2\/media?parent=1783"}],"curies":[{"name":"wp","href":"https:\/\/api.w.org\/{rel}","templated":true}]}}