{"id":1778,"date":"2019-12-03T14:49:06","date_gmt":"2019-12-03T14:49:06","guid":{"rendered":"http:\/\/www.anresis.ch\/about-us\/partner-collaborations\/"},"modified":"2026-03-18T11:00:38","modified_gmt":"2026-03-18T11:00:38","slug":"partner-collaborations","status":"publish","type":"page","link":"https:\/\/www.anresis.ch\/fr\/a-propos\/partner-collaborations\/","title":{"rendered":"Partenaires \/ Collaborations"},"content":{"rendered":"\t<div class=\"section\">\r\n\t\t<div class=\"wrapper\">\r\n\t\t\t<div class=\"p-grid\">\r\n\t\t\t\t\t\t\t\t\t\t\t\t\t\t\t\t\t\t\t\t\t\t\t\t\t\t<a href=\"https:\/\/www.unibe.ch\/index_fra.html\" target=\"_blank\">\r\n\t\t\t\t\t\t\t\t\t\t<div class=\"p-card\">\r\n\t\t\t\t                <div class=\"p-card-title\">Universit\u00e9 de Berne<\/div>\r\n\t\t\t\t            <\/div>\r\n\t\t\t\t\t\t\t\t\t<\/a>\r\n\t\t\t\t\t\t\t\t\t\t\t\t\t\t\t\t\t\t\t\t\t\t\t\t\t\t\t\t\t\t\t\t\t\t\t\t\t\t\t\t<a href=\"http:\/\/www.ifik.unibe.ch\" target=\"_blank\">\r\n\t\t\t\t\t\t\t\t\t\t<div class=\"p-card\">\r\n\t\t\t\t                <div class=\"p-card-title\">Institut de Maladies infectieuses<\/div>\r\n\t\t\t\t            <\/div>\r\n\t\t\t\t\t\t\t\t\t<\/a>\r\n\t\t\t\t\t\t\t\t\t\t\t\t\t\t\t\t\t\t\t\t\t\t\t\t\t\t\t\t\t\t\t\t\t\t\t\t\t\t\t\t<a href=\"https:\/\/sitem-insel.ch\/en\/\" target=\"_blank\">\r\n\t\t\t\t\t\t\t\t\t\t<div class=\"p-card\">\r\n\t\t\t\t                <div class=\"p-card-title\">sitem-insel<\/div>\r\n\t\t\t\t            <\/div>\r\n\t\t\t\t\t\t\t\t\t<\/a>\r\n\t\t\t\t\t\t\t\t\t\t\t\t\t\t\t\t\t\t\t\t\t\t\t\t\t\t\t\t\t\t\t\t\t\t\t\t\t\t\t\t<a href=\"http:\/\/www.bag.admin.ch\/fr\" target=\"_blank\">\r\n\t\t\t\t\t\t\t\t\t\t<div class=\"p-card\">\r\n\t\t\t\t                <div class=\"p-card-title\">Office f\u00e9d\u00e9ral de Sant\u00e9 publique<\/div>\r\n\t\t\t\t            <\/div>\r\n\t\t\t\t\t\t\t\t\t<\/a>\r\n\t\t\t\t\t\t\t\t\t\t\t\t\t\t\t\t\t\t\t\t\t\t\t\t\t\t\t\t\t\t\t\t\t\t\t\t\t\t\t\t<a href=\"https:\/\/www.zoba.unibe.ch\/\" target=\"_blank\">\r\n\t\t\t\t\t\t\t\t\t\t<div class=\"p-card\">\r\n\t\t\t\t                <div class=\"p-card-title\">ZOBA<\/div>\r\n\t\t\t\t            <\/div>\r\n\t\t\t\t\t\t\t\t\t<\/a>\r\n\t\t\t\t\t\t\t\t\t\t\t\t\t\t\t\t\t\t\t\t\t\t\t\t\t\t\t\t\t\t\t\t\t\t\t\t\t\t\t\t<a href=\"https:\/\/www.blv.admin.ch\/blv\/fr\/home.html\" target=\"_blank\">\r\n\t\t\t\t\t\t\t\t\t\t<div class=\"p-card\">\r\n\t\t\t\t                <div class=\"p-card-title\">Office f\u00e9d\u00e9ral de S\u00e9curit\u00e9 alimentaire et des affaires v\u00e9t\u00e9rinaires <\/div>\r\n\t\t\t\t            <\/div>\r\n\t\t\t\t\t\t\t\t\t<\/a>\r\n\t\t\t\t\t\t\t\t\t\t\t\t\t\t\t\t\t\t\t\t\t\t\t\t\t\t\t\t\t\t\t\t\t\t\t\t\t\t\t\t<a href=\"https:\/\/www.star.admin.ch\/fr\" target=\"_blank\">\r\n\t\t\t\t\t\t\t\t\t\t<div class=\"p-card\">\r\n\t\t\t\t                <div class=\"p-card-title\">Strat\u00e9gie Antibior\u00e9sistance StAR<\/div>\r\n\t\t\t\t            <\/div>\r\n\t\t\t\t\t\t\t\t\t<\/a>\r\n\t\t\t\t\t\t\t\t\t\t\t\t\t\t\t\t\t\t\t\t\t\t\t\t\t\t\t\t\t\t\t\t\t\t\t\t\t\t\t\t<a href=\"https:\/\/www.sginf.ch\" target=\"_blank\">\r\n\t\t\t\t\t\t\t\t\t\t<div class=\"p-card\">\r\n\t\t\t\t                <div class=\"p-card-title\">Soci\u00e9t\u00e9 suisse d&#039;Infectiologie<\/div>\r\n\t\t\t\t            <\/div>\r\n\t\t\t\t\t\t\t\t\t<\/a>\r\n\t\t\t\t\t\t\t\t\t\t\t\t\t\t\t\t\t\t\t\t\t\t\t\t\t\t\t\t\t\t\t\t\t\t\t\t\t\t\t\t<a href=\"https:\/\/swissmicrobiology.ch\/\" target=\"_blank\">\r\n\t\t\t\t\t\t\t\t\t\t<div class=\"p-card\">\r\n\t\t\t\t                <div class=\"p-card-title\">Soci\u00e9t\u00e9 suisse de Microbiologie<\/div>\r\n\t\t\t\t            <\/div>\r\n\t\t\t\t\t\t\t\t\t<\/a>\r\n\t\t\t\t\t\t\t\t\t\t\t\t\t\t\t\t\t\t\t\t\t\t\t\t\t\t\t\t\t\t\t\t\t\t\t\t\t\t\t\t<a href=\"https:\/\/www.unifr.ch\/med\/nara\/fr\/\" target=\"_blank\">\r\n\t\t\t\t\t\t\t\t\t\t<div class=\"p-card\">\r\n\t\t\t\t                <div class=\"p-card-title\">Laboratoire de r\u00e9f\u00e9rence national pour la d\u00e9tection pr\u00e9coce et la surveillance des r\u00e9sistances \u00e9mergentes aux antibiotiques (NARA) <\/div>\r\n\t\t\t\t            <\/div>\r\n\t\t\t\t\t\t\t\t\t<\/a>\r\n\t\t\t\t\t\t\t\t\t\t\t\t\t\t\t\t\t\t\t\t\t\t\t\t\t\t\t\t\t\t\t\t\t\t\t\t\t\t\t\t<a href=\"https:\/\/www.swissnoso.ch\/fr\/\" target=\"_blank\">\r\n\t\t\t\t\t\t\t\t\t\t<div class=\"p-card\">\r\n\t\t\t\t                <div class=\"p-card-title\">Swissnoso<\/div>\r\n\t\t\t\t            <\/div>\r\n\t\t\t\t\t\t\t\t\t<\/a>\r\n\t\t\t\t\t\t\t\t\t\t\t\t\t\t\t\t\t\t\t\t\t\t\t\t\t\t\t\t\t\t\t\t\t\t\t\t\t\t\t\t<a href=\"https:\/\/www.gsasa.ch\" target=\"_blank\">\r\n\t\t\t\t\t\t\t\t\t\t<div class=\"p-card\">\r\n\t\t\t\t                <div class=\"p-card-title\">Association suisse des pharmaciens de l&#039;administration et des h\u00f4pitaux (GSASA)<\/div>\r\n\t\t\t\t            <\/div>\r\n\t\t\t\t\t\t\t\t\t<\/a>\r\n\t\t\t\t\t\t\t\t\t\t\t\t\t\t\t\t\t\t\t\t\t\t\t\t\t\t\t\t\t\t\t\t\t\t\t\t\t\t\t\t<a href=\"https:\/\/pharmasuisse.org\/fr\" target=\"_blank\">\r\n\t\t\t\t\t\t\t\t\t\t<div class=\"p-card\">\r\n\t\t\t\t                <div class=\"p-card-title\">pharmaSuisse<\/div>\r\n\t\t\t\t            <\/div>\r\n\t\t\t\t\t\t\t\t\t<\/a>\r\n\t\t\t\t\t\t\t\t\t\t\t\t\t\t\t\t\t\t\t\t\t\t\t\t\t\t\t\t\t\t\t\t\t\t\t\t\t\t\t\t<a href=\"https:\/\/trivium-esolutions.com\/\" target=\"_blank\">\r\n\t\t\t\t\t\t\t\t\t\t<div class=\"p-card\">\r\n\t\t\t\t                <div class=\"p-card-title\">Trivium eSolutions<\/div>\r\n\t\t\t\t            <\/div>\r\n\t\t\t\t\t\t\t\t\t<\/a>\r\n\t\t\t\t\t\t\t\t\t\t\t\t\t\t\t\t\t\t\t\t\t\t\t\t\t\t\t\t\t\t\t\t\t\t\t\t\t\t\t\t<a href=\"https:\/\/www.who.int\/europe\/groups\/central-asian-and-european-surveillance-of-antimicrobial-resistance-(caesar)\" target=\"_blank\">\r\n\t\t\t\t\t\t\t\t\t\t<div class=\"p-card\">\r\n\t\t\t\t                <div class=\"p-card-title\">Central Asian and Eastern European Surveillance of Antimicrobial Resistance (CAESAR)<\/div>\r\n\t\t\t\t            <\/div>\r\n\t\t\t\t\t\t\t\t\t<\/a>\r\n\t\t\t\t\t\t\t\t\t\t\t\t\t\t\t\t\t\t\t\t\t\t\t\t\t\t\t\t\t\t\t\t\t\t\t\t\t\t\t\t<a href=\"https:\/\/www.who.int\/publications\/i\/item\/9789240108127\" target=\"_blank\">\r\n\t\t\t\t\t\t\t\t\t\t<div class=\"p-card\">\r\n\t\t\t\t                <div class=\"p-card-title\">Global Antimicrobial Resistance Surveillance System (GLASS) der WHO<\/div>\r\n\t\t\t\t            <\/div>\r\n\t\t\t\t\t\t\t\t\t<\/a>\r\n\t\t\t\t\t\t\t\t\t\t\t\t\t\t\t\t\t\t\t\t\t\t\t\t\t\t\t\t\t\t\t\t\t\t\t\t\t\t\t\t<a href=\"https:\/\/roundtableantibiotics.ch\/\" target=\"_blank\">\r\n\t\t\t\t\t\t\t\t\t\t<div class=\"p-card\">\r\n\t\t\t\t                <div class=\"p-card-title\">Round Table Antibiotics<\/div>\r\n\t\t\t\t            <\/div>\r\n\t\t\t\t\t\t\t\t\t<\/a>\r\n\t\t\t\t\t\t\t\t\t\t\t\t\t\t\t\t\t\t\t\t\t<\/div>\r\n\t\t<\/div>\r\n\t<\/div>\r\n","protected":false},"excerpt":{"rendered":"","protected":false},"author":11,"featured_media":1518,"parent":1751,"menu_order":4,"comment_status":"closed","ping_status":"closed","template":"","meta":{"_acf_changed":false,"inline_featured_image":false,"footnotes":""},"class_list":["post-1778","page","type-page","status-publish","has-post-thumbnail","hentry"],"acf":[],"yoast_head":"<!-- This site is optimized with the Yoast SEO plugin v27.3 - https:\/\/yoast.com\/product\/yoast-seo-wordpress\/ -->\n<title>Partenaires \/ Collaborations - ANRESIS<\/title>\n<meta name=\"robots\" content=\"index, follow, max-snippet:-1, max-image-preview:large, max-video-preview:-1\" \/>\n<link rel=\"canonical\" href=\"https:\/\/www.anresis.ch\/fr\/a-propos\/partner-collaborations\/\" \/>\n<meta property=\"og:locale\" content=\"fr_FR\" \/>\n<meta property=\"og:type\" content=\"article\" \/>\n<meta property=\"og:title\" content=\"Partenaires \/ Collaborations - ANRESIS\" \/>\n<meta property=\"og:url\" content=\"https:\/\/www.anresis.ch\/fr\/a-propos\/partner-collaborations\/\" \/>\n<meta property=\"og:site_name\" content=\"ANRESIS\" \/>\n<meta property=\"article:modified_time\" content=\"2026-03-18T11:00:38+00:00\" \/>\n<meta name=\"twitter:card\" content=\"summary_large_image\" \/>\n<meta name=\"twitter:label1\" content=\"Dur\u00e9e de lecture estim\u00e9e\" \/>\n\t<meta name=\"twitter:data1\" content=\"1 minute\" \/>\n<script type=\"application\/ld+json\" class=\"yoast-schema-graph\">{\"@context\":\"https:\\\/\\\/schema.org\",\"@graph\":[{\"@type\":\"WebPage\",\"@id\":\"https:\\\/\\\/www.anresis.ch\\\/fr\\\/a-propos\\\/partner-collaborations\\\/\",\"url\":\"https:\\\/\\\/www.anresis.ch\\\/fr\\\/a-propos\\\/partner-collaborations\\\/\",\"name\":\"Partenaires \\\/ Collaborations - ANRESIS\",\"isPartOf\":{\"@id\":\"https:\\\/\\\/www.anresis.ch\\\/#website\"},\"primaryImageOfPage\":{\"@id\":\"https:\\\/\\\/www.anresis.ch\\\/fr\\\/a-propos\\\/partner-collaborations\\\/#primaryimage\"},\"image\":{\"@id\":\"https:\\\/\\\/www.anresis.ch\\\/fr\\\/a-propos\\\/partner-collaborations\\\/#primaryimage\"},\"thumbnailUrl\":\"https:\\\/\\\/www.anresis.ch\\\/wp-content\\\/uploads\\\/2019\\\/12\\\/2-2.svg\",\"datePublished\":\"2019-12-03T14:49:06+00:00\",\"dateModified\":\"2026-03-18T11:00:38+00:00\",\"breadcrumb\":{\"@id\":\"https:\\\/\\\/www.anresis.ch\\\/fr\\\/a-propos\\\/partner-collaborations\\\/#breadcrumb\"},\"inLanguage\":\"fr-FR\",\"potentialAction\":[{\"@type\":\"ReadAction\",\"target\":[\"https:\\\/\\\/www.anresis.ch\\\/fr\\\/a-propos\\\/partner-collaborations\\\/\"]}]},{\"@type\":\"ImageObject\",\"inLanguage\":\"fr-FR\",\"@id\":\"https:\\\/\\\/www.anresis.ch\\\/fr\\\/a-propos\\\/partner-collaborations\\\/#primaryimage\",\"url\":\"https:\\\/\\\/www.anresis.ch\\\/wp-content\\\/uploads\\\/2019\\\/12\\\/2-2.svg\",\"contentUrl\":\"https:\\\/\\\/www.anresis.ch\\\/wp-content\\\/uploads\\\/2019\\\/12\\\/2-2.svg\"},{\"@type\":\"BreadcrumbList\",\"@id\":\"https:\\\/\\\/www.anresis.ch\\\/fr\\\/a-propos\\\/partner-collaborations\\\/#breadcrumb\",\"itemListElement\":[{\"@type\":\"ListItem\",\"position\":1,\"name\":\"Home\",\"item\":\"https:\\\/\\\/www.anresis.ch\\\/fr\\\/\"},{\"@type\":\"ListItem\",\"position\":2,\"name\":\"A propos\",\"item\":\"https:\\\/\\\/www.anresis.ch\\\/fr\\\/a-propos\\\/\"},{\"@type\":\"ListItem\",\"position\":3,\"name\":\"Partenaires \\\/ Collaborations\"}]},{\"@type\":\"WebSite\",\"@id\":\"https:\\\/\\\/www.anresis.ch\\\/#website\",\"url\":\"https:\\\/\\\/www.anresis.ch\\\/\",\"name\":\"ANRESIS\",\"description\":\"Swiss Centre for Antibiotic Resistance\",\"publisher\":{\"@id\":\"https:\\\/\\\/www.anresis.ch\\\/#organization\"},\"potentialAction\":[{\"@type\":\"SearchAction\",\"target\":{\"@type\":\"EntryPoint\",\"urlTemplate\":\"https:\\\/\\\/www.anresis.ch\\\/?s={search_term_string}\"},\"query-input\":{\"@type\":\"PropertyValueSpecification\",\"valueRequired\":true,\"valueName\":\"search_term_string\"}}],\"inLanguage\":\"fr-FR\"},{\"@type\":\"Organization\",\"@id\":\"https:\\\/\\\/www.anresis.ch\\\/#organization\",\"name\":\"ANRESIS\",\"url\":\"https:\\\/\\\/www.anresis.ch\\\/\",\"logo\":{\"@type\":\"ImageObject\",\"inLanguage\":\"fr-FR\",\"@id\":\"https:\\\/\\\/www.anresis.ch\\\/#\\\/schema\\\/logo\\\/image\\\/\",\"url\":\"https:\\\/\\\/www.anresis.ch\\\/wp-content\\\/uploads\\\/2019\\\/12\\\/anresis_logo.svg\",\"contentUrl\":\"https:\\\/\\\/www.anresis.ch\\\/wp-content\\\/uploads\\\/2019\\\/12\\\/anresis_logo.svg\",\"caption\":\"ANRESIS\"},\"image\":{\"@id\":\"https:\\\/\\\/www.anresis.ch\\\/#\\\/schema\\\/logo\\\/image\\\/\"}}]}<\/script>\n<!-- \/ Yoast SEO plugin. -->","yoast_head_json":{"title":"Partenaires \/ Collaborations - ANRESIS","robots":{"index":"index","follow":"follow","max-snippet":"max-snippet:-1","max-image-preview":"max-image-preview:large","max-video-preview":"max-video-preview:-1"},"canonical":"https:\/\/www.anresis.ch\/fr\/a-propos\/partner-collaborations\/","og_locale":"fr_FR","og_type":"article","og_title":"Partenaires \/ Collaborations - ANRESIS","og_url":"https:\/\/www.anresis.ch\/fr\/a-propos\/partner-collaborations\/","og_site_name":"ANRESIS","article_modified_time":"2026-03-18T11:00:38+00:00","twitter_card":"summary_large_image","twitter_misc":{"Dur\u00e9e de lecture estim\u00e9e":"1 minute"},"schema":{"@context":"https:\/\/schema.org","@graph":[{"@type":"WebPage","@id":"https:\/\/www.anresis.ch\/fr\/a-propos\/partner-collaborations\/","url":"https:\/\/www.anresis.ch\/fr\/a-propos\/partner-collaborations\/","name":"Partenaires \/ Collaborations - ANRESIS","isPartOf":{"@id":"https:\/\/www.anresis.ch\/#website"},"primaryImageOfPage":{"@id":"https:\/\/www.anresis.ch\/fr\/a-propos\/partner-collaborations\/#primaryimage"},"image":{"@id":"https:\/\/www.anresis.ch\/fr\/a-propos\/partner-collaborations\/#primaryimage"},"thumbnailUrl":"https:\/\/www.anresis.ch\/wp-content\/uploads\/2019\/12\/2-2.svg","datePublished":"2019-12-03T14:49:06+00:00","dateModified":"2026-03-18T11:00:38+00:00","breadcrumb":{"@id":"https:\/\/www.anresis.ch\/fr\/a-propos\/partner-collaborations\/#breadcrumb"},"inLanguage":"fr-FR","potentialAction":[{"@type":"ReadAction","target":["https:\/\/www.anresis.ch\/fr\/a-propos\/partner-collaborations\/"]}]},{"@type":"ImageObject","inLanguage":"fr-FR","@id":"https:\/\/www.anresis.ch\/fr\/a-propos\/partner-collaborations\/#primaryimage","url":"https:\/\/www.anresis.ch\/wp-content\/uploads\/2019\/12\/2-2.svg","contentUrl":"https:\/\/www.anresis.ch\/wp-content\/uploads\/2019\/12\/2-2.svg"},{"@type":"BreadcrumbList","@id":"https:\/\/www.anresis.ch\/fr\/a-propos\/partner-collaborations\/#breadcrumb","itemListElement":[{"@type":"ListItem","position":1,"name":"Home","item":"https:\/\/www.anresis.ch\/fr\/"},{"@type":"ListItem","position":2,"name":"A propos","item":"https:\/\/www.anresis.ch\/fr\/a-propos\/"},{"@type":"ListItem","position":3,"name":"Partenaires \/ Collaborations"}]},{"@type":"WebSite","@id":"https:\/\/www.anresis.ch\/#website","url":"https:\/\/www.anresis.ch\/","name":"ANRESIS","description":"Swiss Centre for Antibiotic Resistance","publisher":{"@id":"https:\/\/www.anresis.ch\/#organization"},"potentialAction":[{"@type":"SearchAction","target":{"@type":"EntryPoint","urlTemplate":"https:\/\/www.anresis.ch\/?s={search_term_string}"},"query-input":{"@type":"PropertyValueSpecification","valueRequired":true,"valueName":"search_term_string"}}],"inLanguage":"fr-FR"},{"@type":"Organization","@id":"https:\/\/www.anresis.ch\/#organization","name":"ANRESIS","url":"https:\/\/www.anresis.ch\/","logo":{"@type":"ImageObject","inLanguage":"fr-FR","@id":"https:\/\/www.anresis.ch\/#\/schema\/logo\/image\/","url":"https:\/\/www.anresis.ch\/wp-content\/uploads\/2019\/12\/anresis_logo.svg","contentUrl":"https:\/\/www.anresis.ch\/wp-content\/uploads\/2019\/12\/anresis_logo.svg","caption":"ANRESIS"},"image":{"@id":"https:\/\/www.anresis.ch\/#\/schema\/logo\/image\/"}}]}},"_links":{"self":[{"href":"https:\/\/www.anresis.ch\/fr\/wp-json\/wp\/v2\/pages\/1778","targetHints":{"allow":["GET"]}}],"collection":[{"href":"https:\/\/www.anresis.ch\/fr\/wp-json\/wp\/v2\/pages"}],"about":[{"href":"https:\/\/www.anresis.ch\/fr\/wp-json\/wp\/v2\/types\/page"}],"author":[{"embeddable":true,"href":"https:\/\/www.anresis.ch\/fr\/wp-json\/wp\/v2\/users\/11"}],"replies":[{"embeddable":true,"href":"https:\/\/www.anresis.ch\/fr\/wp-json\/wp\/v2\/comments?post=1778"}],"version-history":[{"count":17,"href":"https:\/\/www.anresis.ch\/fr\/wp-json\/wp\/v2\/pages\/1778\/revisions"}],"predecessor-version":[{"id":12616,"href":"https:\/\/www.anresis.ch\/fr\/wp-json\/wp\/v2\/pages\/1778\/revisions\/12616"}],"up":[{"embeddable":true,"href":"https:\/\/www.anresis.ch\/fr\/wp-json\/wp\/v2\/pages\/1751"}],"wp:featuredmedia":[{"embeddable":true,"href":"https:\/\/www.anresis.ch\/fr\/wp-json\/wp\/v2\/media\/1518"}],"wp:attachment":[{"href":"https:\/\/www.anresis.ch\/fr\/wp-json\/wp\/v2\/media?parent=1778"}],"curies":[{"name":"wp","href":"https:\/\/api.w.org\/{rel}","templated":true}]}}