{"id":1762,"date":"2019-12-03T14:48:20","date_gmt":"2019-12-03T14:48:20","guid":{"rendered":"http:\/\/www.anresis.ch\/about-us\/guiding-principle\/"},"modified":"2025-01-31T07:53:16","modified_gmt":"2025-01-31T07:53:16","slug":"guiding-principle","status":"publish","type":"page","link":"https:\/\/www.anresis.ch\/fr\/a-propos\/guiding-principle\/","title":{"rendered":"Principe directeur"},"content":{"rendered":"\t<div class=\"section clip-top-1\">\r\n        <div class=\"wrapper\">\r\n            <div class=\"intro\">\r\n                <div class=\"intro-txt\">\r\n                \t<h2><span class=\"h1\">ANRESIS est le Centre suisse pour le contr\u00f4le de l&rsquo;Antibior\u00e9sistance.<\/span><span class=\"h2\"> Il est g\u00e9r\u00e9 par l&rsquo;Institut de Maladies infectieuses de l&rsquo;Universit\u00e9 de Berne avec le soutien de l&rsquo;Office f\u00e9d\u00e9ral de Sant\u00e9 Publique (OFSP). Il s&rsquo;agit d&rsquo;un syst\u00e8me de surveillance r\u00e9gional et national et un outil de recherche pour les r\u00e9sistances aux antibiotiques et la consommation des antibiotiques.<\/span><\/h2>\n<p>&nbsp;<\/p>\n<p><strong><span class=\"bold\" style=\"font-size: 20px;\">ANRESIS<\/span><\/strong> r\u00e9colte en continu toutes les donn\u00e9es de r\u00e9sistance anonymis\u00e9es et g\u00e9n\u00e9r\u00e9es en routine \u00e0 partir de plus de 30 laboratoires de m\u00e9decine humaine et 9 laboratoires de m\u00e9decine v\u00e9t\u00e9rinaire, ainsi que les donn\u00e9es de consommation agr\u00e9g\u00e9es de plus de 70 h\u00f4pitaux et 1000 pharmacies.<\/p>\n<p><strong><span class=\"bold\" style=\"font-size: 20px;\">ANRESIS<\/span><\/strong> met \u00e0 disposition les donn\u00e9es retravaill\u00e9es au grand public, ainsi qu&rsquo;aux autorit\u00e9s de sant\u00e9, aux h\u00f4pitaux, aux soci\u00e9t\u00e9s m\u00e9dicales et aux groupes de recherche int\u00e9ress\u00e9s. (<a href=\"https:\/\/www.anresis.ch\/wp-content\/uploads\/2025\/01\/Privacy_Statement_2025_BAG-ANRESIS_web.pdf\">Privacy Policy<\/a>).<\/p>\n<p><strong><span class=\"bold\" style=\"font-size: 20px;\">ANRESIS<\/span><\/strong> est construit de mani\u00e8re modulaire et flexible et continue constamment \u00e0 se d\u00e9velopper. La surveillance des bact\u00e9ri\u00e9mies, ainsi que la surveillance des infections \u00e0 Clostridioides difficile.<\/p>\n<p><strong><span class=\"bold\" style=\"font-size: 20px;\">ANRESIS<\/span><\/strong> est un pilier important dans la lutte contre la probl\u00e9matique en augmentation des r\u00e9sistances aux antibiotiques et, faisant partie de la Strat\u00e9gie Antibior\u00e9sistance du Conseil f\u00e9d\u00e9ral, il a une assise large \u00e0 l&rsquo;int\u00e9rieur de la Suisse et est connect\u00e9 \u00e0 l&rsquo;international. (<a href=\"https:\/\/www.anresis.ch\/fr\/a-propos\/partner-collaborations\/\">Liens partenaires \/ collaborations<\/a>).<\/p>\n                <\/div>\r\n            <\/div>\r\n        <\/div>\r\n    <\/div>\r\n\n\n","protected":false},"excerpt":{"rendered":"","protected":false},"author":11,"featured_media":1516,"parent":1751,"menu_order":2,"comment_status":"closed","ping_status":"closed","template":"","meta":{"_acf_changed":false,"inline_featured_image":false,"footnotes":""},"class_list":["post-1762","page","type-page","status-publish","has-post-thumbnail","hentry"],"acf":[],"yoast_head":"<!-- This site is optimized with the Yoast SEO plugin v26.7 - https:\/\/yoast.com\/wordpress\/plugins\/seo\/ -->\n<title>Principe directeur - ANRESIS<\/title>\n<meta name=\"robots\" content=\"index, follow, max-snippet:-1, max-image-preview:large, max-video-preview:-1\" \/>\n<link rel=\"canonical\" href=\"https:\/\/www.anresis.ch\/fr\/a-propos\/guiding-principle\/\" \/>\n<meta property=\"og:locale\" content=\"fr_FR\" \/>\n<meta property=\"og:type\" content=\"article\" \/>\n<meta property=\"og:title\" content=\"Principe directeur - ANRESIS\" \/>\n<meta property=\"og:url\" content=\"https:\/\/www.anresis.ch\/fr\/a-propos\/guiding-principle\/\" \/>\n<meta property=\"og:site_name\" content=\"ANRESIS\" \/>\n<meta property=\"article:modified_time\" content=\"2025-01-31T07:53:16+00:00\" \/>\n<meta name=\"twitter:card\" content=\"summary_large_image\" \/>\n<meta name=\"twitter:label1\" content=\"Dur\u00e9e de lecture estim\u00e9e\" \/>\n\t<meta name=\"twitter:data1\" content=\"1 minute\" \/>\n<script type=\"application\/ld+json\" class=\"yoast-schema-graph\">{\"@context\":\"https:\/\/schema.org\",\"@graph\":[{\"@type\":\"WebPage\",\"@id\":\"https:\/\/www.anresis.ch\/fr\/a-propos\/guiding-principle\/\",\"url\":\"https:\/\/www.anresis.ch\/fr\/a-propos\/guiding-principle\/\",\"name\":\"Principe directeur - ANRESIS\",\"isPartOf\":{\"@id\":\"https:\/\/www.anresis.ch\/#website\"},\"primaryImageOfPage\":{\"@id\":\"https:\/\/www.anresis.ch\/fr\/a-propos\/guiding-principle\/#primaryimage\"},\"image\":{\"@id\":\"https:\/\/www.anresis.ch\/fr\/a-propos\/guiding-principle\/#primaryimage\"},\"thumbnailUrl\":\"https:\/\/www.anresis.ch\/wp-content\/uploads\/2019\/12\/11.svg\",\"datePublished\":\"2019-12-03T14:48:20+00:00\",\"dateModified\":\"2025-01-31T07:53:16+00:00\",\"breadcrumb\":{\"@id\":\"https:\/\/www.anresis.ch\/fr\/a-propos\/guiding-principle\/#breadcrumb\"},\"inLanguage\":\"fr-FR\",\"potentialAction\":[{\"@type\":\"ReadAction\",\"target\":[\"https:\/\/www.anresis.ch\/fr\/a-propos\/guiding-principle\/\"]}]},{\"@type\":\"ImageObject\",\"inLanguage\":\"fr-FR\",\"@id\":\"https:\/\/www.anresis.ch\/fr\/a-propos\/guiding-principle\/#primaryimage\",\"url\":\"https:\/\/www.anresis.ch\/wp-content\/uploads\/2019\/12\/11.svg\",\"contentUrl\":\"https:\/\/www.anresis.ch\/wp-content\/uploads\/2019\/12\/11.svg\"},{\"@type\":\"BreadcrumbList\",\"@id\":\"https:\/\/www.anresis.ch\/fr\/a-propos\/guiding-principle\/#breadcrumb\",\"itemListElement\":[{\"@type\":\"ListItem\",\"position\":1,\"name\":\"Home\",\"item\":\"https:\/\/www.anresis.ch\/fr\/\"},{\"@type\":\"ListItem\",\"position\":2,\"name\":\"A propos\",\"item\":\"https:\/\/www.anresis.ch\/fr\/a-propos\/\"},{\"@type\":\"ListItem\",\"position\":3,\"name\":\"Principe directeur\"}]},{\"@type\":\"WebSite\",\"@id\":\"https:\/\/www.anresis.ch\/#website\",\"url\":\"https:\/\/www.anresis.ch\/\",\"name\":\"ANRESIS\",\"description\":\"Swiss Centre for Antibiotic Resistance\",\"publisher\":{\"@id\":\"https:\/\/www.anresis.ch\/#organization\"},\"potentialAction\":[{\"@type\":\"SearchAction\",\"target\":{\"@type\":\"EntryPoint\",\"urlTemplate\":\"https:\/\/www.anresis.ch\/?s={search_term_string}\"},\"query-input\":{\"@type\":\"PropertyValueSpecification\",\"valueRequired\":true,\"valueName\":\"search_term_string\"}}],\"inLanguage\":\"fr-FR\"},{\"@type\":\"Organization\",\"@id\":\"https:\/\/www.anresis.ch\/#organization\",\"name\":\"ANRESIS\",\"url\":\"https:\/\/www.anresis.ch\/\",\"logo\":{\"@type\":\"ImageObject\",\"inLanguage\":\"fr-FR\",\"@id\":\"https:\/\/www.anresis.ch\/#\/schema\/logo\/image\/\",\"url\":\"https:\/\/www.anresis.ch\/wp-content\/uploads\/2019\/12\/anresis_logo.svg\",\"contentUrl\":\"https:\/\/www.anresis.ch\/wp-content\/uploads\/2019\/12\/anresis_logo.svg\",\"caption\":\"ANRESIS\"},\"image\":{\"@id\":\"https:\/\/www.anresis.ch\/#\/schema\/logo\/image\/\"}}]}<\/script>\n<!-- \/ Yoast SEO plugin. -->","yoast_head_json":{"title":"Principe directeur - ANRESIS","robots":{"index":"index","follow":"follow","max-snippet":"max-snippet:-1","max-image-preview":"max-image-preview:large","max-video-preview":"max-video-preview:-1"},"canonical":"https:\/\/www.anresis.ch\/fr\/a-propos\/guiding-principle\/","og_locale":"fr_FR","og_type":"article","og_title":"Principe directeur - ANRESIS","og_url":"https:\/\/www.anresis.ch\/fr\/a-propos\/guiding-principle\/","og_site_name":"ANRESIS","article_modified_time":"2025-01-31T07:53:16+00:00","twitter_card":"summary_large_image","twitter_misc":{"Dur\u00e9e de lecture estim\u00e9e":"1 minute"},"schema":{"@context":"https:\/\/schema.org","@graph":[{"@type":"WebPage","@id":"https:\/\/www.anresis.ch\/fr\/a-propos\/guiding-principle\/","url":"https:\/\/www.anresis.ch\/fr\/a-propos\/guiding-principle\/","name":"Principe directeur - ANRESIS","isPartOf":{"@id":"https:\/\/www.anresis.ch\/#website"},"primaryImageOfPage":{"@id":"https:\/\/www.anresis.ch\/fr\/a-propos\/guiding-principle\/#primaryimage"},"image":{"@id":"https:\/\/www.anresis.ch\/fr\/a-propos\/guiding-principle\/#primaryimage"},"thumbnailUrl":"https:\/\/www.anresis.ch\/wp-content\/uploads\/2019\/12\/11.svg","datePublished":"2019-12-03T14:48:20+00:00","dateModified":"2025-01-31T07:53:16+00:00","breadcrumb":{"@id":"https:\/\/www.anresis.ch\/fr\/a-propos\/guiding-principle\/#breadcrumb"},"inLanguage":"fr-FR","potentialAction":[{"@type":"ReadAction","target":["https:\/\/www.anresis.ch\/fr\/a-propos\/guiding-principle\/"]}]},{"@type":"ImageObject","inLanguage":"fr-FR","@id":"https:\/\/www.anresis.ch\/fr\/a-propos\/guiding-principle\/#primaryimage","url":"https:\/\/www.anresis.ch\/wp-content\/uploads\/2019\/12\/11.svg","contentUrl":"https:\/\/www.anresis.ch\/wp-content\/uploads\/2019\/12\/11.svg"},{"@type":"BreadcrumbList","@id":"https:\/\/www.anresis.ch\/fr\/a-propos\/guiding-principle\/#breadcrumb","itemListElement":[{"@type":"ListItem","position":1,"name":"Home","item":"https:\/\/www.anresis.ch\/fr\/"},{"@type":"ListItem","position":2,"name":"A propos","item":"https:\/\/www.anresis.ch\/fr\/a-propos\/"},{"@type":"ListItem","position":3,"name":"Principe directeur"}]},{"@type":"WebSite","@id":"https:\/\/www.anresis.ch\/#website","url":"https:\/\/www.anresis.ch\/","name":"ANRESIS","description":"Swiss Centre for Antibiotic Resistance","publisher":{"@id":"https:\/\/www.anresis.ch\/#organization"},"potentialAction":[{"@type":"SearchAction","target":{"@type":"EntryPoint","urlTemplate":"https:\/\/www.anresis.ch\/?s={search_term_string}"},"query-input":{"@type":"PropertyValueSpecification","valueRequired":true,"valueName":"search_term_string"}}],"inLanguage":"fr-FR"},{"@type":"Organization","@id":"https:\/\/www.anresis.ch\/#organization","name":"ANRESIS","url":"https:\/\/www.anresis.ch\/","logo":{"@type":"ImageObject","inLanguage":"fr-FR","@id":"https:\/\/www.anresis.ch\/#\/schema\/logo\/image\/","url":"https:\/\/www.anresis.ch\/wp-content\/uploads\/2019\/12\/anresis_logo.svg","contentUrl":"https:\/\/www.anresis.ch\/wp-content\/uploads\/2019\/12\/anresis_logo.svg","caption":"ANRESIS"},"image":{"@id":"https:\/\/www.anresis.ch\/#\/schema\/logo\/image\/"}}]}},"_links":{"self":[{"href":"https:\/\/www.anresis.ch\/fr\/wp-json\/wp\/v2\/pages\/1762","targetHints":{"allow":["GET"]}}],"collection":[{"href":"https:\/\/www.anresis.ch\/fr\/wp-json\/wp\/v2\/pages"}],"about":[{"href":"https:\/\/www.anresis.ch\/fr\/wp-json\/wp\/v2\/types\/page"}],"author":[{"embeddable":true,"href":"https:\/\/www.anresis.ch\/fr\/wp-json\/wp\/v2\/users\/11"}],"replies":[{"embeddable":true,"href":"https:\/\/www.anresis.ch\/fr\/wp-json\/wp\/v2\/comments?post=1762"}],"version-history":[{"count":17,"href":"https:\/\/www.anresis.ch\/fr\/wp-json\/wp\/v2\/pages\/1762\/revisions"}],"predecessor-version":[{"id":11007,"href":"https:\/\/www.anresis.ch\/fr\/wp-json\/wp\/v2\/pages\/1762\/revisions\/11007"}],"up":[{"embeddable":true,"href":"https:\/\/www.anresis.ch\/fr\/wp-json\/wp\/v2\/pages\/1751"}],"wp:featuredmedia":[{"embeddable":true,"href":"https:\/\/www.anresis.ch\/fr\/wp-json\/wp\/v2\/media\/1516"}],"wp:attachment":[{"href":"https:\/\/www.anresis.ch\/fr\/wp-json\/wp\/v2\/media?parent=1762"}],"curies":[{"name":"wp","href":"https:\/\/api.w.org\/{rel}","templated":true}]}}