{"id":1720,"date":"2019-12-03T14:45:52","date_gmt":"2019-12-03T14:45:52","guid":{"rendered":"http:\/\/www.anresis.ch\/antibiotic-consumption\/stationary-care\/"},"modified":"2026-02-18T14:57:12","modified_gmt":"2026-02-18T14:57:12","slug":"domaine-hospitalier","status":"publish","type":"page","link":"https:\/\/www.anresis.ch\/fr\/consommation-des-antibiotiques\/domaine-hospitalier\/","title":{"rendered":"M\u00e9decine v\u00e9t\u00e9rinaire"},"content":{"rendered":"<div class=\"section inn clip-top\">\n<div class=\"wrapper\">\n<div id=\"accordion\" class=\"noimg\">\n<div class=\"acc-header\" data-tab=\"\">\n<div class=\"acc-headline\">Distribution d&rsquo;antibiotiques en m\u00e9decine v\u00e9t\u00e9rinaire<\/div>\n<p>\t\t\t\t\t\t<span class=\"icon icon-plus\"><\/span><span class=\"icon icon-minus\"><\/span>\n\t\t\t\t\t<\/div>\n<div class=\"acc-content\">\n<div class=\"acc-content-wrap\">\n<div class=\"acc-ct-txt\">\n<p>Dans le domaine v\u00e9t\u00e9rinaire, la quantit\u00e9 d&rsquo;antibiotiques distribu\u00e9s est d\u00e9clar\u00e9e chaque ann\u00e9e depuis 2008 par les titulaires d&rsquo;autorisations de mise sur le march\u00e9. Les donn\u00e9es sont saisies dans le syst\u00e8me d\u2019information sur les antibiotiques en m\u00e9decine v\u00e9t\u00e9rinaire (IS ABV) et publi\u00e9es annuellement. Pour la premi\u00e8re fois, la publication est effectu\u00e9e sur le tableau de bord de l&rsquo;OSAV et sous forme de donn\u00e9es ouvertes.<\/p>\n<\/div>\n<div class=\"shortcode-wrap\">\n<div class=\"ig-section\">\n<div class=\"wrapper\">\n<div class=\"holder\">\n<div class=\"ig-graphic-layout-single\">\n<div class=\"ig-item block-article graphic-placement-right graphic-size-fullwidth graphic-layout-single\">\n<div class=\"row\">\n<div class=\"ig-content-col txt-wrap\">\n<h3>Quantit\u00e9 d&rsquo;antibiotiques distribu\u00e9s (kg) par classe de substances actives dans les m\u00e9dicaments v\u00e9t\u00e9rinaires. <\/p>\n<p> Pour obtenir davantage d&rsquo;informations et de pr\u00e9sentations des donn\u00e9es de distribution, veuillez clique <a href=\"https:\/\/www.dashboard.blv.admin.ch\/animals\/veterinary-medicines\/distribution\" target=\"_blank\" rel=\"noopener\"> ici <\/a>.<\/h3>\n<\/p><\/div>\n<div class=\"ig-mobile-button-holder\">\n\t\t\t\t\t\t\t\t\t<a class=\"button\" href=\"https:\/\/www.anresis.ch\/interactive-graphic.php?src=https:\/\/visualize.admin.ch\/fr\/embed\/XIQmrdPlqaGQ\" target=\"_blank\">View interactive graphic<\/a>\n\t\t\t\t\t\t\t\t<\/div>\n<div class=\"ig-embed-col media-wrap\">\n<div class=\"ig-embed\">\n\t\t\t\t\t\t\t\t\t\t<iframe loading=\"lazy\" width=\"600\" height=\"869\" src=\"https:\/\/visualize.admin.ch\/fr\/embed\/XIQmrdPlqaGQ\"><\/iframe>\n\t\t\t\t\t\t\t\t\t<\/div>\n<\/p><\/div>\n<\/p><\/div>\n<\/p><\/div>\n<\/p><\/div>\n<\/p><\/div>\n<\/p><\/div>\n<\/p><\/div>\n<\/p><\/div>\n<div class=\"acc-link-wrap\">\n<p>\t\t\t\t\t\t\t\t\t\t\t\t<a class=\"acc-link\" href=\"https:\/\/opendata.swiss\/fr\/organization\/bundesamt-fur-lebensmittelsicherheit-und-veterinaerwesen-blv\" target=\"_blank\">Opendata-Jeux de donn\u00e9es<\/a><\/p>\n<p>\t\t\t\t\t\t\t\t\t\t\t\t<a class=\"acc-link\" href=\"https:\/\/www.blv.admin.ch\/blv\/fr\/home\/tiere\/publikationen\/statistiken-berichte-tiere.html\" target=\"_blank\">Rapports sur la distribution d\u2019antibiotiques<\/a><\/p><\/div>\n<p>\t\t\t\t\t\t\t\t\t\t\t\t\t\t<span class=\"acc-close\">Close<\/span>\n\t\t\t\t\t\t<\/div>\n<\/p><\/div>\n<div class=\"acc-header\" data-tab=\"\">\n<div class=\"acc-headline\">Donn\u00e9es sur les prescriptions d\u2019antibiotiques en m\u00e9decine v\u00e9t\u00e9rinaire<\/div>\n<p>\t\t\t\t\t\t<span class=\"icon icon-plus\"><\/span><span class=\"icon icon-minus\"><\/span>\n\t\t\t\t\t<\/div>\n<div class=\"acc-content\">\n<div class=\"acc-content-wrap\">\n<div class=\"acc-ct-txt\">\n<p>En 2022, des donn\u00e9es sur les prescriptions d\u2019antibiotiques chez les animaux en Suisse ont \u00e9t\u00e9 publi\u00e9es pour la premi\u00e8re fois. Depuis 2019, les v\u00e9t\u00e9rinaires sont tenus de d\u00e9clarer toutes les prescriptions d&rsquo;antibiotiques, tant pour les animaux de rente que pour les animaux de compagnie, au syst\u00e8me d\u2019information sur les antibiotiques en m\u00e9decine v\u00e9t\u00e9rinaire (SI ABV). Vous trouverez plus de d\u00e9tails sur le SI ABV sur le <a href=\"https:\/\/www.blv.admin.ch\/blv\/fr\/home\/tiere\/tierarzneimittel\/antibiotika\/isabv.html\">site web de l&rsquo;OSAV<\/a>.<\/p>\n<p>Les donn\u00e9es sont publi\u00e9es chaque ann\u00e9e. Pour la premi\u00e8re fois, la publication se fait sur le tableau de bord de l&rsquo;OSAV et sous forme de donn\u00e9es ouvertes.<\/p>\n<\/div>\n<div class=\"shortcode-wrap\">\n<div class=\"ig-section\">\n<div class=\"wrapper\">\n<div class=\"holder\">\n<div class=\"ig-graphic-layout-single\">\n<div class=\"ig-item block-article graphic-placement-right graphic-size-fullwidth graphic-layout-single\">\n<div class=\"row\">\n<div class=\"ig-content-col txt-wrap\">\n<h3>Aper\u00e7u du nombre de traitements v\u00e9t\u00e9rinaires par esp\u00e8ce. <\/p>\n<p> Pour obtenir davantage d&rsquo;informations et de pr\u00e9sentations des donn\u00e9es de prescriptions, veuillez cliquer  <a href=\"https:\/\/www.dashboard.blv.admin.ch\/animals\/veterinary-medicines\/antibiotic_consumption\" target=\"_blank\" rel=\"noopener\">ici<\/a>.<\/h3>\n<\/p><\/div>\n<div class=\"ig-mobile-button-holder\">\n\t\t\t\t\t\t\t\t\t<a class=\"button\" href=\"https:\/\/www.anresis.ch\/interactive-graphic.php?src=https:\/\/visualize.admin.ch\/fr\/embed\/519832dJIArh\" target=\"_blank\">View interactive graphic<\/a>\n\t\t\t\t\t\t\t\t<\/div>\n<div class=\"ig-embed-col media-wrap\">\n<div class=\"ig-embed\">\n\t\t\t\t\t\t\t\t\t\t<iframe loading=\"lazy\" width=\"600\" height=\"927\" src=\"https:\/\/visualize.admin.ch\/fr\/embed\/519832dJIArh\"><\/iframe>\n\t\t\t\t\t\t\t\t\t<\/div>\n<\/p><\/div>\n<\/p><\/div>\n<\/p><\/div>\n<\/p><\/div>\n<\/p><\/div>\n<\/p><\/div>\n<\/p><\/div>\n<\/p><\/div>\n<div class=\"shortcode-wrap\">\n<div class=\"ig-section\">\n<div class=\"wrapper\">\n<div class=\"holder\">\n<div class=\"ig-graphic-layout-single\">\n<div class=\"ig-item block-article graphic-placement-right graphic-size-fullwidth graphic-layout-single\">\n<div class=\"row\">\n<div class=\"ig-content-col txt-wrap\">\n<h3>Quantit\u00e9s annuelles de substances actives antibiotiques prescrites (kg) par esp\u00e8ce animale. <\/p>\n<p> Pour obtenir davantage d&rsquo;informations et de pr\u00e9sentations des donn\u00e9es de prescriptions, veuillez cliquer  <a href=\"https:\/\/www.dashboard.blv.admin.ch\/animals\/veterinary-medicines\/antibiotic_consumption \" target=\"_blank\" rel=\"noopener\">ici<\/a>.<\/h3>\n<\/p><\/div>\n<div class=\"ig-mobile-button-holder\">\n\t\t\t\t\t\t\t\t\t<a class=\"button\" href=\"https:\/\/www.anresis.ch\/interactive-graphic.php?src=https:\/\/visualize.admin.ch\/fr\/embed\/NADRAsLzo7wH\" target=\"_blank\">View interactive graphic<\/a>\n\t\t\t\t\t\t\t\t<\/div>\n<div class=\"ig-embed-col media-wrap\">\n<div class=\"ig-embed\">\n\t\t\t\t\t\t\t\t\t\t<iframe loading=\"lazy\" width=\"600\" height=\"955\" src=\"https:\/\/visualize.admin.ch\/fr\/embed\/NADRAsLzo7wH\"><\/iframe>\n\t\t\t\t\t\t\t\t\t<\/div>\n<\/p><\/div>\n<\/p><\/div>\n<\/p><\/div>\n<\/p><\/div>\n<\/p><\/div>\n<\/p><\/div>\n<\/p><\/div>\n<\/p><\/div>\n<div class=\"acc-link-wrap\">\n<p>\t\t\t\t\t\t\t\t\t\t\t\t<a class=\"acc-link\" href=\"https:\/\/opendata.swiss\/fr\/organization\/bundesamt-fur-lebensmittelsicherheit-und-veterinaerwesen-blv\" target=\"_self\">Opendata-Jeux de donn\u00e9es<\/a><\/p>\n<p>\t\t\t\t\t\t\t\t\t\t\t\t<a class=\"acc-link\" href=\"https:\/\/www.blv.admin.ch\/blv\/fr\/home\/tiere\/publikationen\/statistiken-berichte-tiere.html\" target=\"_self\">Rapports sur les prescriptions d\u2019antibiotiques<\/a><\/p><\/div>\n<p>\t\t\t\t\t\t\t\t\t\t\t\t\t\t<span class=\"acc-close\">Close<\/span>\n\t\t\t\t\t\t<\/div>\n<\/p><\/div>\n<\/p><\/div>\n<\/p><\/div>\n<\/p><\/div>\n","protected":false},"excerpt":{"rendered":"","protected":false},"author":11,"featured_media":1560,"parent":5644,"menu_order":2,"comment_status":"closed","ping_status":"closed","template":"","meta":{"_acf_changed":false,"inline_featured_image":false,"footnotes":""},"class_list":["post-1720","page","type-page","status-publish","has-post-thumbnail","hentry"],"acf":[],"yoast_head":"<!-- This site is optimized with the Yoast SEO plugin v26.7 - https:\/\/yoast.com\/wordpress\/plugins\/seo\/ -->\n<title>M\u00e9decine v\u00e9t\u00e9rinaire - ANRESIS<\/title>\n<meta name=\"robots\" content=\"index, follow, max-snippet:-1, max-image-preview:large, max-video-preview:-1\" \/>\n<link rel=\"canonical\" href=\"https:\/\/www.anresis.ch\/fr\/consommation-des-antibiotiques\/domaine-hospitalier\/\" \/>\n<meta property=\"og:locale\" content=\"fr_FR\" \/>\n<meta property=\"og:type\" content=\"article\" \/>\n<meta property=\"og:title\" content=\"M\u00e9decine v\u00e9t\u00e9rinaire - ANRESIS\" \/>\n<meta property=\"og:url\" content=\"https:\/\/www.anresis.ch\/fr\/consommation-des-antibiotiques\/domaine-hospitalier\/\" \/>\n<meta property=\"og:site_name\" content=\"ANRESIS\" \/>\n<meta property=\"article:modified_time\" content=\"2026-02-18T14:57:12+00:00\" \/>\n<meta name=\"twitter:card\" content=\"summary_large_image\" \/>\n<meta name=\"twitter:label1\" content=\"Dur\u00e9e de lecture estim\u00e9e\" \/>\n\t<meta name=\"twitter:data1\" content=\"1 minute\" \/>\n<script type=\"application\/ld+json\" class=\"yoast-schema-graph\">{\"@context\":\"https:\/\/schema.org\",\"@graph\":[{\"@type\":\"WebPage\",\"@id\":\"https:\/\/www.anresis.ch\/fr\/consommation-des-antibiotiques\/domaine-hospitalier\/\",\"url\":\"https:\/\/www.anresis.ch\/fr\/consommation-des-antibiotiques\/domaine-hospitalier\/\",\"name\":\"M\u00e9decine v\u00e9t\u00e9rinaire - ANRESIS\",\"isPartOf\":{\"@id\":\"https:\/\/www.anresis.ch\/#website\"},\"primaryImageOfPage\":{\"@id\":\"https:\/\/www.anresis.ch\/fr\/consommation-des-antibiotiques\/domaine-hospitalier\/#primaryimage\"},\"image\":{\"@id\":\"https:\/\/www.anresis.ch\/fr\/consommation-des-antibiotiques\/domaine-hospitalier\/#primaryimage\"},\"thumbnailUrl\":\"https:\/\/www.anresis.ch\/wp-content\/uploads\/2019\/12\/4-5.svg\",\"datePublished\":\"2019-12-03T14:45:52+00:00\",\"dateModified\":\"2026-02-18T14:57:12+00:00\",\"breadcrumb\":{\"@id\":\"https:\/\/www.anresis.ch\/fr\/consommation-des-antibiotiques\/domaine-hospitalier\/#breadcrumb\"},\"inLanguage\":\"fr-FR\",\"potentialAction\":[{\"@type\":\"ReadAction\",\"target\":[\"https:\/\/www.anresis.ch\/fr\/consommation-des-antibiotiques\/domaine-hospitalier\/\"]}]},{\"@type\":\"ImageObject\",\"inLanguage\":\"fr-FR\",\"@id\":\"https:\/\/www.anresis.ch\/fr\/consommation-des-antibiotiques\/domaine-hospitalier\/#primaryimage\",\"url\":\"https:\/\/www.anresis.ch\/wp-content\/uploads\/2019\/12\/4-5.svg\",\"contentUrl\":\"https:\/\/www.anresis.ch\/wp-content\/uploads\/2019\/12\/4-5.svg\"},{\"@type\":\"BreadcrumbList\",\"@id\":\"https:\/\/www.anresis.ch\/fr\/consommation-des-antibiotiques\/domaine-hospitalier\/#breadcrumb\",\"itemListElement\":[{\"@type\":\"ListItem\",\"position\":1,\"name\":\"Home\",\"item\":\"https:\/\/www.anresis.ch\/fr\/\"},{\"@type\":\"ListItem\",\"position\":2,\"name\":\"Consommation des antibiotiques\",\"item\":\"https:\/\/www.anresis.ch\/fr\/consommation-des-antibiotiques\/\"},{\"@type\":\"ListItem\",\"position\":3,\"name\":\"M\u00e9decine v\u00e9t\u00e9rinaire\"}]},{\"@type\":\"WebSite\",\"@id\":\"https:\/\/www.anresis.ch\/#website\",\"url\":\"https:\/\/www.anresis.ch\/\",\"name\":\"ANRESIS\",\"description\":\"Swiss Centre for Antibiotic Resistance\",\"publisher\":{\"@id\":\"https:\/\/www.anresis.ch\/#organization\"},\"potentialAction\":[{\"@type\":\"SearchAction\",\"target\":{\"@type\":\"EntryPoint\",\"urlTemplate\":\"https:\/\/www.anresis.ch\/?s={search_term_string}\"},\"query-input\":{\"@type\":\"PropertyValueSpecification\",\"valueRequired\":true,\"valueName\":\"search_term_string\"}}],\"inLanguage\":\"fr-FR\"},{\"@type\":\"Organization\",\"@id\":\"https:\/\/www.anresis.ch\/#organization\",\"name\":\"ANRESIS\",\"url\":\"https:\/\/www.anresis.ch\/\",\"logo\":{\"@type\":\"ImageObject\",\"inLanguage\":\"fr-FR\",\"@id\":\"https:\/\/www.anresis.ch\/#\/schema\/logo\/image\/\",\"url\":\"https:\/\/www.anresis.ch\/wp-content\/uploads\/2019\/12\/anresis_logo.svg\",\"contentUrl\":\"https:\/\/www.anresis.ch\/wp-content\/uploads\/2019\/12\/anresis_logo.svg\",\"caption\":\"ANRESIS\"},\"image\":{\"@id\":\"https:\/\/www.anresis.ch\/#\/schema\/logo\/image\/\"}}]}<\/script>\n<!-- \/ Yoast SEO plugin. -->","yoast_head_json":{"title":"M\u00e9decine v\u00e9t\u00e9rinaire - ANRESIS","robots":{"index":"index","follow":"follow","max-snippet":"max-snippet:-1","max-image-preview":"max-image-preview:large","max-video-preview":"max-video-preview:-1"},"canonical":"https:\/\/www.anresis.ch\/fr\/consommation-des-antibiotiques\/domaine-hospitalier\/","og_locale":"fr_FR","og_type":"article","og_title":"M\u00e9decine v\u00e9t\u00e9rinaire - ANRESIS","og_url":"https:\/\/www.anresis.ch\/fr\/consommation-des-antibiotiques\/domaine-hospitalier\/","og_site_name":"ANRESIS","article_modified_time":"2026-02-18T14:57:12+00:00","twitter_card":"summary_large_image","twitter_misc":{"Dur\u00e9e de lecture estim\u00e9e":"1 minute"},"schema":{"@context":"https:\/\/schema.org","@graph":[{"@type":"WebPage","@id":"https:\/\/www.anresis.ch\/fr\/consommation-des-antibiotiques\/domaine-hospitalier\/","url":"https:\/\/www.anresis.ch\/fr\/consommation-des-antibiotiques\/domaine-hospitalier\/","name":"M\u00e9decine v\u00e9t\u00e9rinaire - ANRESIS","isPartOf":{"@id":"https:\/\/www.anresis.ch\/#website"},"primaryImageOfPage":{"@id":"https:\/\/www.anresis.ch\/fr\/consommation-des-antibiotiques\/domaine-hospitalier\/#primaryimage"},"image":{"@id":"https:\/\/www.anresis.ch\/fr\/consommation-des-antibiotiques\/domaine-hospitalier\/#primaryimage"},"thumbnailUrl":"https:\/\/www.anresis.ch\/wp-content\/uploads\/2019\/12\/4-5.svg","datePublished":"2019-12-03T14:45:52+00:00","dateModified":"2026-02-18T14:57:12+00:00","breadcrumb":{"@id":"https:\/\/www.anresis.ch\/fr\/consommation-des-antibiotiques\/domaine-hospitalier\/#breadcrumb"},"inLanguage":"fr-FR","potentialAction":[{"@type":"ReadAction","target":["https:\/\/www.anresis.ch\/fr\/consommation-des-antibiotiques\/domaine-hospitalier\/"]}]},{"@type":"ImageObject","inLanguage":"fr-FR","@id":"https:\/\/www.anresis.ch\/fr\/consommation-des-antibiotiques\/domaine-hospitalier\/#primaryimage","url":"https:\/\/www.anresis.ch\/wp-content\/uploads\/2019\/12\/4-5.svg","contentUrl":"https:\/\/www.anresis.ch\/wp-content\/uploads\/2019\/12\/4-5.svg"},{"@type":"BreadcrumbList","@id":"https:\/\/www.anresis.ch\/fr\/consommation-des-antibiotiques\/domaine-hospitalier\/#breadcrumb","itemListElement":[{"@type":"ListItem","position":1,"name":"Home","item":"https:\/\/www.anresis.ch\/fr\/"},{"@type":"ListItem","position":2,"name":"Consommation des antibiotiques","item":"https:\/\/www.anresis.ch\/fr\/consommation-des-antibiotiques\/"},{"@type":"ListItem","position":3,"name":"M\u00e9decine v\u00e9t\u00e9rinaire"}]},{"@type":"WebSite","@id":"https:\/\/www.anresis.ch\/#website","url":"https:\/\/www.anresis.ch\/","name":"ANRESIS","description":"Swiss Centre for Antibiotic Resistance","publisher":{"@id":"https:\/\/www.anresis.ch\/#organization"},"potentialAction":[{"@type":"SearchAction","target":{"@type":"EntryPoint","urlTemplate":"https:\/\/www.anresis.ch\/?s={search_term_string}"},"query-input":{"@type":"PropertyValueSpecification","valueRequired":true,"valueName":"search_term_string"}}],"inLanguage":"fr-FR"},{"@type":"Organization","@id":"https:\/\/www.anresis.ch\/#organization","name":"ANRESIS","url":"https:\/\/www.anresis.ch\/","logo":{"@type":"ImageObject","inLanguage":"fr-FR","@id":"https:\/\/www.anresis.ch\/#\/schema\/logo\/image\/","url":"https:\/\/www.anresis.ch\/wp-content\/uploads\/2019\/12\/anresis_logo.svg","contentUrl":"https:\/\/www.anresis.ch\/wp-content\/uploads\/2019\/12\/anresis_logo.svg","caption":"ANRESIS"},"image":{"@id":"https:\/\/www.anresis.ch\/#\/schema\/logo\/image\/"}}]}},"_links":{"self":[{"href":"https:\/\/www.anresis.ch\/fr\/wp-json\/wp\/v2\/pages\/1720","targetHints":{"allow":["GET"]}}],"collection":[{"href":"https:\/\/www.anresis.ch\/fr\/wp-json\/wp\/v2\/pages"}],"about":[{"href":"https:\/\/www.anresis.ch\/fr\/wp-json\/wp\/v2\/types\/page"}],"author":[{"embeddable":true,"href":"https:\/\/www.anresis.ch\/fr\/wp-json\/wp\/v2\/users\/11"}],"replies":[{"embeddable":true,"href":"https:\/\/www.anresis.ch\/fr\/wp-json\/wp\/v2\/comments?post=1720"}],"version-history":[{"count":86,"href":"https:\/\/www.anresis.ch\/fr\/wp-json\/wp\/v2\/pages\/1720\/revisions"}],"predecessor-version":[{"id":12532,"href":"https:\/\/www.anresis.ch\/fr\/wp-json\/wp\/v2\/pages\/1720\/revisions\/12532"}],"up":[{"embeddable":true,"href":"https:\/\/www.anresis.ch\/fr\/wp-json\/wp\/v2\/pages\/5644"}],"wp:featuredmedia":[{"embeddable":true,"href":"https:\/\/www.anresis.ch\/fr\/wp-json\/wp\/v2\/media\/1560"}],"wp:attachment":[{"href":"https:\/\/www.anresis.ch\/fr\/wp-json\/wp\/v2\/media?parent=1720"}],"curies":[{"name":"wp","href":"https:\/\/api.w.org\/{rel}","templated":true}]}}