{"id":945,"date":"2019-12-03T14:49:59","date_gmt":"2019-12-03T14:49:59","guid":{"rendered":"http:\/\/www.anresis.ch\/about-us\/history\/"},"modified":"2023-10-25T13:20:54","modified_gmt":"2023-10-25T13:20:54","slug":"geschichte","status":"publish","type":"page","link":"https:\/\/www.anresis.ch\/de\/uber-uns\/geschichte\/","title":{"rendered":"Geschichte"},"content":{"rendered":"\t<div class=\"section clip-top-1\">\r\n        <div class=\"wrapper\">\r\n            <div class=\"intro\">\r\n                <div class=\"intro-txt\">\r\n                \t<h2><span class=\"bold\">ANRESIS <\/span>wurde von 2000 \u2013 2004 im Rahmen des Nationalen Forschungsprogramm 49 \u201eAntibiotikaresistenz\u201c des Schweizerischen Nationalfonds entwickelt. Ab 2004 wurde die Antibiotikakonsum-Datenbank integriert. Ab 2012 wurden zus\u00e4tzlich veterin\u00e4rmedizinische Resistenzdaten integriert, seit 2016 auch Daten zu humanen Clostridium difficile Infektionen. Mit der infect App (neu <a href=\"https:\/\/guide.anresis.ch\/human-bacteria\">ANRESIS-guide<\/a>) wurde 2018 die Zug\u00e4nglichkeit der ANRESIS Daten von mobilen Ger\u00e4ten wesentlich vereinfacht.<\/h2>\n<p>&nbsp;<\/p>\n<h2>Bis Ende 2007 wurde ANRESIS durch den Schweizerischen Nationalfonds unterst\u00fctzt und danach gemeinsam durch das Bundesamt f\u00fcr Gesundheit, die Gesundheitsdirektorenkonferenz und die Universit\u00e4t Bern.\u00a0Seit 2016 erfolgt die Unterst\u00fctzung gemeinsam durch das BAG und das Institut f\u00fcr Infektionskrankheiten (IFIK) der Universit\u00e4t Bern, welches ANRESIS im Auftrag des BAG f\u00fchrt.<\/h2>\n<p>&nbsp;<\/p>\n                <\/div>\r\n            <\/div>\r\n        <\/div>\r\n    <\/div>\r\n\n\n\t<div class=\"section dark-grey\">\r\n\t    <div class=\"wrapper\">\r\n\t        <div class=\"teaser\">\r\n\t        \t\t        \t\t<div class=\"teaser-img\">\r\n\t\t\t\t\t\t<img decoding=\"async\" src=\"https:\/\/www.anresis.ch\/wp-content\/uploads\/2023\/10\/anresis_guide_logo_cmyk_weiss.svg\" alt=\"\" \/>\r\n\t        \t\t<\/div>\r\n\t        \t\t        \t\t        \t\t<div class=\"teaser-text\">\r\n\t        \t\t\t\t        \t\t\t\t<h2 class=\"headline\">Der ANRESIS-guide<\/h2>\r\n\t        \t\t\t\t\t                \t\t                \t<p class=\"teaser\">Der ANRESIS-guide erm\u00f6glicht  Fachpersonen einen intuitiven Zugriff auf aktuelle Resistenzdaten und Therapie-Richtlinien. \r\n<\/p>\r\n\t\t                \t\t                \t\t\t\t\t\t\t\t\t\t\t\t\t\t\t\t\t<a class=\"button reverse-btn\" href=\"https:\/\/guide.anresis.ch\/human-bacteria\" target=\"_blank\">Besuche guide.anresis.ch<\/a>\r\n\t\t\t\t\t\t\t\t\t\t\t\t\t\t\t\t            <\/div>\r\n\t        \t\t        <\/div>\r\n\t    <\/div>\r\n\t<\/div>\r\n\n\n\t<div class=\"section light-blue org\">\r\n\t\t<div class=\"wrapper\">\r\n\t\t\t\t\t\t\t\t\t<h3 class=\"text-align-center\">ANRESIS wird unterst\u00fctzt von folgenden Organisationen<\/h3>\r\n\t\t\t\t\t\t\t\t\t\t\t<div class=\"logo-wrapper\">\r\n\t\t\t\t\t\t\t\t\t\t\t\t\t\t\t\t\t\t<div class=\"logo\">\r\n\t\t\t\t\t\t\t\t<a target=\"_blank\" href=\"http:\/\/www.bag.admin.ch\/\" ><img loading=\"lazy\" decoding=\"async\" width=\"250\" height=\"100\" src=\"https:\/\/www.anresis.ch\/wp-content\/uploads\/2019\/12\/b-BAG.jpg\" class=\"attachment-medium size-medium\" alt=\"\" \/><\/a>\r\n\t\t\t\t\t\t\t<\/div>\r\n\t\t\t\t\t\t\t\t\t\t\t\t\t\t\t\t\t\t\t\t\t\t\t\t<div class=\"logo\">\r\n\t\t\t\t\t\t\t\t<a target=\"_blank\" href=\"http:\/\/www.bvet.admin.ch\/\" ><img loading=\"lazy\" decoding=\"async\" width=\"250\" height=\"100\" src=\"https:\/\/www.anresis.ch\/wp-content\/uploads\/2019\/12\/b-BAG-v.jpg\" class=\"attachment-medium size-medium\" alt=\"\" \/><\/a>\r\n\t\t\t\t\t\t\t<\/div>\r\n\t\t\t\t\t\t\t\t\t\t\t\t\t\t\t\t\t\t\t\t\t\t\t\t<div class=\"logo\">\r\n\t\t\t\t\t\t\t\t<a target=\"_blank\" href=\"https:\/\/www.gsasa.ch\/de\/home\/?oid=55&#038;lang=de\" ><img loading=\"lazy\" decoding=\"async\" width=\"250\" height=\"100\" src=\"https:\/\/www.anresis.ch\/wp-content\/uploads\/2019\/12\/b-GSASA.jpg\" class=\"attachment-medium size-medium\" alt=\"\" \/><\/a>\r\n\t\t\t\t\t\t\t<\/div>\r\n\t\t\t\t\t\t\t\t\t\t\t\t\t\t\t\t\t\t\t\t\t\t\t\t<div class=\"logo\">\r\n\t\t\t\t\t\t\t\t<a target=\"_blank\" href=\"https:\/\/www.nara-antibiotic-resistance.ch\/\" ><img loading=\"lazy\" decoding=\"async\" width=\"250\" height=\"100\" src=\"https:\/\/www.anresis.ch\/wp-content\/uploads\/2019\/12\/b-nara.jpg\" class=\"attachment-medium size-medium\" alt=\"\" \/><\/a>\r\n\t\t\t\t\t\t\t<\/div>\r\n\t\t\t\t\t\t\t\t\t\t\t\t\t\t\t\t\t\t\t\t\t\t\t\t<div class=\"logo\">\r\n\t\t\t\t\t\t\t\t<a target=\"_blank\" href=\"http:\/\/www.pharmasuisse.org\/\" ><img loading=\"lazy\" decoding=\"async\" width=\"250\" height=\"100\" src=\"https:\/\/www.anresis.ch\/wp-content\/uploads\/2019\/12\/b-pharmaS.jpg\" class=\"attachment-medium size-medium\" alt=\"\" \/><\/a>\r\n\t\t\t\t\t\t\t<\/div>\r\n\t\t\t\t\t\t\t\t\t\t\t\t\t\t\t\t\t\t\t\t\t\t\t\t<div class=\"logo\">\r\n\t\t\t\t\t\t\t\t<a target=\"_blank\" href=\"http:\/\/www.swissmicrobiology.ch\/\" ><img loading=\"lazy\" decoding=\"async\" width=\"250\" height=\"100\" src=\"https:\/\/www.anresis.ch\/wp-content\/uploads\/2019\/12\/b-sgm.jpg\" class=\"attachment-medium size-medium\" alt=\"\" \/><\/a>\r\n\t\t\t\t\t\t\t<\/div>\r\n\t\t\t\t\t\t\t\t\t\t\t\t\t\t\t\t\t\t\t\t\t\t\t\t<div class=\"logo\">\r\n\t\t\t\t\t\t\t\t<a target=\"_blank\" href=\"http:\/\/www.sginf.ch\/\" ><img loading=\"lazy\" decoding=\"async\" width=\"250\" height=\"100\" src=\"https:\/\/www.anresis.ch\/wp-content\/uploads\/2019\/12\/b-sgi.jpg\" class=\"attachment-medium size-medium\" alt=\"\" \/><\/a>\r\n\t\t\t\t\t\t\t<\/div>\r\n\t\t\t\t\t\t\t\t\t\t\t\t\t\t\t\t\t\t\t\t\t\t\t\t<div class=\"logo\">\r\n\t\t\t\t\t\t\t\t<a target=\"_blank\" href=\"https:\/\/www.sgsh.ch\/startseite.html\" ><img loading=\"lazy\" decoding=\"async\" width=\"250\" height=\"100\" src=\"https:\/\/www.anresis.ch\/wp-content\/uploads\/2019\/12\/b-SGS.jpg\" class=\"attachment-medium size-medium\" alt=\"\" \/><\/a>\r\n\t\t\t\t\t\t\t<\/div>\r\n\t\t\t\t\t\t\t\t\t\t\t\t\t\t\t\t\t\t\t\t\t\t\t\t<div class=\"logo\">\r\n\t\t\t\t\t\t\t\t<a target=\"_blank\" href=\"http:\/\/www.swissnoso.ch\/\" ><img loading=\"lazy\" decoding=\"async\" width=\"250\" height=\"100\" src=\"https:\/\/www.anresis.ch\/wp-content\/uploads\/2019\/12\/b-snoso.jpg\" class=\"attachment-medium size-medium\" alt=\"\" \/><\/a>\r\n\t\t\t\t\t\t\t<\/div>\r\n\t\t\t\t\t\t\t\t\t\t\t\t\t\t\t\t\t\t\t\t\t\t\t\t<div class=\"logo\">\r\n\t\t\t\t\t\t\t\t<a target=\"_blank\" href=\"https:\/\/www.blv.admin.ch\/blv\/de\/home\/tiere\/tierarzneimittel\/antibiotika\/nationale-strategie-antibiotikaresistenzen--star--.html\" ><img loading=\"lazy\" decoding=\"async\" width=\"250\" height=\"100\" src=\"https:\/\/www.anresis.ch\/wp-content\/uploads\/2019\/12\/b-star.jpg\" class=\"attachment-medium size-medium\" alt=\"\" \/><\/a>\r\n\t\t\t\t\t\t\t<\/div>\r\n\t\t\t\t\t\t\t\t\t\t\t\t\t\t\t\t\t\t\t\t\t\t\t\t<div class=\"logo\">\r\n\t\t\t\t\t\t\t\t<a target=\"_blank\" href=\"http:\/\/www.unibe.ch\/\" ><img loading=\"lazy\" decoding=\"async\" width=\"250\" height=\"100\" src=\"https:\/\/www.anresis.ch\/wp-content\/uploads\/2019\/12\/b-uni-bern.jpg\" class=\"attachment-medium size-medium\" alt=\"\" \/><\/a>\r\n\t\t\t\t\t\t\t<\/div>\r\n\t\t\t\t\t\t\t\t\t\t\t\t\t\t\t<\/div>\r\n\t\t\t\t\t<\/div>\r\n\t<\/div>\r\n","protected":false},"excerpt":{"rendered":"","protected":false},"author":11,"featured_media":131,"parent":943,"menu_order":5,"comment_status":"closed","ping_status":"closed","template":"","meta":{"_acf_changed":false,"inline_featured_image":false,"footnotes":""},"class_list":["post-945","page","type-page","status-publish","has-post-thumbnail","hentry"],"acf":[],"yoast_head":"<!-- This site is optimized with the Yoast SEO plugin v26.7 - https:\/\/yoast.com\/wordpress\/plugins\/seo\/ -->\n<title>Geschichte - ANRESIS<\/title>\n<meta name=\"robots\" content=\"index, follow, max-snippet:-1, max-image-preview:large, max-video-preview:-1\" \/>\n<link rel=\"canonical\" href=\"https:\/\/www.anresis.ch\/de\/uber-uns\/geschichte\/\" \/>\n<meta property=\"og:locale\" content=\"de_DE\" \/>\n<meta property=\"og:type\" content=\"article\" \/>\n<meta property=\"og:title\" content=\"Geschichte - ANRESIS\" \/>\n<meta property=\"og:url\" content=\"https:\/\/www.anresis.ch\/de\/uber-uns\/geschichte\/\" \/>\n<meta property=\"og:site_name\" content=\"ANRESIS\" \/>\n<meta property=\"article:modified_time\" content=\"2023-10-25T13:20:54+00:00\" \/>\n<meta name=\"twitter:card\" content=\"summary_large_image\" \/>\n<script type=\"application\/ld+json\" class=\"yoast-schema-graph\">{\"@context\":\"https:\/\/schema.org\",\"@graph\":[{\"@type\":\"WebPage\",\"@id\":\"https:\/\/www.anresis.ch\/de\/uber-uns\/geschichte\/\",\"url\":\"https:\/\/www.anresis.ch\/de\/uber-uns\/geschichte\/\",\"name\":\"Geschichte - ANRESIS\",\"isPartOf\":{\"@id\":\"https:\/\/www.anresis.ch\/#website\"},\"primaryImageOfPage\":{\"@id\":\"https:\/\/www.anresis.ch\/de\/uber-uns\/geschichte\/#primaryimage\"},\"image\":{\"@id\":\"https:\/\/www.anresis.ch\/de\/uber-uns\/geschichte\/#primaryimage\"},\"thumbnailUrl\":\"https:\/\/www.anresis.ch\/wp-content\/uploads\/2019\/12\/3-2.svg\",\"datePublished\":\"2019-12-03T14:49:59+00:00\",\"dateModified\":\"2023-10-25T13:20:54+00:00\",\"breadcrumb\":{\"@id\":\"https:\/\/www.anresis.ch\/de\/uber-uns\/geschichte\/#breadcrumb\"},\"inLanguage\":\"de\",\"potentialAction\":[{\"@type\":\"ReadAction\",\"target\":[\"https:\/\/www.anresis.ch\/de\/uber-uns\/geschichte\/\"]}]},{\"@type\":\"ImageObject\",\"inLanguage\":\"de\",\"@id\":\"https:\/\/www.anresis.ch\/de\/uber-uns\/geschichte\/#primaryimage\",\"url\":\"https:\/\/www.anresis.ch\/wp-content\/uploads\/2019\/12\/3-2.svg\",\"contentUrl\":\"https:\/\/www.anresis.ch\/wp-content\/uploads\/2019\/12\/3-2.svg\"},{\"@type\":\"BreadcrumbList\",\"@id\":\"https:\/\/www.anresis.ch\/de\/uber-uns\/geschichte\/#breadcrumb\",\"itemListElement\":[{\"@type\":\"ListItem\",\"position\":1,\"name\":\"Home\",\"item\":\"https:\/\/www.anresis.ch\/de\/\"},{\"@type\":\"ListItem\",\"position\":2,\"name\":\"\u00dcber uns\",\"item\":\"https:\/\/www.anresis.ch\/de\/uber-uns\/\"},{\"@type\":\"ListItem\",\"position\":3,\"name\":\"Geschichte\"}]},{\"@type\":\"WebSite\",\"@id\":\"https:\/\/www.anresis.ch\/#website\",\"url\":\"https:\/\/www.anresis.ch\/\",\"name\":\"ANRESIS\",\"description\":\"Swiss Centre for Antibiotic Resistance\",\"publisher\":{\"@id\":\"https:\/\/www.anresis.ch\/#organization\"},\"potentialAction\":[{\"@type\":\"SearchAction\",\"target\":{\"@type\":\"EntryPoint\",\"urlTemplate\":\"https:\/\/www.anresis.ch\/?s={search_term_string}\"},\"query-input\":{\"@type\":\"PropertyValueSpecification\",\"valueRequired\":true,\"valueName\":\"search_term_string\"}}],\"inLanguage\":\"de\"},{\"@type\":\"Organization\",\"@id\":\"https:\/\/www.anresis.ch\/#organization\",\"name\":\"ANRESIS\",\"url\":\"https:\/\/www.anresis.ch\/\",\"logo\":{\"@type\":\"ImageObject\",\"inLanguage\":\"de\",\"@id\":\"https:\/\/www.anresis.ch\/#\/schema\/logo\/image\/\",\"url\":\"https:\/\/www.anresis.ch\/wp-content\/uploads\/2019\/12\/anresis_logo.svg\",\"contentUrl\":\"https:\/\/www.anresis.ch\/wp-content\/uploads\/2019\/12\/anresis_logo.svg\",\"caption\":\"ANRESIS\"},\"image\":{\"@id\":\"https:\/\/www.anresis.ch\/#\/schema\/logo\/image\/\"}}]}<\/script>\n<!-- \/ Yoast SEO plugin. -->","yoast_head_json":{"title":"Geschichte - ANRESIS","robots":{"index":"index","follow":"follow","max-snippet":"max-snippet:-1","max-image-preview":"max-image-preview:large","max-video-preview":"max-video-preview:-1"},"canonical":"https:\/\/www.anresis.ch\/de\/uber-uns\/geschichte\/","og_locale":"de_DE","og_type":"article","og_title":"Geschichte - ANRESIS","og_url":"https:\/\/www.anresis.ch\/de\/uber-uns\/geschichte\/","og_site_name":"ANRESIS","article_modified_time":"2023-10-25T13:20:54+00:00","twitter_card":"summary_large_image","schema":{"@context":"https:\/\/schema.org","@graph":[{"@type":"WebPage","@id":"https:\/\/www.anresis.ch\/de\/uber-uns\/geschichte\/","url":"https:\/\/www.anresis.ch\/de\/uber-uns\/geschichte\/","name":"Geschichte - ANRESIS","isPartOf":{"@id":"https:\/\/www.anresis.ch\/#website"},"primaryImageOfPage":{"@id":"https:\/\/www.anresis.ch\/de\/uber-uns\/geschichte\/#primaryimage"},"image":{"@id":"https:\/\/www.anresis.ch\/de\/uber-uns\/geschichte\/#primaryimage"},"thumbnailUrl":"https:\/\/www.anresis.ch\/wp-content\/uploads\/2019\/12\/3-2.svg","datePublished":"2019-12-03T14:49:59+00:00","dateModified":"2023-10-25T13:20:54+00:00","breadcrumb":{"@id":"https:\/\/www.anresis.ch\/de\/uber-uns\/geschichte\/#breadcrumb"},"inLanguage":"de","potentialAction":[{"@type":"ReadAction","target":["https:\/\/www.anresis.ch\/de\/uber-uns\/geschichte\/"]}]},{"@type":"ImageObject","inLanguage":"de","@id":"https:\/\/www.anresis.ch\/de\/uber-uns\/geschichte\/#primaryimage","url":"https:\/\/www.anresis.ch\/wp-content\/uploads\/2019\/12\/3-2.svg","contentUrl":"https:\/\/www.anresis.ch\/wp-content\/uploads\/2019\/12\/3-2.svg"},{"@type":"BreadcrumbList","@id":"https:\/\/www.anresis.ch\/de\/uber-uns\/geschichte\/#breadcrumb","itemListElement":[{"@type":"ListItem","position":1,"name":"Home","item":"https:\/\/www.anresis.ch\/de\/"},{"@type":"ListItem","position":2,"name":"\u00dcber uns","item":"https:\/\/www.anresis.ch\/de\/uber-uns\/"},{"@type":"ListItem","position":3,"name":"Geschichte"}]},{"@type":"WebSite","@id":"https:\/\/www.anresis.ch\/#website","url":"https:\/\/www.anresis.ch\/","name":"ANRESIS","description":"Swiss Centre for Antibiotic Resistance","publisher":{"@id":"https:\/\/www.anresis.ch\/#organization"},"potentialAction":[{"@type":"SearchAction","target":{"@type":"EntryPoint","urlTemplate":"https:\/\/www.anresis.ch\/?s={search_term_string}"},"query-input":{"@type":"PropertyValueSpecification","valueRequired":true,"valueName":"search_term_string"}}],"inLanguage":"de"},{"@type":"Organization","@id":"https:\/\/www.anresis.ch\/#organization","name":"ANRESIS","url":"https:\/\/www.anresis.ch\/","logo":{"@type":"ImageObject","inLanguage":"de","@id":"https:\/\/www.anresis.ch\/#\/schema\/logo\/image\/","url":"https:\/\/www.anresis.ch\/wp-content\/uploads\/2019\/12\/anresis_logo.svg","contentUrl":"https:\/\/www.anresis.ch\/wp-content\/uploads\/2019\/12\/anresis_logo.svg","caption":"ANRESIS"},"image":{"@id":"https:\/\/www.anresis.ch\/#\/schema\/logo\/image\/"}}]}},"_links":{"self":[{"href":"https:\/\/www.anresis.ch\/de\/wp-json\/wp\/v2\/pages\/945","targetHints":{"allow":["GET"]}}],"collection":[{"href":"https:\/\/www.anresis.ch\/de\/wp-json\/wp\/v2\/pages"}],"about":[{"href":"https:\/\/www.anresis.ch\/de\/wp-json\/wp\/v2\/types\/page"}],"author":[{"embeddable":true,"href":"https:\/\/www.anresis.ch\/de\/wp-json\/wp\/v2\/users\/11"}],"replies":[{"embeddable":true,"href":"https:\/\/www.anresis.ch\/de\/wp-json\/wp\/v2\/comments?post=945"}],"version-history":[{"count":33,"href":"https:\/\/www.anresis.ch\/de\/wp-json\/wp\/v2\/pages\/945\/revisions"}],"predecessor-version":[{"id":10026,"href":"https:\/\/www.anresis.ch\/de\/wp-json\/wp\/v2\/pages\/945\/revisions\/10026"}],"up":[{"embeddable":true,"href":"https:\/\/www.anresis.ch\/de\/wp-json\/wp\/v2\/pages\/943"}],"wp:featuredmedia":[{"embeddable":true,"href":"https:\/\/www.anresis.ch\/de\/wp-json\/wp\/v2\/media\/131"}],"wp:attachment":[{"href":"https:\/\/www.anresis.ch\/de\/wp-json\/wp\/v2\/media?parent=945"}],"curies":[{"name":"wp","href":"https:\/\/api.w.org\/{rel}","templated":true}]}}