{"id":1037,"date":"2019-12-03T14:48:20","date_gmt":"2019-12-03T14:48:20","guid":{"rendered":"http:\/\/www.anresis.ch\/about-us\/guiding-principle\/"},"modified":"2025-01-31T07:52:36","modified_gmt":"2025-01-31T07:52:36","slug":"leitbild","status":"publish","type":"page","link":"https:\/\/www.anresis.ch\/de\/uber-uns\/leitbild\/","title":{"rendered":"Leitbild"},"content":{"rendered":"\n<div style=\"height:20px\" aria-hidden=\"true\" class=\"wp-block-spacer\"><\/div>\n\n\n\t<div class=\"section clip-top-1\">\r\n        <div class=\"wrapper\">\r\n            <div class=\"intro\">\r\n                <div class=\"intro-txt\">\r\n                \t<h2><span class=\"h1\">ANRESIS, das Schweizerische Zentrum f\u00fcr Antibiotikaresistenzen<\/span><span class=\"h2\">\u00a0ist ein repr\u00e4sentatives, nationales \u00dcberwachungssystem und Forschungsinstrument f\u00fcr Antibiotikaresistenzen und Antibiotikakonsum. Es wird vom Institut f\u00fcr Infektionskrankheiten (IFIK) der Universit\u00e4t Bern mit Unterst\u00fctzung des Bundesamtes f\u00fcr Gesundheit (BAG) gef\u00fchrt.<\/span><\/h2>\n<p>&nbsp;<\/p>\n<p><strong><span class=\"bold\" style=\"font-size: 20px;\">ANRESIS<\/span><\/strong> sammelt kontinuierlich alle in der Routinediagnostik generierten, anonymisierten Resistenzdaten von \u00fcber 30 humanmedizinischen und 9 veterin\u00e4rmedizinischen Laboratorien, sowie aggregierte Antibiotikakonsumdaten von \u00fcber 70 Spit\u00e4lern und \u00fcber 1000 Apotheken.<\/p>\n<p><strong><span class=\"bold\" style=\"font-size: 20px;\">ANRESIS<\/span><\/strong> stellt die aufbereiteten und aggregierten Daten sowohl der \u00d6ffentlichkeit, als auch den Beh\u00f6rden, den Spit\u00e4lern, der \u00c4rzteschaft und interessierten Forschungsgruppen zur Verf\u00fcgung. Daten einzelner Spit\u00e4ler werden nicht publiziert (<a href=\"https:\/\/www.anresis.ch\/wp-content\/uploads\/2025\/01\/Privacy_Statement_2025_BAG-ANRESIS_web.pdf\" target=\"_blank\" rel=\"noopener\">Datenschutzerkl\u00e4rung<\/a>).<\/p>\n<p><strong><span class=\"bold\" style=\"font-size: 20px;\">ANRESIS<\/span><\/strong> ist modular und flexibel aufgebaut und wird laufend weiterentwickelt. Zus\u00e4tzliche Module sind die Bakteri\u00e4mie-\u00dcberwachung, sowie die \u00dcberwachung der Clostridium difficile Infektionen.<\/p>\n<p><strong><span class=\"bold\" style=\"font-size: 20px;\">ANRESIS<\/span><\/strong> ist ein wichtiger Pfeiler im Kampf gegen die zunehmende Problematik der Antibiotikaresistenz und ist als Teil der Strategie Antibiotikaresistenz des Bundes innerhalb der Schweiz breit abgest\u00fctzt und international vernetzt (<a href=\"https:\/\/www.anresis.ch\/de\/uber-uns\/partner-kollaborationen\/\">Partner \/ Kollaborationen<\/a>).<\/p>\n                <\/div>\r\n            <\/div>\r\n        <\/div>\r\n    <\/div>\r\n\n\n\n<p><\/p>\n\n\n\t<div class=\"section dark-grey\">\r\n\t\t<div class=\"wrapper\">\r\n\t\t\t\t\t\t\t<h3 class=\"reverse text-align-center\">ANRESIS sammelt kontinuierlich alle anonymisierten Resistenzdaten aus der Routine-Diagnostik und Antibiotikakonsumdaten von<\/h3>\r\n\t\t\t\t\t\t\t\t\t\t<div class=\"stat-wrapper\">\r\n\t\t\t\t\t\t\t\t\t\t\t\t\t\t\t\t\t\t<div class=\"stat\">\r\n\t\t\t\t\t\t\t\t<span class=\"stat-sign\">><\/span>\t\t\t\t\t\t\t\t<span class=\"stat-nr\">35<\/span>\t\t\t\t\t\t\t\t<span class=\"stat-value\">Humanmedizinischen Laboratorien<\/span>\t\t\t\t\t\t\t<\/div>\r\n\t\t\t\t\t\t\t\t\t\t\t\t\t\t\t\t\t\t\t\t\t\t\t\t<div class=\"stat\">\r\n\t\t\t\t\t\t\t\t\t\t\t\t\t\t\t\t<span class=\"stat-nr\">10<\/span>\t\t\t\t\t\t\t\t<span class=\"stat-value\">Veterin\u00e4rmedizinischen Laboratorien<\/span>\t\t\t\t\t\t\t<\/div>\r\n\t\t\t\t\t\t\t\t\t\t\t\t\t\t\t\t\t\t\t\t\t\t\t\t<div class=\"stat\">\r\n\t\t\t\t\t\t\t\t<span class=\"stat-sign\">><\/span>\t\t\t\t\t\t\t\t<span class=\"stat-nr\">70<\/span>\t\t\t\t\t\t\t\t<span class=\"stat-value\">Spital-Apotheken<\/span>\t\t\t\t\t\t\t<\/div>\r\n\t\t\t\t\t\t\t\t\t\t\t\t\t\t\t\t\t\t\t\t\t\t\t\t<div class=\"stat\">\r\n\t\t\t\t\t\t\t\t<span class=\"stat-sign\">><\/span>\t\t\t\t\t\t\t\t<span class=\"stat-nr\">1000<\/span>\t\t\t\t\t\t\t\t<span class=\"stat-value\">Apotheken<\/span>\t\t\t\t\t\t\t<\/div>\r\n\t\t\t\t\t\t\t\t\t\t\t\t\t\t\t<\/div>\r\n\t\t\t\t\t<\/div>\r\n\t<\/div>\r\n\r\n\r\n\r\n","protected":false},"excerpt":{"rendered":"","protected":false},"author":11,"featured_media":127,"parent":943,"menu_order":2,"comment_status":"closed","ping_status":"closed","template":"","meta":{"_acf_changed":false,"inline_featured_image":false,"footnotes":""},"class_list":["post-1037","page","type-page","status-publish","has-post-thumbnail","hentry"],"acf":[],"yoast_head":"<!-- This site is optimized with the Yoast SEO plugin v26.7 - https:\/\/yoast.com\/wordpress\/plugins\/seo\/ -->\n<title>Leitbild - ANRESIS<\/title>\n<meta name=\"robots\" content=\"index, follow, max-snippet:-1, max-image-preview:large, max-video-preview:-1\" \/>\n<link rel=\"canonical\" href=\"https:\/\/www.anresis.ch\/de\/uber-uns\/leitbild\/\" \/>\n<meta property=\"og:locale\" content=\"de_DE\" \/>\n<meta property=\"og:type\" content=\"article\" \/>\n<meta property=\"og:title\" content=\"Leitbild - ANRESIS\" \/>\n<meta property=\"og:url\" content=\"https:\/\/www.anresis.ch\/de\/uber-uns\/leitbild\/\" \/>\n<meta property=\"og:site_name\" content=\"ANRESIS\" \/>\n<meta property=\"article:modified_time\" content=\"2025-01-31T07:52:36+00:00\" \/>\n<meta name=\"twitter:card\" content=\"summary_large_image\" \/>\n<meta name=\"twitter:label1\" content=\"Gesch\u00e4tzte Lesezeit\" \/>\n\t<meta name=\"twitter:data1\" content=\"1\u00a0Minute\" \/>\n<script type=\"application\/ld+json\" class=\"yoast-schema-graph\">{\"@context\":\"https:\/\/schema.org\",\"@graph\":[{\"@type\":\"WebPage\",\"@id\":\"https:\/\/www.anresis.ch\/de\/uber-uns\/leitbild\/\",\"url\":\"https:\/\/www.anresis.ch\/de\/uber-uns\/leitbild\/\",\"name\":\"Leitbild - ANRESIS\",\"isPartOf\":{\"@id\":\"https:\/\/www.anresis.ch\/#website\"},\"primaryImageOfPage\":{\"@id\":\"https:\/\/www.anresis.ch\/de\/uber-uns\/leitbild\/#primaryimage\"},\"image\":{\"@id\":\"https:\/\/www.anresis.ch\/de\/uber-uns\/leitbild\/#primaryimage\"},\"thumbnailUrl\":\"https:\/\/www.anresis.ch\/wp-content\/uploads\/2019\/12\/11.svg\",\"datePublished\":\"2019-12-03T14:48:20+00:00\",\"dateModified\":\"2025-01-31T07:52:36+00:00\",\"breadcrumb\":{\"@id\":\"https:\/\/www.anresis.ch\/de\/uber-uns\/leitbild\/#breadcrumb\"},\"inLanguage\":\"de\",\"potentialAction\":[{\"@type\":\"ReadAction\",\"target\":[\"https:\/\/www.anresis.ch\/de\/uber-uns\/leitbild\/\"]}]},{\"@type\":\"ImageObject\",\"inLanguage\":\"de\",\"@id\":\"https:\/\/www.anresis.ch\/de\/uber-uns\/leitbild\/#primaryimage\",\"url\":\"https:\/\/www.anresis.ch\/wp-content\/uploads\/2019\/12\/11.svg\",\"contentUrl\":\"https:\/\/www.anresis.ch\/wp-content\/uploads\/2019\/12\/11.svg\"},{\"@type\":\"BreadcrumbList\",\"@id\":\"https:\/\/www.anresis.ch\/de\/uber-uns\/leitbild\/#breadcrumb\",\"itemListElement\":[{\"@type\":\"ListItem\",\"position\":1,\"name\":\"Home\",\"item\":\"https:\/\/www.anresis.ch\/de\/\"},{\"@type\":\"ListItem\",\"position\":2,\"name\":\"\u00dcber uns\",\"item\":\"https:\/\/www.anresis.ch\/de\/uber-uns\/\"},{\"@type\":\"ListItem\",\"position\":3,\"name\":\"Leitbild\"}]},{\"@type\":\"WebSite\",\"@id\":\"https:\/\/www.anresis.ch\/#website\",\"url\":\"https:\/\/www.anresis.ch\/\",\"name\":\"ANRESIS\",\"description\":\"Swiss Centre for Antibiotic Resistance\",\"publisher\":{\"@id\":\"https:\/\/www.anresis.ch\/#organization\"},\"potentialAction\":[{\"@type\":\"SearchAction\",\"target\":{\"@type\":\"EntryPoint\",\"urlTemplate\":\"https:\/\/www.anresis.ch\/?s={search_term_string}\"},\"query-input\":{\"@type\":\"PropertyValueSpecification\",\"valueRequired\":true,\"valueName\":\"search_term_string\"}}],\"inLanguage\":\"de\"},{\"@type\":\"Organization\",\"@id\":\"https:\/\/www.anresis.ch\/#organization\",\"name\":\"ANRESIS\",\"url\":\"https:\/\/www.anresis.ch\/\",\"logo\":{\"@type\":\"ImageObject\",\"inLanguage\":\"de\",\"@id\":\"https:\/\/www.anresis.ch\/#\/schema\/logo\/image\/\",\"url\":\"https:\/\/www.anresis.ch\/wp-content\/uploads\/2019\/12\/anresis_logo.svg\",\"contentUrl\":\"https:\/\/www.anresis.ch\/wp-content\/uploads\/2019\/12\/anresis_logo.svg\",\"caption\":\"ANRESIS\"},\"image\":{\"@id\":\"https:\/\/www.anresis.ch\/#\/schema\/logo\/image\/\"}}]}<\/script>\n<!-- \/ Yoast SEO plugin. -->","yoast_head_json":{"title":"Leitbild - ANRESIS","robots":{"index":"index","follow":"follow","max-snippet":"max-snippet:-1","max-image-preview":"max-image-preview:large","max-video-preview":"max-video-preview:-1"},"canonical":"https:\/\/www.anresis.ch\/de\/uber-uns\/leitbild\/","og_locale":"de_DE","og_type":"article","og_title":"Leitbild - ANRESIS","og_url":"https:\/\/www.anresis.ch\/de\/uber-uns\/leitbild\/","og_site_name":"ANRESIS","article_modified_time":"2025-01-31T07:52:36+00:00","twitter_card":"summary_large_image","twitter_misc":{"Gesch\u00e4tzte Lesezeit":"1\u00a0Minute"},"schema":{"@context":"https:\/\/schema.org","@graph":[{"@type":"WebPage","@id":"https:\/\/www.anresis.ch\/de\/uber-uns\/leitbild\/","url":"https:\/\/www.anresis.ch\/de\/uber-uns\/leitbild\/","name":"Leitbild - ANRESIS","isPartOf":{"@id":"https:\/\/www.anresis.ch\/#website"},"primaryImageOfPage":{"@id":"https:\/\/www.anresis.ch\/de\/uber-uns\/leitbild\/#primaryimage"},"image":{"@id":"https:\/\/www.anresis.ch\/de\/uber-uns\/leitbild\/#primaryimage"},"thumbnailUrl":"https:\/\/www.anresis.ch\/wp-content\/uploads\/2019\/12\/11.svg","datePublished":"2019-12-03T14:48:20+00:00","dateModified":"2025-01-31T07:52:36+00:00","breadcrumb":{"@id":"https:\/\/www.anresis.ch\/de\/uber-uns\/leitbild\/#breadcrumb"},"inLanguage":"de","potentialAction":[{"@type":"ReadAction","target":["https:\/\/www.anresis.ch\/de\/uber-uns\/leitbild\/"]}]},{"@type":"ImageObject","inLanguage":"de","@id":"https:\/\/www.anresis.ch\/de\/uber-uns\/leitbild\/#primaryimage","url":"https:\/\/www.anresis.ch\/wp-content\/uploads\/2019\/12\/11.svg","contentUrl":"https:\/\/www.anresis.ch\/wp-content\/uploads\/2019\/12\/11.svg"},{"@type":"BreadcrumbList","@id":"https:\/\/www.anresis.ch\/de\/uber-uns\/leitbild\/#breadcrumb","itemListElement":[{"@type":"ListItem","position":1,"name":"Home","item":"https:\/\/www.anresis.ch\/de\/"},{"@type":"ListItem","position":2,"name":"\u00dcber uns","item":"https:\/\/www.anresis.ch\/de\/uber-uns\/"},{"@type":"ListItem","position":3,"name":"Leitbild"}]},{"@type":"WebSite","@id":"https:\/\/www.anresis.ch\/#website","url":"https:\/\/www.anresis.ch\/","name":"ANRESIS","description":"Swiss Centre for Antibiotic Resistance","publisher":{"@id":"https:\/\/www.anresis.ch\/#organization"},"potentialAction":[{"@type":"SearchAction","target":{"@type":"EntryPoint","urlTemplate":"https:\/\/www.anresis.ch\/?s={search_term_string}"},"query-input":{"@type":"PropertyValueSpecification","valueRequired":true,"valueName":"search_term_string"}}],"inLanguage":"de"},{"@type":"Organization","@id":"https:\/\/www.anresis.ch\/#organization","name":"ANRESIS","url":"https:\/\/www.anresis.ch\/","logo":{"@type":"ImageObject","inLanguage":"de","@id":"https:\/\/www.anresis.ch\/#\/schema\/logo\/image\/","url":"https:\/\/www.anresis.ch\/wp-content\/uploads\/2019\/12\/anresis_logo.svg","contentUrl":"https:\/\/www.anresis.ch\/wp-content\/uploads\/2019\/12\/anresis_logo.svg","caption":"ANRESIS"},"image":{"@id":"https:\/\/www.anresis.ch\/#\/schema\/logo\/image\/"}}]}},"_links":{"self":[{"href":"https:\/\/www.anresis.ch\/de\/wp-json\/wp\/v2\/pages\/1037","targetHints":{"allow":["GET"]}}],"collection":[{"href":"https:\/\/www.anresis.ch\/de\/wp-json\/wp\/v2\/pages"}],"about":[{"href":"https:\/\/www.anresis.ch\/de\/wp-json\/wp\/v2\/types\/page"}],"author":[{"embeddable":true,"href":"https:\/\/www.anresis.ch\/de\/wp-json\/wp\/v2\/users\/11"}],"replies":[{"embeddable":true,"href":"https:\/\/www.anresis.ch\/de\/wp-json\/wp\/v2\/comments?post=1037"}],"version-history":[{"count":27,"href":"https:\/\/www.anresis.ch\/de\/wp-json\/wp\/v2\/pages\/1037\/revisions"}],"predecessor-version":[{"id":11005,"href":"https:\/\/www.anresis.ch\/de\/wp-json\/wp\/v2\/pages\/1037\/revisions\/11005"}],"up":[{"embeddable":true,"href":"https:\/\/www.anresis.ch\/de\/wp-json\/wp\/v2\/pages\/943"}],"wp:featuredmedia":[{"embeddable":true,"href":"https:\/\/www.anresis.ch\/de\/wp-json\/wp\/v2\/media\/127"}],"wp:attachment":[{"href":"https:\/\/www.anresis.ch\/de\/wp-json\/wp\/v2\/media?parent=1037"}],"curies":[{"name":"wp","href":"https:\/\/api.w.org\/{rel}","templated":true}]}}