{"id":1021,"date":"2019-12-03T14:45:52","date_gmt":"2019-12-03T14:45:52","guid":{"rendered":"http:\/\/www.anresis.ch\/antibiotic-consumption\/stationary-care\/"},"modified":"2026-02-18T14:34:08","modified_gmt":"2026-02-18T14:34:08","slug":"humanmedizin-stationar","status":"publish","type":"page","link":"https:\/\/www.anresis.ch\/de\/antibiotikaverbrauch\/humanmedizin-stationar\/","title":{"rendered":"Veterin\u00e4rmedizin"},"content":{"rendered":"<div class=\"section inn clip-top\">\n<div class=\"wrapper\">\n<div id=\"accordion\" class=\"noimg\">\n<div class=\"acc-header\" data-tab=\"\">\n<div class=\"acc-headline\">Antibiotika Vertriebsdaten<\/div>\n<p>\t\t\t\t\t\t<span class=\"icon icon-plus\"><\/span><span class=\"icon icon-minus\"><\/span>\n\t\t\t\t\t<\/div>\n<div class=\"acc-content\">\n<div class=\"acc-content-wrap\">\n<div class=\"acc-ct-txt\">\n<p>Im Veterin\u00e4rbereich wird seit 2008 j\u00e4hrlich die Menge vertriebener Antibiotika von den Zulassungsinhaberinnen gemeldet. Die Daten werden im Informationssystem Antibiotika in der Veterin\u00e4rmedizin (IS ABV) erfasst und j\u00e4hrlich publiziert. Erstmals erfolgt die Publikation auf dem BLV-Dashboard und als open data-Datensatz.<\/p>\n<\/div>\n<div class=\"shortcode-wrap\">\n<div class=\"ig-section\">\n<div class=\"wrapper\">\n<div class=\"holder\">\n<div class=\"ig-graphic-layout-single\">\n<div class=\"ig-item block-article graphic-placement-right graphic-size-fullwidth graphic-layout-single\">\n<div class=\"row\">\n<div class=\"ig-content-col txt-wrap\">\n<h3>Vertriebene Antibiotikamengen in Tierarzneimitteln nach Wirkstoffklasse.<\/p>\n<p> F\u00fcr mehr Informationen und Darstellungen \u00fcber Vertriebsdaten klicken Sie   <a href=\"https:\/\/www.dashboard.blv.admin.ch\/animals\/veterinary-medicines\/distribution\" target=\"_blank\" rel=\"noopener\"> hier <\/a>.<\/h3>\n<\/p><\/div>\n<div class=\"ig-mobile-button-holder\">\n\t\t\t\t\t\t\t\t\t<a class=\"button\" href=\"https:\/\/www.anresis.ch\/interactive-graphic.php?src=https:\/\/visualize.admin.ch\/de\/embed\/XIQmrdPlqaGQ\" target=\"_blank\">View interactive graphic<\/a>\n\t\t\t\t\t\t\t\t<\/div>\n<div class=\"ig-embed-col media-wrap\">\n<div class=\"ig-embed\">\n\t\t\t\t\t\t\t\t\t\t<iframe loading=\"lazy\" width=\"600\" height=\"869\" src=\"https:\/\/visualize.admin.ch\/de\/embed\/XIQmrdPlqaGQ\"><\/iframe>\n\t\t\t\t\t\t\t\t\t<\/div>\n<\/p><\/div>\n<\/p><\/div>\n<\/p><\/div>\n<\/p><\/div>\n<\/p><\/div>\n<\/p><\/div>\n<\/p><\/div>\n<\/p><\/div>\n<div class=\"acc-link-wrap\">\n<p>\t\t\t\t\t\t\t\t\t\t\t\t<a class=\"acc-link\" href=\"https:\/\/opendata.swiss\/de\/organization\/bundesamt-fur-lebensmittelsicherheit-und-veterinaerwesen-blv\" target=\"_self\">Opendata-Datensatz<\/a><\/p>\n<p>\t\t\t\t\t\t\t\t\t\t\t\t<a class=\"acc-link\" href=\"https:\/\/www.blv.admin.ch\/blv\/de\/home\/tiere\/publikationen\/statistiken-berichte-tiere.html\" target=\"_blank\">Bericht Antibiotikaverbrauch<\/a><\/p><\/div>\n<p>\t\t\t\t\t\t\t\t\t\t\t\t\t\t<span class=\"acc-close\">Close<\/span>\n\t\t\t\t\t\t<\/div>\n<\/p><\/div>\n<div class=\"acc-header\" data-tab=\"\">\n<div class=\"acc-headline\">Antibiotika Verschreibungsdaten<\/div>\n<p>\t\t\t\t\t\t<span class=\"icon icon-plus\"><\/span><span class=\"icon icon-minus\"><\/span>\n\t\t\t\t\t<\/div>\n<div class=\"acc-content\">\n<div class=\"acc-content-wrap\">\n<div class=\"acc-ct-txt\">\n<p>Im Jahr 2022 wurden erstmals Daten zur Verschreibung von Antibiotika bei Tieren in der Schweiz ver\u00f6ffentlicht. Seit 2019 sind Tier\u00e4rztinnen und Tier\u00e4rzte verpflichtet, alle Verschreibungen von Antibiotika sowohl f\u00fcr Nutztiere als auch f\u00fcr Heimtiere an das Informationssystem f\u00fcr Antibiotika in der Veterin\u00e4rmedizin (IS ABV) zu melden. <a href=\"https:\/\/www.blv.admin.ch\/blv\/de\/home\/tiere\/tierarzneimittel\/antibiotika\/isabv.html\">Details zum IS ABV<\/a> finden Sie auf der Website des BLV.<\/p>\n<p>Die Daten werden j\u00e4hrlich publiziert. Erstmals erfolgt die Publikation auf dem BLV-Dashboard und als open data-Datensatz.<\/p>\n<\/div>\n<div class=\"shortcode-wrap\">\n<div class=\"ig-section\">\n<div class=\"wrapper\">\n<div class=\"holder\">\n<div class=\"ig-graphic-layout-single\">\n<div class=\"ig-item block-article graphic-placement-right graphic-size-fullwidth graphic-layout-single\">\n<div class=\"row\">\n<div class=\"ig-content-col txt-wrap\">\n<h3>\u00dcbersicht \u00fcber die Anzahl Tierbehandlungen pro Tierart <\/p>\n<p> F\u00fcr mehr Informationen klicken Sie  <a href=\"https:\/\/www.dashboard.blv.admin.ch\/animals\/veterinary-medicines\/antibiotic_consumption\" target=\"_blank\" rel=\"noopener\"> hier <\/a>.<\/h3>\n<\/p><\/div>\n<div class=\"ig-mobile-button-holder\">\n\t\t\t\t\t\t\t\t\t<a class=\"button\" href=\"https:\/\/www.anresis.ch\/interactive-graphic.php?src=https:\/\/visualize.admin.ch\/de\/embed\/519832dJIArh\" target=\"_blank\">View interactive graphic<\/a>\n\t\t\t\t\t\t\t\t<\/div>\n<div class=\"ig-embed-col media-wrap\">\n<div class=\"ig-embed\">\n\t\t\t\t\t\t\t\t\t\t<iframe loading=\"lazy\" width=\"600\" height=\"927\" src=\"https:\/\/visualize.admin.ch\/de\/embed\/519832dJIArh\"><\/iframe>\n\t\t\t\t\t\t\t\t\t<\/div>\n<\/p><\/div>\n<\/p><\/div>\n<\/p><\/div>\n<\/p><\/div>\n<\/p><\/div>\n<\/p><\/div>\n<\/p><\/div>\n<\/p><\/div>\n<div class=\"shortcode-wrap\">\n<div class=\"ig-section\">\n<div class=\"wrapper\">\n<div class=\"holder\">\n<div class=\"ig-graphic-layout-single\">\n<div class=\"ig-item block-article graphic-placement-right graphic-size-fullwidth graphic-layout-single\">\n<div class=\"row\">\n<div class=\"ig-content-col txt-wrap\">\n<h3>J\u00e4hrliche verschriebene Antibiotikawirkstoffmengen (kg) nach Tierart. <\/p>\n<p> F\u00fcr mehr Informationen und Darstellungen \u00fcber Verschreibungsdaten klicken Sie <a href=\"https:\/\/www.dashboard.blv.admin.ch\/animals\/veterinary-medicines\/antibiotic_consumption\" target=\"_blank\" rel=\"noopener\"> hier <\/a>.<\/h3>\n<\/p><\/div>\n<div class=\"ig-mobile-button-holder\">\n\t\t\t\t\t\t\t\t\t<a class=\"button\" href=\"https:\/\/www.anresis.ch\/interactive-graphic.php?src=https:\/\/visualize.admin.ch\/de\/embed\/NADRAsLzo7wH\" target=\"_blank\">View interactive graphic<\/a>\n\t\t\t\t\t\t\t\t<\/div>\n<div class=\"ig-embed-col media-wrap\">\n<div class=\"ig-embed\">\n\t\t\t\t\t\t\t\t\t\t<iframe loading=\"lazy\" width=\"600\" height=\"955\" src=\"https:\/\/visualize.admin.ch\/de\/embed\/NADRAsLzo7wH\"><\/iframe>\n\t\t\t\t\t\t\t\t\t<\/div>\n<\/p><\/div>\n<\/p><\/div>\n<\/p><\/div>\n<\/p><\/div>\n<\/p><\/div>\n<\/p><\/div>\n<\/p><\/div>\n<\/p><\/div>\n<div class=\"acc-link-wrap\">\n<p>\t\t\t\t\t\t\t\t\t\t\t\t<a class=\"acc-link\" href=\"https:\/\/opendata.swiss\/de\/organization\/bundesamt-fur-lebensmittelsicherheit-und-veterinaerwesen-blv\" target=\"_self\">Opendata-Datensatz<\/a><\/p>\n<p>\t\t\t\t\t\t\t\t\t\t\t\t<a class=\"acc-link\" href=\"https:\/\/www.blv.admin.ch\/blv\/de\/home\/tiere\/publikationen\/statistiken-berichte-tiere.html\" target=\"_self\">Bericht Antibiotikaverbrauch<\/a><\/p><\/div>\n<p>\t\t\t\t\t\t\t\t\t\t\t\t\t\t<span class=\"acc-close\">Close<\/span>\n\t\t\t\t\t\t<\/div>\n<\/p><\/div>\n<\/p><\/div>\n<\/p><\/div>\n<\/p><\/div>\n","protected":false},"excerpt":{"rendered":"","protected":false},"author":11,"featured_media":816,"parent":5650,"menu_order":2,"comment_status":"closed","ping_status":"closed","template":"","meta":{"_acf_changed":false,"inline_featured_image":false,"footnotes":""},"class_list":["post-1021","page","type-page","status-publish","has-post-thumbnail","hentry"],"acf":[],"yoast_head":"<!-- This site is optimized with the Yoast SEO plugin v27.3 - https:\/\/yoast.com\/product\/yoast-seo-wordpress\/ -->\n<title>Veterin\u00e4rmedizin - ANRESIS<\/title>\n<meta name=\"robots\" content=\"index, follow, max-snippet:-1, max-image-preview:large, max-video-preview:-1\" \/>\n<link rel=\"canonical\" href=\"https:\/\/www.anresis.ch\/de\/antibiotikaverbrauch\/humanmedizin-stationar\/\" \/>\n<meta property=\"og:locale\" content=\"de_DE\" \/>\n<meta property=\"og:type\" content=\"article\" \/>\n<meta property=\"og:title\" content=\"Veterin\u00e4rmedizin - ANRESIS\" \/>\n<meta property=\"og:url\" content=\"https:\/\/www.anresis.ch\/de\/antibiotikaverbrauch\/humanmedizin-stationar\/\" \/>\n<meta property=\"og:site_name\" content=\"ANRESIS\" \/>\n<meta property=\"article:modified_time\" content=\"2026-02-18T14:34:08+00:00\" \/>\n<meta name=\"twitter:card\" content=\"summary_large_image\" \/>\n<meta name=\"twitter:label1\" content=\"Gesch\u00e4tzte Lesezeit\" \/>\n\t<meta name=\"twitter:data1\" content=\"1\u00a0Minute\" \/>\n<script type=\"application\/ld+json\" class=\"yoast-schema-graph\">{\"@context\":\"https:\\\/\\\/schema.org\",\"@graph\":[{\"@type\":\"WebPage\",\"@id\":\"https:\\\/\\\/www.anresis.ch\\\/de\\\/antibiotikaverbrauch\\\/humanmedizin-stationar\\\/\",\"url\":\"https:\\\/\\\/www.anresis.ch\\\/de\\\/antibiotikaverbrauch\\\/humanmedizin-stationar\\\/\",\"name\":\"Veterin\u00e4rmedizin - ANRESIS\",\"isPartOf\":{\"@id\":\"https:\\\/\\\/www.anresis.ch\\\/#website\"},\"primaryImageOfPage\":{\"@id\":\"https:\\\/\\\/www.anresis.ch\\\/de\\\/antibiotikaverbrauch\\\/humanmedizin-stationar\\\/#primaryimage\"},\"image\":{\"@id\":\"https:\\\/\\\/www.anresis.ch\\\/de\\\/antibiotikaverbrauch\\\/humanmedizin-stationar\\\/#primaryimage\"},\"thumbnailUrl\":\"https:\\\/\\\/www.anresis.ch\\\/wp-content\\\/uploads\\\/2019\\\/12\\\/4-5.svg\",\"datePublished\":\"2019-12-03T14:45:52+00:00\",\"dateModified\":\"2026-02-18T14:34:08+00:00\",\"breadcrumb\":{\"@id\":\"https:\\\/\\\/www.anresis.ch\\\/de\\\/antibiotikaverbrauch\\\/humanmedizin-stationar\\\/#breadcrumb\"},\"inLanguage\":\"de\",\"potentialAction\":[{\"@type\":\"ReadAction\",\"target\":[\"https:\\\/\\\/www.anresis.ch\\\/de\\\/antibiotikaverbrauch\\\/humanmedizin-stationar\\\/\"]}]},{\"@type\":\"ImageObject\",\"inLanguage\":\"de\",\"@id\":\"https:\\\/\\\/www.anresis.ch\\\/de\\\/antibiotikaverbrauch\\\/humanmedizin-stationar\\\/#primaryimage\",\"url\":\"https:\\\/\\\/www.anresis.ch\\\/wp-content\\\/uploads\\\/2019\\\/12\\\/4-5.svg\",\"contentUrl\":\"https:\\\/\\\/www.anresis.ch\\\/wp-content\\\/uploads\\\/2019\\\/12\\\/4-5.svg\"},{\"@type\":\"BreadcrumbList\",\"@id\":\"https:\\\/\\\/www.anresis.ch\\\/de\\\/antibiotikaverbrauch\\\/humanmedizin-stationar\\\/#breadcrumb\",\"itemListElement\":[{\"@type\":\"ListItem\",\"position\":1,\"name\":\"Home\",\"item\":\"https:\\\/\\\/www.anresis.ch\\\/de\\\/\"},{\"@type\":\"ListItem\",\"position\":2,\"name\":\"Antibiotikaverbrauch\",\"item\":\"https:\\\/\\\/www.anresis.ch\\\/de\\\/antibiotikaverbrauch\\\/\"},{\"@type\":\"ListItem\",\"position\":3,\"name\":\"Veterin\u00e4rmedizin\"}]},{\"@type\":\"WebSite\",\"@id\":\"https:\\\/\\\/www.anresis.ch\\\/#website\",\"url\":\"https:\\\/\\\/www.anresis.ch\\\/\",\"name\":\"ANRESIS\",\"description\":\"Swiss Centre for Antibiotic Resistance\",\"publisher\":{\"@id\":\"https:\\\/\\\/www.anresis.ch\\\/#organization\"},\"potentialAction\":[{\"@type\":\"SearchAction\",\"target\":{\"@type\":\"EntryPoint\",\"urlTemplate\":\"https:\\\/\\\/www.anresis.ch\\\/?s={search_term_string}\"},\"query-input\":{\"@type\":\"PropertyValueSpecification\",\"valueRequired\":true,\"valueName\":\"search_term_string\"}}],\"inLanguage\":\"de\"},{\"@type\":\"Organization\",\"@id\":\"https:\\\/\\\/www.anresis.ch\\\/#organization\",\"name\":\"ANRESIS\",\"url\":\"https:\\\/\\\/www.anresis.ch\\\/\",\"logo\":{\"@type\":\"ImageObject\",\"inLanguage\":\"de\",\"@id\":\"https:\\\/\\\/www.anresis.ch\\\/#\\\/schema\\\/logo\\\/image\\\/\",\"url\":\"https:\\\/\\\/www.anresis.ch\\\/wp-content\\\/uploads\\\/2019\\\/12\\\/anresis_logo.svg\",\"contentUrl\":\"https:\\\/\\\/www.anresis.ch\\\/wp-content\\\/uploads\\\/2019\\\/12\\\/anresis_logo.svg\",\"caption\":\"ANRESIS\"},\"image\":{\"@id\":\"https:\\\/\\\/www.anresis.ch\\\/#\\\/schema\\\/logo\\\/image\\\/\"}}]}<\/script>\n<!-- \/ Yoast SEO plugin. -->","yoast_head_json":{"title":"Veterin\u00e4rmedizin - ANRESIS","robots":{"index":"index","follow":"follow","max-snippet":"max-snippet:-1","max-image-preview":"max-image-preview:large","max-video-preview":"max-video-preview:-1"},"canonical":"https:\/\/www.anresis.ch\/de\/antibiotikaverbrauch\/humanmedizin-stationar\/","og_locale":"de_DE","og_type":"article","og_title":"Veterin\u00e4rmedizin - ANRESIS","og_url":"https:\/\/www.anresis.ch\/de\/antibiotikaverbrauch\/humanmedizin-stationar\/","og_site_name":"ANRESIS","article_modified_time":"2026-02-18T14:34:08+00:00","twitter_card":"summary_large_image","twitter_misc":{"Gesch\u00e4tzte Lesezeit":"1\u00a0Minute"},"schema":{"@context":"https:\/\/schema.org","@graph":[{"@type":"WebPage","@id":"https:\/\/www.anresis.ch\/de\/antibiotikaverbrauch\/humanmedizin-stationar\/","url":"https:\/\/www.anresis.ch\/de\/antibiotikaverbrauch\/humanmedizin-stationar\/","name":"Veterin\u00e4rmedizin - ANRESIS","isPartOf":{"@id":"https:\/\/www.anresis.ch\/#website"},"primaryImageOfPage":{"@id":"https:\/\/www.anresis.ch\/de\/antibiotikaverbrauch\/humanmedizin-stationar\/#primaryimage"},"image":{"@id":"https:\/\/www.anresis.ch\/de\/antibiotikaverbrauch\/humanmedizin-stationar\/#primaryimage"},"thumbnailUrl":"https:\/\/www.anresis.ch\/wp-content\/uploads\/2019\/12\/4-5.svg","datePublished":"2019-12-03T14:45:52+00:00","dateModified":"2026-02-18T14:34:08+00:00","breadcrumb":{"@id":"https:\/\/www.anresis.ch\/de\/antibiotikaverbrauch\/humanmedizin-stationar\/#breadcrumb"},"inLanguage":"de","potentialAction":[{"@type":"ReadAction","target":["https:\/\/www.anresis.ch\/de\/antibiotikaverbrauch\/humanmedizin-stationar\/"]}]},{"@type":"ImageObject","inLanguage":"de","@id":"https:\/\/www.anresis.ch\/de\/antibiotikaverbrauch\/humanmedizin-stationar\/#primaryimage","url":"https:\/\/www.anresis.ch\/wp-content\/uploads\/2019\/12\/4-5.svg","contentUrl":"https:\/\/www.anresis.ch\/wp-content\/uploads\/2019\/12\/4-5.svg"},{"@type":"BreadcrumbList","@id":"https:\/\/www.anresis.ch\/de\/antibiotikaverbrauch\/humanmedizin-stationar\/#breadcrumb","itemListElement":[{"@type":"ListItem","position":1,"name":"Home","item":"https:\/\/www.anresis.ch\/de\/"},{"@type":"ListItem","position":2,"name":"Antibiotikaverbrauch","item":"https:\/\/www.anresis.ch\/de\/antibiotikaverbrauch\/"},{"@type":"ListItem","position":3,"name":"Veterin\u00e4rmedizin"}]},{"@type":"WebSite","@id":"https:\/\/www.anresis.ch\/#website","url":"https:\/\/www.anresis.ch\/","name":"ANRESIS","description":"Swiss Centre for Antibiotic Resistance","publisher":{"@id":"https:\/\/www.anresis.ch\/#organization"},"potentialAction":[{"@type":"SearchAction","target":{"@type":"EntryPoint","urlTemplate":"https:\/\/www.anresis.ch\/?s={search_term_string}"},"query-input":{"@type":"PropertyValueSpecification","valueRequired":true,"valueName":"search_term_string"}}],"inLanguage":"de"},{"@type":"Organization","@id":"https:\/\/www.anresis.ch\/#organization","name":"ANRESIS","url":"https:\/\/www.anresis.ch\/","logo":{"@type":"ImageObject","inLanguage":"de","@id":"https:\/\/www.anresis.ch\/#\/schema\/logo\/image\/","url":"https:\/\/www.anresis.ch\/wp-content\/uploads\/2019\/12\/anresis_logo.svg","contentUrl":"https:\/\/www.anresis.ch\/wp-content\/uploads\/2019\/12\/anresis_logo.svg","caption":"ANRESIS"},"image":{"@id":"https:\/\/www.anresis.ch\/#\/schema\/logo\/image\/"}}]}},"_links":{"self":[{"href":"https:\/\/www.anresis.ch\/de\/wp-json\/wp\/v2\/pages\/1021","targetHints":{"allow":["GET"]}}],"collection":[{"href":"https:\/\/www.anresis.ch\/de\/wp-json\/wp\/v2\/pages"}],"about":[{"href":"https:\/\/www.anresis.ch\/de\/wp-json\/wp\/v2\/types\/page"}],"author":[{"embeddable":true,"href":"https:\/\/www.anresis.ch\/de\/wp-json\/wp\/v2\/users\/11"}],"replies":[{"embeddable":true,"href":"https:\/\/www.anresis.ch\/de\/wp-json\/wp\/v2\/comments?post=1021"}],"version-history":[{"count":116,"href":"https:\/\/www.anresis.ch\/de\/wp-json\/wp\/v2\/pages\/1021\/revisions"}],"predecessor-version":[{"id":12508,"href":"https:\/\/www.anresis.ch\/de\/wp-json\/wp\/v2\/pages\/1021\/revisions\/12508"}],"up":[{"embeddable":true,"href":"https:\/\/www.anresis.ch\/de\/wp-json\/wp\/v2\/pages\/5650"}],"wp:featuredmedia":[{"embeddable":true,"href":"https:\/\/www.anresis.ch\/de\/wp-json\/wp\/v2\/media\/816"}],"wp:attachment":[{"href":"https:\/\/www.anresis.ch\/de\/wp-json\/wp\/v2\/media?parent=1021"}],"curies":[{"name":"wp","href":"https:\/\/api.w.org\/{rel}","templated":true}]}}