{"id":1011,"date":"2019-12-03T14:43:52","date_gmt":"2019-12-03T14:43:52","guid":{"rendered":"http:\/\/www.anresis.ch\/antibiotika-resistenz\/methods\/"},"modified":"2026-03-24T08:15:30","modified_gmt":"2026-03-24T08:15:30","slug":"methods","status":"publish","type":"page","link":"https:\/\/www.anresis.ch\/de\/antibiotikaresistenz\/methods\/","title":{"rendered":"Methoden"},"content":{"rendered":"\t<div class=\"section clip-top-1\">\r\n        <div class=\"wrapper\">\r\n            <div class=\"intro\">\r\n                <div class=\"intro-txt\">\r\n                \t<h2 class=\"headline\">Resistenzdaten Humanmedizin<\/h2>\n<p>ANRESIS sammelt und analysiert die anonymisierten Resistenzdaten einer repr\u00e4sentativen Auswahl aller <a href=\"https:\/\/www.anresis.ch\/de\/antibiotikaresistenz\/laboratories\/\">schweizerischen Mikrobiologielaboratorien<\/a> (<a href=\"https:\/\/www.anresis.ch\/wp-content\/uploads\/2025\/01\/Privacy_Statement_2025_BAG-ANRESIS_web.pdf\" target=\"_blank\" rel=\"noopener\">Datenschutzerkl\u00e4rung<\/a>). Die Resistenzdaten stammen aus Routineanalysen und werden ungepr\u00fcft \u00fcbernommen wie berichtet. Die Daten repr\u00e4sentieren ungef\u00e4hr 90% der j\u00e4hrlichen Spitaltage (siehe <a href=\"https:\/\/www.anresis.ch\/shinyapps\/Resistance\/anresiscoverage\/\" target=\"_blank\" rel=\"noopener\">interaktive Grafik<\/a>) und mindestens 50% der Proben aller Privatpraxen. Spit\u00e4ler, die mindestens eine Probe pro Bett und Jahr liefern, werden als eingeschlossen beurteilt. Beim Einlesen der Daten durchlaufen diese verschieden <a href=\"https:\/\/www.anresis.ch\/wp-content\/uploads\/2026\/01\/ANRESIS-Algorithms-v1.1-20160204.pdf\">Algorithmen<\/a>, wie z.B. zur Identifikation von Duplikaten. Die epidemiologischen Daten erm\u00f6glichen eine Stratifikation nach station\u00e4ren und ambulanten Proben, nach Material (Ort der Probeentnahme) und Altersgruppen. In einem <a href=\"https:\/\/www.anresis.ch\/shinyapps\/Resistance\/samplecount\/\" target=\"_blank\" rel=\"noopener\">Balkendiagramm<\/a> kann die j\u00e4hrliche Anzahl der Isolate angezeigt werden, f\u00fcr die Daten an ANRESIS \u00fcbermittelt werden.<\/p>\n<h2 class=\"headline\">Resistenzdaten Veterin\u00e4rmedizin<\/h2>\n<p>Das Programm zur Resistenz\u00fcberwachung bei Nutztieren und Fleisch wird j\u00e4hrlich f\u00fcr bestimmte Krankheitserreger bei Schweinen, Rindern, Gefl\u00fcgel und Puten festgelegt. Seit 2016 werden stratifizierte Zufallsstichproben entnommen. Die Probenahme erfolgt gleichm\u00e4\u00dfig \u00fcber das ganze Jahr verteilt und basiert auf einem f\u00fcr Fleischuntersuchungen erstellten Beprobungsplan. Die Proben werden in den zwei gr\u00f6\u00dften Gefl\u00fcgelschlachth\u00f6fen, sowie in den vier gr\u00f6\u00dften Schweine- und den f\u00fcnf gr\u00f6\u00dften Rinderschlachth\u00f6fen entnommen. Jeder Schlachthof, der am Programm teilnimmt, sammelt eine Anzahl von Proben, die proportional zur Anzahl der j\u00e4hrlich geschlachteten Tiere der betreffenden Art ist. Die Proben werden zur weiteren Analyse an das nationale Referenzlabor f\u00fcr Antibiotikaresistenz <a href=\"https:\/\/www.zoba.unibe.ch\/\">ZOBA<\/a> der Vetsuisse-Fakult\u00e4t der Universit\u00e4t Bern geschickt. Gem\u00e4ss der europ\u00e4ischen Gesetzgebung werden Fleischproben von frischem, gek\u00fchltem, verpacktem und unbehandeltem Fleisch entnommen, das im Einzelhandel verkauft wird. Die Proben werden das ganze Jahr \u00fcber in allen Schweizer Kantonen entnommen. Beim angewandten Beprobungsplan wurden die Bev\u00f6lkerungsdichte jedes Kantons und die Marktanteile der Einzelh\u00e4ndler ber\u00fccksichtigt. Dar\u00fcber hinaus wurde der Anteil von importiertem und im Inland erzeugtem Fleisch innerhalb jeder Fleischkategorie im Beprobungsplan beachtet.<\/p>\n<p>Das Programm zur Resistenz\u00fcberwachung bei kranken Tieren wurde 2019 initiiert und 2022 konsolidiert, um Kombinationen von Krankheitserregern\/Tieren und Indikationen einzubeziehen, die in der Veterin\u00e4rmedizin von Bedeutung sind. Die St\u00e4mme werden aus diagnostischen Einsendungen fast aller veterin\u00e4rmedizinischen Diagnoselabore der Schweiz (universit\u00e4re, kantonale, private) isoliert, um eine gute Repr\u00e4sentativit\u00e4t der Ergebnisse zu erreichen.<\/p>\n<p>Die Bestimmung der minimalen Hemmkonzentrationen (MHK) wird im nationalen Referenzlabor der Schweiz (<a href=\"https:\/\/www.zoba.unibe.ch\/\">ZOBA<\/a>) durchgef\u00fchrt.<\/p>\n                <\/div>\r\n            <\/div>\r\n        <\/div>\r\n    <\/div>\r\n\n\n\t<div class=\"section dark-grey\">\r\n\t\t<div class=\"wrapper\">\r\n\t\t\t\t\t\t\t<h3 class=\"reverse text-align-center\">ANRESIS sammelt kontinuierlich alle anonymisierten Resistenzdaten aus der Routine-Diagnostik und Antibiotikakonsumdaten von<\/h3>\r\n\t\t\t\t\t\t\t\t\t\t<div class=\"stat-wrapper\">\r\n\t\t\t\t\t\t\t\t\t\t\t\t\t\t\t\t\t\t<div class=\"stat\">\r\n\t\t\t\t\t\t\t\t<span class=\"stat-sign\">><\/span>\t\t\t\t\t\t\t\t<span class=\"stat-nr\">35<\/span>\t\t\t\t\t\t\t\t<span class=\"stat-value\">Humanmedizinischen Laboratorien<\/span>\t\t\t\t\t\t\t<\/div>\r\n\t\t\t\t\t\t\t\t\t\t\t\t\t\t\t\t\t\t\t\t\t\t\t\t<div class=\"stat\">\r\n\t\t\t\t\t\t\t\t\t\t\t\t\t\t\t\t<span class=\"stat-nr\">10<\/span>\t\t\t\t\t\t\t\t<span class=\"stat-value\">Veterin\u00e4rmedizinischen Laboratorien<\/span>\t\t\t\t\t\t\t<\/div>\r\n\t\t\t\t\t\t\t\t\t\t\t\t\t\t\t\t\t\t\t\t\t\t\t\t<div class=\"stat\">\r\n\t\t\t\t\t\t\t\t<span class=\"stat-sign\">><\/span>\t\t\t\t\t\t\t\t<span class=\"stat-nr\">70<\/span>\t\t\t\t\t\t\t\t<span class=\"stat-value\">Spital-Apotheken<\/span>\t\t\t\t\t\t\t<\/div>\r\n\t\t\t\t\t\t\t\t\t\t\t\t\t\t\t\t\t\t\t\t\t\t\t\t<div class=\"stat\">\r\n\t\t\t\t\t\t\t\t<span class=\"stat-sign\">><\/span>\t\t\t\t\t\t\t\t<span class=\"stat-nr\">1000<\/span>\t\t\t\t\t\t\t\t<span class=\"stat-value\">Apotheken<\/span>\t\t\t\t\t\t\t<\/div>\r\n\t\t\t\t\t\t\t\t\t\t\t\t\t\t\t<\/div>\r\n\t\t\t\t\t<\/div>\r\n\t<\/div>\r\n\r\n\r\n\r\n","protected":false},"excerpt":{"rendered":"","protected":false},"author":11,"featured_media":109,"parent":889,"menu_order":4,"comment_status":"closed","ping_status":"closed","template":"","meta":{"_acf_changed":false,"inline_featured_image":false,"footnotes":""},"class_list":["post-1011","page","type-page","status-publish","has-post-thumbnail","hentry"],"acf":[],"yoast_head":"<!-- This site is optimized with the Yoast SEO plugin v26.7 - https:\/\/yoast.com\/wordpress\/plugins\/seo\/ -->\n<title>Methoden - ANRESIS<\/title>\n<meta name=\"robots\" content=\"index, follow, max-snippet:-1, max-image-preview:large, max-video-preview:-1\" \/>\n<link rel=\"canonical\" href=\"https:\/\/bacteriocin.anresis.ifik.unibe.ch\/de\/antibiotikaresistenz\/methods\/\" \/>\n<meta property=\"og:locale\" content=\"de_DE\" \/>\n<meta property=\"og:type\" content=\"article\" \/>\n<meta property=\"og:title\" content=\"Methoden - ANRESIS\" \/>\n<meta property=\"og:url\" content=\"https:\/\/bacteriocin.anresis.ifik.unibe.ch\/de\/antibiotikaresistenz\/methods\/\" \/>\n<meta property=\"og:site_name\" content=\"ANRESIS\" \/>\n<meta property=\"article:modified_time\" content=\"2026-03-24T08:15:30+00:00\" \/>\n<meta name=\"twitter:card\" content=\"summary_large_image\" \/>\n<meta name=\"twitter:label1\" content=\"Gesch\u00e4tzte Lesezeit\" \/>\n\t<meta name=\"twitter:data1\" content=\"1\u00a0Minute\" \/>\n<script type=\"application\/ld+json\" class=\"yoast-schema-graph\">{\"@context\":\"https:\/\/schema.org\",\"@graph\":[{\"@type\":\"WebPage\",\"@id\":\"https:\/\/bacteriocin.anresis.ifik.unibe.ch\/de\/antibiotikaresistenz\/methods\/\",\"url\":\"https:\/\/bacteriocin.anresis.ifik.unibe.ch\/de\/antibiotikaresistenz\/methods\/\",\"name\":\"Methoden - ANRESIS\",\"isPartOf\":{\"@id\":\"https:\/\/www.anresis.ch\/#website\"},\"primaryImageOfPage\":{\"@id\":\"https:\/\/bacteriocin.anresis.ifik.unibe.ch\/de\/antibiotikaresistenz\/methods\/#primaryimage\"},\"image\":{\"@id\":\"https:\/\/bacteriocin.anresis.ifik.unibe.ch\/de\/antibiotikaresistenz\/methods\/#primaryimage\"},\"thumbnailUrl\":\"https:\/\/www.anresis.ch\/wp-content\/uploads\/2019\/12\/3-1.svg\",\"datePublished\":\"2019-12-03T14:43:52+00:00\",\"dateModified\":\"2026-03-24T08:15:30+00:00\",\"breadcrumb\":{\"@id\":\"https:\/\/bacteriocin.anresis.ifik.unibe.ch\/de\/antibiotikaresistenz\/methods\/#breadcrumb\"},\"inLanguage\":\"de\",\"potentialAction\":[{\"@type\":\"ReadAction\",\"target\":[\"https:\/\/bacteriocin.anresis.ifik.unibe.ch\/de\/antibiotikaresistenz\/methods\/\"]}]},{\"@type\":\"ImageObject\",\"inLanguage\":\"de\",\"@id\":\"https:\/\/bacteriocin.anresis.ifik.unibe.ch\/de\/antibiotikaresistenz\/methods\/#primaryimage\",\"url\":\"https:\/\/www.anresis.ch\/wp-content\/uploads\/2019\/12\/3-1.svg\",\"contentUrl\":\"https:\/\/www.anresis.ch\/wp-content\/uploads\/2019\/12\/3-1.svg\"},{\"@type\":\"BreadcrumbList\",\"@id\":\"https:\/\/bacteriocin.anresis.ifik.unibe.ch\/de\/antibiotikaresistenz\/methods\/#breadcrumb\",\"itemListElement\":[{\"@type\":\"ListItem\",\"position\":1,\"name\":\"Home\",\"item\":\"https:\/\/www.anresis.ch\/de\/\"},{\"@type\":\"ListItem\",\"position\":2,\"name\":\"Antibiotikaresistenz\",\"item\":\"https:\/\/www.anresis.ch\/de\/antibiotikaresistenz\/\"},{\"@type\":\"ListItem\",\"position\":3,\"name\":\"Methoden\"}]},{\"@type\":\"WebSite\",\"@id\":\"https:\/\/www.anresis.ch\/#website\",\"url\":\"https:\/\/www.anresis.ch\/\",\"name\":\"ANRESIS\",\"description\":\"Swiss Centre for Antibiotic Resistance\",\"publisher\":{\"@id\":\"https:\/\/www.anresis.ch\/#organization\"},\"potentialAction\":[{\"@type\":\"SearchAction\",\"target\":{\"@type\":\"EntryPoint\",\"urlTemplate\":\"https:\/\/www.anresis.ch\/?s={search_term_string}\"},\"query-input\":{\"@type\":\"PropertyValueSpecification\",\"valueRequired\":true,\"valueName\":\"search_term_string\"}}],\"inLanguage\":\"de\"},{\"@type\":\"Organization\",\"@id\":\"https:\/\/www.anresis.ch\/#organization\",\"name\":\"ANRESIS\",\"url\":\"https:\/\/www.anresis.ch\/\",\"logo\":{\"@type\":\"ImageObject\",\"inLanguage\":\"de\",\"@id\":\"https:\/\/www.anresis.ch\/#\/schema\/logo\/image\/\",\"url\":\"https:\/\/www.anresis.ch\/wp-content\/uploads\/2019\/12\/anresis_logo.svg\",\"contentUrl\":\"https:\/\/www.anresis.ch\/wp-content\/uploads\/2019\/12\/anresis_logo.svg\",\"caption\":\"ANRESIS\"},\"image\":{\"@id\":\"https:\/\/www.anresis.ch\/#\/schema\/logo\/image\/\"}}]}<\/script>\n<!-- \/ Yoast SEO plugin. -->","yoast_head_json":{"title":"Methoden - ANRESIS","robots":{"index":"index","follow":"follow","max-snippet":"max-snippet:-1","max-image-preview":"max-image-preview:large","max-video-preview":"max-video-preview:-1"},"canonical":"https:\/\/bacteriocin.anresis.ifik.unibe.ch\/de\/antibiotikaresistenz\/methods\/","og_locale":"de_DE","og_type":"article","og_title":"Methoden - ANRESIS","og_url":"https:\/\/bacteriocin.anresis.ifik.unibe.ch\/de\/antibiotikaresistenz\/methods\/","og_site_name":"ANRESIS","article_modified_time":"2026-03-24T08:15:30+00:00","twitter_card":"summary_large_image","twitter_misc":{"Gesch\u00e4tzte Lesezeit":"1\u00a0Minute"},"schema":{"@context":"https:\/\/schema.org","@graph":[{"@type":"WebPage","@id":"https:\/\/bacteriocin.anresis.ifik.unibe.ch\/de\/antibiotikaresistenz\/methods\/","url":"https:\/\/bacteriocin.anresis.ifik.unibe.ch\/de\/antibiotikaresistenz\/methods\/","name":"Methoden - ANRESIS","isPartOf":{"@id":"https:\/\/www.anresis.ch\/#website"},"primaryImageOfPage":{"@id":"https:\/\/bacteriocin.anresis.ifik.unibe.ch\/de\/antibiotikaresistenz\/methods\/#primaryimage"},"image":{"@id":"https:\/\/bacteriocin.anresis.ifik.unibe.ch\/de\/antibiotikaresistenz\/methods\/#primaryimage"},"thumbnailUrl":"https:\/\/www.anresis.ch\/wp-content\/uploads\/2019\/12\/3-1.svg","datePublished":"2019-12-03T14:43:52+00:00","dateModified":"2026-03-24T08:15:30+00:00","breadcrumb":{"@id":"https:\/\/bacteriocin.anresis.ifik.unibe.ch\/de\/antibiotikaresistenz\/methods\/#breadcrumb"},"inLanguage":"de","potentialAction":[{"@type":"ReadAction","target":["https:\/\/bacteriocin.anresis.ifik.unibe.ch\/de\/antibiotikaresistenz\/methods\/"]}]},{"@type":"ImageObject","inLanguage":"de","@id":"https:\/\/bacteriocin.anresis.ifik.unibe.ch\/de\/antibiotikaresistenz\/methods\/#primaryimage","url":"https:\/\/www.anresis.ch\/wp-content\/uploads\/2019\/12\/3-1.svg","contentUrl":"https:\/\/www.anresis.ch\/wp-content\/uploads\/2019\/12\/3-1.svg"},{"@type":"BreadcrumbList","@id":"https:\/\/bacteriocin.anresis.ifik.unibe.ch\/de\/antibiotikaresistenz\/methods\/#breadcrumb","itemListElement":[{"@type":"ListItem","position":1,"name":"Home","item":"https:\/\/www.anresis.ch\/de\/"},{"@type":"ListItem","position":2,"name":"Antibiotikaresistenz","item":"https:\/\/www.anresis.ch\/de\/antibiotikaresistenz\/"},{"@type":"ListItem","position":3,"name":"Methoden"}]},{"@type":"WebSite","@id":"https:\/\/www.anresis.ch\/#website","url":"https:\/\/www.anresis.ch\/","name":"ANRESIS","description":"Swiss Centre for Antibiotic Resistance","publisher":{"@id":"https:\/\/www.anresis.ch\/#organization"},"potentialAction":[{"@type":"SearchAction","target":{"@type":"EntryPoint","urlTemplate":"https:\/\/www.anresis.ch\/?s={search_term_string}"},"query-input":{"@type":"PropertyValueSpecification","valueRequired":true,"valueName":"search_term_string"}}],"inLanguage":"de"},{"@type":"Organization","@id":"https:\/\/www.anresis.ch\/#organization","name":"ANRESIS","url":"https:\/\/www.anresis.ch\/","logo":{"@type":"ImageObject","inLanguage":"de","@id":"https:\/\/www.anresis.ch\/#\/schema\/logo\/image\/","url":"https:\/\/www.anresis.ch\/wp-content\/uploads\/2019\/12\/anresis_logo.svg","contentUrl":"https:\/\/www.anresis.ch\/wp-content\/uploads\/2019\/12\/anresis_logo.svg","caption":"ANRESIS"},"image":{"@id":"https:\/\/www.anresis.ch\/#\/schema\/logo\/image\/"}}]}},"_links":{"self":[{"href":"https:\/\/www.anresis.ch\/de\/wp-json\/wp\/v2\/pages\/1011","targetHints":{"allow":["GET"]}}],"collection":[{"href":"https:\/\/www.anresis.ch\/de\/wp-json\/wp\/v2\/pages"}],"about":[{"href":"https:\/\/www.anresis.ch\/de\/wp-json\/wp\/v2\/types\/page"}],"author":[{"embeddable":true,"href":"https:\/\/www.anresis.ch\/de\/wp-json\/wp\/v2\/users\/11"}],"replies":[{"embeddable":true,"href":"https:\/\/www.anresis.ch\/de\/wp-json\/wp\/v2\/comments?post=1011"}],"version-history":[{"count":33,"href":"https:\/\/www.anresis.ch\/de\/wp-json\/wp\/v2\/pages\/1011\/revisions"}],"predecessor-version":[{"id":12580,"href":"https:\/\/www.anresis.ch\/de\/wp-json\/wp\/v2\/pages\/1011\/revisions\/12580"}],"up":[{"embeddable":true,"href":"https:\/\/www.anresis.ch\/de\/wp-json\/wp\/v2\/pages\/889"}],"wp:featuredmedia":[{"embeddable":true,"href":"https:\/\/www.anresis.ch\/de\/wp-json\/wp\/v2\/media\/109"}],"wp:attachment":[{"href":"https:\/\/www.anresis.ch\/de\/wp-json\/wp\/v2\/media?parent=1011"}],"curies":[{"name":"wp","href":"https:\/\/api.w.org\/{rel}","templated":true}]}}